{"id":52732,"date":"2026-03-20T20:09:52","date_gmt":"2026-03-21T00:09:52","guid":{"rendered":"https:\/\/victoriavynn.ca\/product\/victoria-vynn-hello-base-color-chart-unpainted\/"},"modified":"2026-04-10T15:45:32","modified_gmt":"2026-04-10T19:45:32","slug":"victoria-vynn-hello-base-color-chart-unpainted","status":"publish","type":"product","link":"https:\/\/victoriavynn.ca\/fr\/product\/victoria-vynn-hello-base-color-chart-unpainted\/","title":{"rendered":"Victoria VYNN Hello Base Color Chart (Non peinte)"},"content":{"rendered":"<p>Explorer le <strong>Nuancier non peint de Victoria VYNN Hello Base<\/strong> et personnalisez chaque teinte \u00e0 votre guise. Ce tableau est con\u00e7u pour les proth\u00e9sistes ongulaires, les salons et les professionnels de la beaut\u00e9 qui souhaitent avoir un aper\u00e7u de la gamme de teintes. <strong>Collection Hello Base<\/strong> avant de peindre, d'\u00e9tiqueter ou de cr\u00e9er leur propre exposition personnalis\u00e9e.<\/p>\n\n\n\n<p>Le site <strong>Victoria VYNN Hello Base Nuancier non peint<\/strong> offre un outil de pr\u00e9sentation propre et pratique pour mettre en valeur la collection de mani\u00e8re professionnelle et organis\u00e9e. Il permet aux stylistes de peindre eux-m\u00eames les \u00e9chantillons, ce qui facilite la cr\u00e9ation d'\u00e9chantillons r\u00e9els pour les clients et permet de repr\u00e9senter avec pr\u00e9cision chaque nuance, finition et effet flash.<\/p>\n\n\n\n<p>Parfait pour les salons de coiffure, les consultations et les pr\u00e9sentoirs de vente au d\u00e9tail, ce tableau non peint aide les professionnels \u00e0 cr\u00e9er une exp\u00e9rience client plus interactive tout en conservant leur syst\u00e8me de s\u00e9lection des couleurs propre et visuellement attrayant.<\/p>\n\n\n\n<p>Que vous souhaitiez pr\u00e9senter <strong>bases paillet\u00e9es nude<\/strong>, <strong>teintes \u00e0 effet flash<\/strong>, ou de cr\u00e9er un affichage personnalis\u00e9 pour votre espace de travail, ce tableau est la solution id\u00e9ale pour une finition soign\u00e9e et professionnelle.<\/p>\n\n\n\n<h1 class=\"wp-block-heading\"><strong>Pourquoi choisir le nuancier Hello Base non peint ?<\/strong><\/h1>\n\n\n\n<ul class=\"wp-block-list\">\n<li>Pr\u00eat \u00e0 \u00eatre peint et personnalis\u00e9<\/li>\n\n\n\n<li>Id\u00e9al pour une pr\u00e9sentation professionnelle en salon<\/li>\n\n\n\n<li>Permet de cr\u00e9er des \u00e9chantillons de couleurs r\u00e9elles pr\u00e9cises<\/li>\n\n\n\n<li>Parfait pour les consultations et la s\u00e9lection des teintes<\/li>\n\n\n\n<li>Permet d'organiser votre collection Hello Base<\/li>\n\n\n\n<li>Id\u00e9al pour pr\u00e9senter des bases paillet\u00e9es, nues et \u00e0 effet flash.<\/li>\n<\/ul>\n\n\n\n<hr class=\"wp-block-separator has-alpha-channel-opacity\"\/>\n\n\n\n<h1 class=\"wp-block-heading\"><strong>Parfait pour<\/strong><\/h1>\n\n\n\n<ul class=\"wp-block-list\">\n<li>Salons de manucure<\/li>\n\n\n\n<li>Proth\u00e9sistes ongulaires<\/li>\n\n\n\n<li>Acad\u00e9mies de beaut\u00e9<\/li>\n\n\n\n<li>Pr\u00e9sentoirs de produits<\/li>\n\n\n\n<li>Consultations des clients<\/li>\n<\/ul>","protected":false},"excerpt":{"rendered":"<p>Cr\u00e9ez vos propres \u00e9chantillons personnalis\u00e9s et pr\u00e9sentez les teintes Hello Base de mani\u00e8re professionnelle et organis\u00e9e.<\/p>","protected":false},"featured_media":53045,"comment_status":"open","ping_status":"closed","template":"","meta":{"jetpack_post_was_ever_published":false,"jetpack_publicize_message":"","jetpack_publicize_feature_enabled":true,"jetpack_social_post_already_shared":true,"jetpack_social_options":{"image_generator_settings":{"template":"highway","default_image_id":0,"font":"","enabled":false},"version":2}},"product_brand":[922],"product_cat":[31,978],"product_tag":[979],"class_list":{"0":"post-52732","1":"product","2":"type-product","3":"status-publish","4":"has-post-thumbnail","6":"product_brand-victoria-vynn","7":"product_cat-nail-tools-and-accessories","8":"product_cat-hello-base","9":"product_tag-hello-base","11":"first","12":"instock","13":"taxable","14":"shipping-taxable","15":"purchasable","16":"product-type-simple"},"jetpack_publicize_connections":[],"jetpack-related-posts":[{"id":52720,"url":"https:\/\/victoriavynn.ca\/fr\/product\/victoria-vynn-inside-color-pure-vegan-creamy-hybrid-collection-color-chart-268-277-unpainted\/","url_meta":{"origin":52732,"position":0},"title":"Victoria VYNN Inside Color Pure Vegan Creamy Hybrid Collection Nuancier 268-277 (Non peint)","author":"Serge Sahakian","date":"mars 20, 2026","format":false,"excerpt":"Take creativity into your own hands with the Unpainted Color Chart from the Inside Color Pure Vegan Creamy Hybrid collection by Victoria VYNN. Designed for professionals, salons, and nail enthusiasts, this blank chart allows you to custom-paint and personalize each shade, creating your own real-life color reference. Unlike pre-painted charts,\u2026","rel":"","context":"Similar post","block_context":{"text":"Similar post","link":""},"img":{"alt_text":"un painted color chart painted image 2","src":"https:\/\/i0.wp.com\/victoriavynn.ca\/wp-content\/uploads\/2026\/03\/un-painted-color-chart-painted-image-2.webp?fit=750%2C1000&ssl=1&resize=350%2C200","width":350,"height":200,"srcset":"https:\/\/i0.wp.com\/victoriavynn.ca\/wp-content\/uploads\/2026\/03\/un-painted-color-chart-painted-image-2.webp?fit=750%2C1000&ssl=1&resize=350%2C200 1x, https:\/\/i0.wp.com\/victoriavynn.ca\/wp-content\/uploads\/2026\/03\/un-painted-color-chart-painted-image-2.webp?fit=750%2C1000&ssl=1&resize=525%2C300 1.5x, https:\/\/i0.wp.com\/victoriavynn.ca\/wp-content\/uploads\/2026\/03\/un-painted-color-chart-painted-image-2.webp?fit=750%2C1000&ssl=1&resize=700%2C400 2x"},"classes":[]},{"id":52692,"url":"https:\/\/victoriavynn.ca\/fr\/product\/victoria-vynn-color-chart-insta-gel-unpainted\/","url_meta":{"origin":52732,"position":1},"title":"Victoria VYNN Color Chart Insta Gel (Non peint)","author":"Serge Sahakian","date":"mars 20, 2026","format":false,"excerpt":"Take full control of your color presentation with the Unpainted Color Chart for Insta Gel\u2014designed for professionals who value precision, customization, and creativity. This blank chart allows you to paint each shade yourself, giving you an accurate, real-life representation of every Insta Gel color in your collection. Perfect for nail\u2026","rel":"","context":"Similar post","block_context":{"text":"Similar post","link":""},"img":{"alt_text":"new version of unpainted instagel color chart","src":"https:\/\/i0.wp.com\/victoriavynn.ca\/wp-content\/uploads\/2026\/03\/new-version-of-unpainted-instagel-color-chart.webp?fit=750%2C1000&ssl=1&resize=350%2C200","width":350,"height":200,"srcset":"https:\/\/i0.wp.com\/victoriavynn.ca\/wp-content\/uploads\/2026\/03\/new-version-of-unpainted-instagel-color-chart.webp?fit=750%2C1000&ssl=1&resize=350%2C200 1x, https:\/\/i0.wp.com\/victoriavynn.ca\/wp-content\/uploads\/2026\/03\/new-version-of-unpainted-instagel-color-chart.webp?fit=750%2C1000&ssl=1&resize=525%2C300 1.5x, https:\/\/i0.wp.com\/victoriavynn.ca\/wp-content\/uploads\/2026\/03\/new-version-of-unpainted-instagel-color-chart.webp?fit=750%2C1000&ssl=1&resize=700%2C400 2x"},"classes":[]},{"id":53383,"url":"https:\/\/victoriavynn.ca\/fr\/product\/victoria-vynn-salon-gel-polish-coffee-shop-unpainted-color-chart-445-451\/","url_meta":{"origin":52732,"position":2},"title":"Victoria VYNN Salon Gel Polish Coffee Shop Unpainted Color Chart 445-451","author":"Serge Sahakian","date":"avril 17, 2026","format":false,"excerpt":"","rel":"","context":"Similar post","block_context":{"text":"Similar post","link":""},"img":{"alt_text":"","src":"https:\/\/i0.wp.com\/victoriavynn.ca\/wp-content\/uploads\/2026\/04\/color-chart-gel-polish-coffee-shop.jpg?fit=1200%2C1200&ssl=1&resize=350%2C200","width":350,"height":200,"srcset":"https:\/\/i0.wp.com\/victoriavynn.ca\/wp-content\/uploads\/2026\/04\/color-chart-gel-polish-coffee-shop.jpg?fit=1200%2C1200&ssl=1&resize=350%2C200 1x, https:\/\/i0.wp.com\/victoriavynn.ca\/wp-content\/uploads\/2026\/04\/color-chart-gel-polish-coffee-shop.jpg?fit=1200%2C1200&ssl=1&resize=525%2C300 1.5x, https:\/\/i0.wp.com\/victoriavynn.ca\/wp-content\/uploads\/2026\/04\/color-chart-gel-polish-coffee-shop.jpg?fit=1200%2C1200&ssl=1&resize=700%2C400 2x, https:\/\/i0.wp.com\/victoriavynn.ca\/wp-content\/uploads\/2026\/04\/color-chart-gel-polish-coffee-shop.jpg?fit=1200%2C1200&ssl=1&resize=1050%2C600 3x"},"classes":[]},{"id":53389,"url":"https:\/\/victoriavynn.ca\/fr\/product\/victoria-vynn-salon-gel-polish-candy-shop-unpainted-color-chart-452-458\/","url_meta":{"origin":52732,"position":3},"title":"Victoria VYNN Salon Gel Polish Candy Shop Unpainted Color Chart 452-458","author":"Serge Sahakian","date":"avril 17, 2026","format":false,"excerpt":"","rel":"","context":"Similar post","block_context":{"text":"Similar post","link":""},"img":{"alt_text":"","src":"https:\/\/i0.wp.com\/victoriavynn.ca\/wp-content\/uploads\/2026\/04\/color-chart-gel-polish-candy-shop-452-458.jpg?fit=1200%2C1200&ssl=1&resize=350%2C200","width":350,"height":200,"srcset":"https:\/\/i0.wp.com\/victoriavynn.ca\/wp-content\/uploads\/2026\/04\/color-chart-gel-polish-candy-shop-452-458.jpg?fit=1200%2C1200&ssl=1&resize=350%2C200 1x, https:\/\/i0.wp.com\/victoriavynn.ca\/wp-content\/uploads\/2026\/04\/color-chart-gel-polish-candy-shop-452-458.jpg?fit=1200%2C1200&ssl=1&resize=525%2C300 1.5x, https:\/\/i0.wp.com\/victoriavynn.ca\/wp-content\/uploads\/2026\/04\/color-chart-gel-polish-candy-shop-452-458.jpg?fit=1200%2C1200&ssl=1&resize=700%2C400 2x, https:\/\/i0.wp.com\/victoriavynn.ca\/wp-content\/uploads\/2026\/04\/color-chart-gel-polish-candy-shop-452-458.jpg?fit=1200%2C1200&ssl=1&resize=1050%2C600 3x"},"classes":[]},{"id":52718,"url":"https:\/\/victoriavynn.ca\/fr\/product\/victoria-vynn-inside-color-pure-vegan-creamy-hybrid-collection-color-chart-268-277-painted\/","url_meta":{"origin":52732,"position":4},"title":"Victoria VYNN Inside Color Pure Vegan Creamy Hybrid Collection Nuancier 268-277 (Painted)","author":"Serge Sahakian","date":"mars 20, 2026","format":false,"excerpt":"Discover the full beauty of the Inside Color Pure Creamy Hybrid Collection with the Painted Color Chart by Victoria VYNN. Created to give you a true visual representation of each shade, this chart helps you explore the collection with confidence and choose the perfect colors for every manicure style. Featuring\u2026","rel":"","context":"Similar post","block_context":{"text":"Similar post","link":""},"img":{"alt_text":"color chart painted image 2","src":"https:\/\/i0.wp.com\/victoriavynn.ca\/wp-content\/uploads\/2026\/03\/color-chart-painted-image-2.webp?fit=750%2C1000&ssl=1&resize=350%2C200","width":350,"height":200,"srcset":"https:\/\/i0.wp.com\/victoriavynn.ca\/wp-content\/uploads\/2026\/03\/color-chart-painted-image-2.webp?fit=750%2C1000&ssl=1&resize=350%2C200 1x, https:\/\/i0.wp.com\/victoriavynn.ca\/wp-content\/uploads\/2026\/03\/color-chart-painted-image-2.webp?fit=750%2C1000&ssl=1&resize=525%2C300 1.5x, https:\/\/i0.wp.com\/victoriavynn.ca\/wp-content\/uploads\/2026\/03\/color-chart-painted-image-2.webp?fit=750%2C1000&ssl=1&resize=700%2C400 2x"},"classes":[]},{"id":3092,"url":"https:\/\/victoriavynn.ca\/fr\/product\/victoria-vynn-color-chart-pure-universalunpainted36a\/","url_meta":{"origin":52732,"position":5},"title":"Nuancier Pure Universal Non Peint 36 Clous","author":"Serge Sahakian","date":"ao\u00fbt 18, 2022","format":false,"excerpt":"Mat\u00e9riel de marketing de Victoria VYNN","rel":"","context":"Similar post","block_context":{"text":"Similar post","link":""},"img":{"alt_text":"","src":"https:\/\/i0.wp.com\/victoriavynn.ca\/wp-content\/uploads\/2022\/08\/color-chart-pure-universal-unpainted-36a.jpeg?fit=753%2C753&ssl=1&resize=350%2C200","width":350,"height":200,"srcset":"https:\/\/i0.wp.com\/victoriavynn.ca\/wp-content\/uploads\/2022\/08\/color-chart-pure-universal-unpainted-36a.jpeg?fit=753%2C753&ssl=1&resize=350%2C200 1x, https:\/\/i0.wp.com\/victoriavynn.ca\/wp-content\/uploads\/2022\/08\/color-chart-pure-universal-unpainted-36a.jpeg?fit=753%2C753&ssl=1&resize=525%2C300 1.5x, https:\/\/i0.wp.com\/victoriavynn.ca\/wp-content\/uploads\/2022\/08\/color-chart-pure-universal-unpainted-36a.jpeg?fit=753%2C753&ssl=1&resize=700%2C400 2x"},"classes":[]}],"jetpack_sharing_enabled":true,"_links":{"self":[{"href":"https:\/\/victoriavynn.ca\/fr\/wp-json\/wp\/v2\/product\/52732","targetHints":{"allow":["GET"]}}],"collection":[{"href":"https:\/\/victoriavynn.ca\/fr\/wp-json\/wp\/v2\/product"}],"about":[{"href":"https:\/\/victoriavynn.ca\/fr\/wp-json\/wp\/v2\/types\/product"}],"replies":[{"embeddable":true,"href":"https:\/\/victoriavynn.ca\/fr\/wp-json\/wp\/v2\/comments?post=52732"}],"wp:featuredmedia":[{"embeddable":true,"href":"https:\/\/victoriavynn.ca\/fr\/wp-json\/wp\/v2\/media\/53045"}],"wp:attachment":[{"href":"https:\/\/victoriavynn.ca\/fr\/wp-json\/wp\/v2\/media?parent=52732"}],"wp:term":[{"taxonomy":"product_brand","embeddable":true,"href":"https:\/\/victoriavynn.ca\/fr\/wp-json\/wp\/v2\/product_brand?post=52732"},{"taxonomy":"product_cat","embeddable":true,"href":"https:\/\/victoriavynn.ca\/fr\/wp-json\/wp\/v2\/product_cat?post=52732"},{"taxonomy":"product_tag","embeddable":true,"href":"https:\/\/victoriavynn.ca\/fr\/wp-json\/wp\/v2\/product_tag?post=52732"}],"curies":[{"name":"wp","href":"https:\/\/api.w.org\/{rel}","templated":true}]}}