{"id":52734,"date":"2026-03-20T20:15:51","date_gmt":"2026-03-21T00:15:51","guid":{"rendered":"https:\/\/victoriavynn.ca\/product\/victoria-vynn-5-pack-inside-color-pure-vegan-creamy-273-277-pastel\/"},"modified":"2026-05-06T14:52:42","modified_gmt":"2026-05-06T18:52:42","slug":"victoria-vynn-5-pack-inside-color-pure-vegan-creamy-273-277-pastel","status":"publish","type":"product","link":"https:\/\/victoriavynn.ca\/fr\/product\/victoria-vynn-5-pack-inside-color-pure-vegan-creamy-273-277-pastel\/","title":{"rendered":"Victoria VYNN 5 Pack Inside Color Pure Vegan Creamy 273-277 (Pastel)"},"content":{"rendered":"<figure class=\"wp-block-embed is-type-video is-provider-youtube wp-block-embed-youtube wp-embed-aspect-16-9 wp-has-aspect-ratio\"><div class=\"wp-block-embed__wrapper\">\n<div class=\"lyte-wrapper fourthree\" title=\"Playlist : Inside Color Pure Vegan Hybrid Gel Polish Collection\" style=\"width:480px;max-width:100%;margin:5px;\"><div class=\"lyMe hidef playlist\" id=\"WYL_PLu-w5xQ0N0RU6SIPYh2JVyfYi48YiiTaF\"><div id=\"lyte_PLu-w5xQ0N0RU6SIPYh2JVyfYi48YiiTaF\" data-src=\"https:\/\/i.ytimg.com\/vi\/9W7pz3V1_Dw\/maxresdefault.jpg\" class=\"pL\"><div class=\"tC\"><div class=\"tT\">Playlist : Inside Color Pure Vegan Hybrid Gel Polish Collection<\/div><\/div><div class=\"play\"><\/div><div class=\"ctrl\"><div class=\"Lctrl\"><\/div><div class=\"Rctrl\"><\/div><\/div><\/div><noscript><a href=\"https:\/\/youtube.com\/playlist?list=PLu-w5xQ0N0RU6SIPYh2JVyfYi48YiiTaF\" rel=\"nofollow noopener\" target=\"_blank\"><br \/>Watch this playlist on YouTube<\/a><\/noscript><\/div><\/div>\n<\/div><\/figure>\n\n\n\n<h3 class=\"wp-block-heading\">\u2728 Why You'll Love It<\/h3>\n\n\n\n<ul class=\"wp-block-list\">\n<li><strong>Formule v\u00e9g\u00e9talienne<\/strong> - fabriqu\u00e9 consciemment sans ingr\u00e9dients d'origine animale<\/li>\n\n\n\n<li><strong>Texture cr\u00e9meuse et autonivelante<\/strong> - application uniforme et sans effort<\/li>\n\n\n\n<li><strong>Palette de pastels doux<\/strong> - pour des looks \u00e9l\u00e9gants et modernes<\/li>\n\n\n\n<li><strong>Pinceau de pr\u00e9cision en forme d'\u00e9ventail<\/strong> - une couverture parfaite des cuticules \u00e0 chaque fois<\/li>\n\n\n\n<li><strong>Stabilit\u00e9 des couleurs<\/strong> - r\u00e9sistant au jaunissement pour une fra\u00eecheur durable<\/li>\n\n\n\n<li><strong>Formule \u00e0 faible odeur<\/strong> - confortable pour les clients et les techniciens<\/li>\n\n\n\n<li><strong>Profil de s\u00e9curit\u00e9 renforc\u00e9<\/strong> - comprend un polym\u00e8re biod\u00e9gradable \u00e0 base de cellulose et des ingr\u00e9dients stables avanc\u00e9s<\/li>\n<\/ul>\n\n\n\n<h3 class=\"wp-block-heading\">\ud83d\udc85 Parfait pour<\/h3>\n\n\n\n<ul class=\"wp-block-list\">\n<li>Collections d'ongles pour le printemps et l'\u00e9t\u00e9<\/li>\n\n\n\n<li>Styles nuptiaux et glamour doux<\/li>\n\n\n\n<li>Esth\u00e9tique minimaliste et \u00e9pur\u00e9e des ongles<\/li>\n\n\n\n<li>Couleurs de base et d\u00e9grad\u00e9s pour le nail art<\/li>\n<\/ul>\n\n\n\n<h3 class=\"wp-block-heading\">\ud83c\udfa8 Ce que contient chaque coffret<\/h3>\n\n\n\n<p>Chaque <strong>Collection de 5 paquets<\/strong> comprend une s\u00e9lection harmonieuse de teintes pastel, soigneusement s\u00e9lectionn\u00e9es pour se compl\u00e9ter les unes les autres - il est donc facile de m\u00e9langer, d'assortir et de cr\u00e9er des looks d'ongles coh\u00e9rents.<\/p>\n\n\n\n<hr class=\"wp-block-separator has-alpha-channel-opacity\"\/>\n\n\n\n<h2 class=\"wp-block-heading\">\ud83c\udf3f La beaut\u00e9 propre rencontre la performance professionnelle<\/h2>\n\n\n\n<p>Le site <strong>Ligne Hybride Cr\u00e9meuse Pure Vegan<\/strong> allie innovation et responsabilit\u00e9. Sa formule avanc\u00e9e garantit la durabilit\u00e9, la brillance et le confort, tout en conservant une composition plus propre et plus s\u00fbre pour une utilisation quotidienne en salon.<\/p>\n\n\n\n<hr class=\"wp-block-separator has-alpha-channel-opacity\"\/>","protected":false},"excerpt":{"rendered":"<p>\ud83c\udf38 Pure Vegan Creamy Hybrid - Pastel Collection (5-Pack Sets) Entrez dans un monde de douceur, d'\u00e9l\u00e9gance et d'art de l'ongle moderne avec la Pure Vegan Creamy Hybrid Pastel Collection de Victoria VYNN. Con\u00e7us pour les professionnels et les amateurs de beaut\u00e9, ces sets de 5 couleurs pastel offrent une palette parfaitement \u00e9quilibr\u00e9e de teintes d\u00e9licates et tendance, id\u00e9ales pour les manucures intemporelles, les looks saisonniers et les designs d'ongles cr\u00e9atifs. Chaque couleur est dot\u00e9e d'une formule luxueusement cr\u00e9meuse de densit\u00e9 moyenne, garantissant une application lisse et sans stries, ainsi qu'une couverture parfaite d\u00e8s la premi\u00e8re couche. Que vous cr\u00e9iez des ongles minimalistes ou des nail art complexes, ces pastels offrent un contr\u00f4le et une pr\u00e9cision in\u00e9gal\u00e9s.<\/p>\n<p>Le pack est compos\u00e9 de :<\/p>\n<ul>\n<li><a href=\"https:\/\/victoriavynn.ca\/fr\/produit\/victoria-vynn-pure-vegan-gel-polish-no-273-new-butter\/\">Victoria VYNN Pure Creamy Hybrid Gel Polish No. 273 New Butter<\/a><\/li>\n<li><a href=\"https:\/\/victoriavynn.ca\/fr\/produit\/victoria-vynn-pure-creamy-vegan-gel-polish-no-274-vegreen\/\">Victoria VYNN Pure Creamy Hybrid Gel Polish No. 274 VEGreen<\/a><\/li>\n<li><a href=\"https:\/\/victoriavynn.ca\/fr\/produit\/victoria-vynn-pure-creamy-vegan-gel-polish-no-275-lablue\/\">Victoria VYNN Pure Creamy Hybrid Gel Polish No. 275 LABlue<\/a><\/li>\n<li><a href=\"https:\/\/victoriavynn.ca\/fr\/produit\/victoria-vynn-pure-creamy-vegan-gel-polish-no-276-violed\/\">Victoria VYNN Pure Creamy Hybrid Gel Polish No. 276 VioLED<\/a><\/li>\n<li><a href=\"https:\/\/victoriavynn.ca\/fr\/produit\/victoria-vynn-pure-vegan-gel-polish-no-277-pinkment\/\">Victoria VYNN Pure Creamy Hybrid Gel Polish No. 277 PINKment<\/a><\/li>\n<\/ul>\n<p>Sp\u00e9cifications du produit :<\/p>\n<p><img loading=\"lazy\" decoding=\"async\" class=\"size-full wp-image-9090 alignleft\" src=\"https:\/\/victoriavynn.ca\/wp-content\/uploads\/2022\/09\/VEGAN-FORMULA.webp\" alt=\"VERNIS \u00c0 ONGLES V\u00c9G\u00c9TALIEN\" width=\"125\" height=\"150\" \/><img loading=\"lazy\" decoding=\"async\" class=\"size-full wp-image-52845 alignleft\" src=\"https:\/\/victoriavynn.ca\/wp-content\/uploads\/2026\/03\/creamy-formula-new.webp\" alt=\"FORMULE CR\u00c9MEUSE NOUVEAU\" width=\"125\" height=\"150\" srcset=\"https:\/\/i0.wp.com\/victoriavynn.ca\/wp-content\/uploads\/2026\/03\/creamy-formula-new.webp?w=125&amp;ssl=1 125w, https:\/\/i0.wp.com\/victoriavynn.ca\/wp-content\/uploads\/2026\/03\/creamy-formula-new.webp?resize=10%2C12&amp;ssl=1 10w, https:\/\/i0.wp.com\/victoriavynn.ca\/wp-content\/uploads\/2026\/03\/creamy-formula-new.webp?resize=64%2C77&amp;ssl=1 64w\" sizes=\"auto, (max-width: 125px) 100vw, 125px\" \/><img loading=\"lazy\" decoding=\"async\" class=\"size-full wp-image-8779 alignleft\" src=\"https:\/\/victoriavynn.ca\/wp-content\/uploads\/2022\/12\/FOR-LED-LAMP.webp\" alt=\"VERNIS GEL CR\u00c9MEUX\" width=\"125\" height=\"150\" \/><img loading=\"lazy\" decoding=\"async\" class=\"size-full wp-image-22180 alignleft\" src=\"https:\/\/victoriavynn.ca\/wp-content\/uploads\/2025\/06\/professional-flat-classic-brush.webp\" alt=\"BROSSE CLASSIQUE PLATE PROFESSIONNELLE\" width=\"125\" height=\"150\" srcset=\"https:\/\/i0.wp.com\/victoriavynn.ca\/wp-content\/uploads\/2025\/06\/professional-flat-classic-brush.webp?w=125&amp;ssl=1 125w, https:\/\/i0.wp.com\/victoriavynn.ca\/wp-content\/uploads\/2025\/06\/professional-flat-classic-brush.webp?resize=10%2C12&amp;ssl=1 10w, https:\/\/i0.wp.com\/victoriavynn.ca\/wp-content\/uploads\/2025\/06\/professional-flat-classic-brush.webp?resize=64%2C77&amp;ssl=1 64w\" sizes=\"auto, (max-width: 125px) 100vw, 125px\" \/> \u00a0 \u00a0 \u00a0 \u00a0 \u00a0<\/p>","protected":false},"featured_media":52930,"comment_status":"open","ping_status":"closed","template":"","meta":[],"product_brand":[922],"product_cat":[46],"product_tag":[974],"class_list":{"0":"post-52734","1":"product","2":"type-product","3":"status-publish","4":"has-post-thumbnail","6":"product_brand-victoria-vynn","7":"product_cat-nail-gel-kit","8":"product_tag-inside-color-vegan-pure-creamy-collection","10":"first","11":"outofstock","12":"taxable","13":"shipping-taxable","14":"purchasable","15":"product-type-simple"},"jetpack_sharing_enabled":true,"_links":{"self":[{"href":"https:\/\/victoriavynn.ca\/fr\/wp-json\/wp\/v2\/product\/52734","targetHints":{"allow":["GET"]}}],"collection":[{"href":"https:\/\/victoriavynn.ca\/fr\/wp-json\/wp\/v2\/product"}],"about":[{"href":"https:\/\/victoriavynn.ca\/fr\/wp-json\/wp\/v2\/types\/product"}],"replies":[{"embeddable":true,"href":"https:\/\/victoriavynn.ca\/fr\/wp-json\/wp\/v2\/comments?post=52734"}],"wp:featuredmedia":[{"embeddable":true,"href":"https:\/\/victoriavynn.ca\/fr\/wp-json\/wp\/v2\/media\/52930"}],"wp:attachment":[{"href":"https:\/\/victoriavynn.ca\/fr\/wp-json\/wp\/v2\/media?parent=52734"}],"wp:term":[{"taxonomy":"product_brand","embeddable":true,"href":"https:\/\/victoriavynn.ca\/fr\/wp-json\/wp\/v2\/product_brand?post=52734"},{"taxonomy":"product_cat","embeddable":true,"href":"https:\/\/victoriavynn.ca\/fr\/wp-json\/wp\/v2\/product_cat?post=52734"},{"taxonomy":"product_tag","embeddable":true,"href":"https:\/\/victoriavynn.ca\/fr\/wp-json\/wp\/v2\/product_tag?post=52734"}],"curies":[{"name":"wp","href":"https:\/\/api.w.org\/{rel}","templated":true}]}}