{"id":52736,"date":"2026-03-20T20:15:53","date_gmt":"2026-03-21T00:15:53","guid":{"rendered":"https:\/\/victoriavynn.ca\/product\/victoria-vynn-5-pack-inside-color-pure-vegan-creamy-268-272-pink\/"},"modified":"2026-04-10T15:45:33","modified_gmt":"2026-04-10T19:45:33","slug":"victoria-vynn-5-pack-inside-color-pure-vegan-creamy-268-272-pink","status":"publish","type":"product","link":"https:\/\/victoriavynn.ca\/fr\/product\/victoria-vynn-5-pack-inside-color-pure-vegan-creamy-268-272-pink\/","title":{"rendered":"Victoria VYNN 5 Pack Inside Color Pure Vegan Creamy 268-272 (Pink)"},"content":{"rendered":"<figure class=\"wp-block-embed is-type-video is-provider-youtube wp-block-embed-youtube wp-embed-aspect-16-9 wp-has-aspect-ratio\"><div class=\"wp-block-embed__wrapper\">\n<div class=\"lyte-wrapper fourthree\" title=\"Playlist : Inside Color Pure Vegan Hybrid Gel Polish Collection\" style=\"width:480px;max-width:100%;margin:5px;\"><div class=\"lyMe hidef playlist\" id=\"WYL_PLu-w5xQ0N0RU6SIPYh2JVyfYi48YiiTaF\"><div id=\"lyte_PLu-w5xQ0N0RU6SIPYh2JVyfYi48YiiTaF\" data-src=\"https:\/\/i.ytimg.com\/vi\/9W7pz3V1_Dw\/maxresdefault.jpg\" class=\"pL\"><div class=\"tC\"><div class=\"tT\">Playlist : Inside Color Pure Vegan Hybrid Gel Polish Collection<\/div><\/div><div class=\"play\"><\/div><div class=\"ctrl\"><div class=\"Lctrl\"><\/div><div class=\"Rctrl\"><\/div><\/div><\/div><noscript><a href=\"https:\/\/youtube.com\/playlist?list=PLu-w5xQ0N0RU6SIPYh2JVyfYi48YiiTaF\" rel=\"nofollow noopener\" target=\"_blank\"><br \/>Watch this playlist on YouTube<\/a><\/noscript><\/div><\/div>\n<\/div><\/figure>\n\n\n\n<h3 class=\"wp-block-heading\">\u2728 Why You'll Love It<\/h3>\n\n\n\n<ul class=\"wp-block-list\">\n<li><strong>Formule v\u00e9g\u00e9talienne<\/strong> - sans ingr\u00e9dients d'origine animale<\/li>\n\n\n\n<li><strong>Consistance cr\u00e9meuse et autonivelante<\/strong> - application uniforme et sans d\u00e9faut<\/li>\n\n\n\n<li><strong>Palette de roses s\u00e9lectionn\u00e9e<\/strong> - des roses doux et nus aux tons vifs<\/li>\n\n\n\n<li><strong>Pinceau de pr\u00e9cision en forme d'\u00e9ventail<\/strong> - application parfaite pr\u00e8s des cuticules<\/li>\n\n\n\n<li><strong>Stabilit\u00e9 des couleurs<\/strong> - r\u00e9sistant au jaunissement dans le temps<\/li>\n\n\n\n<li><strong>Formule \u00e0 faible odeur<\/strong> - une exp\u00e9rience plus confortable dans le salon de coiffure<\/li>\n\n\n\n<li><strong>Profil de s\u00e9curit\u00e9 renforc\u00e9<\/strong> - polym\u00e8re biod\u00e9gradable \u00e0 base de cellulose et ingr\u00e9dients stables modernes<\/li>\n<\/ul>\n\n\n\n<hr class=\"wp-block-separator has-alpha-channel-opacity\"\/>\n\n\n\n<h3 class=\"wp-block-heading\">\ud83d\udc85 Parfait pour<\/h3>\n\n\n\n<ul class=\"wp-block-list\">\n<li>Styles d'ongles romantiques et f\u00e9minins<\/li>\n\n\n\n<li>Mariage, baby shower et occasions sp\u00e9ciales<\/li>\n\n\n\n<li>Manucure chic au quotidien<\/li>\n\n\n\n<li>Manucure fran\u00e7aise et ombr\u00e9<\/li>\n\n\n\n<li>Parures roses et tendances saisonni\u00e8res<\/li>\n<\/ul>\n\n\n\n<hr class=\"wp-block-separator has-alpha-channel-opacity\"\/>\n\n\n\n<h3 class=\"wp-block-heading\">\ud83c\udfa8 Ce que contient chaque coffret<\/h3>\n\n\n\n<p>Chaque <strong>Collection de 5 paquets<\/strong> pr\u00e9sente une gamme harmonieuse de teintes roses con\u00e7ues pour se compl\u00e9ter les unes les autres, ce qui vous permet de cr\u00e9er facilement des looks coh\u00e9sifs, des d\u00e9grad\u00e9s et des nail art personnalis\u00e9s.<\/p>\n\n\n\n<hr class=\"wp-block-separator has-alpha-channel-opacity\"\/>\n\n\n\n<h2 class=\"wp-block-heading\">\ud83c\udf3f La beaut\u00e9 propre rencontre la performance professionnelle<\/h2>\n\n\n\n<p>Le site <strong>Ligne Hybride Cr\u00e9meuse Pure Vegan<\/strong> allie une technologie de haute performance \u00e0 une formulation consciente. Attendez-vous \u00e0 une tenue longue dur\u00e9e, \u00e0 une couleur intense et \u00e0 un fini lisse, tout en utilisant une formule con\u00e7ue \u00e0 la fois pour les professionnels et les clients.<\/p>","protected":false},"excerpt":{"rendered":"<p>\ud83d\udc97 Pure Vegan Creamy Hybrid - Pink Collection (5-Pack Sets) C\u00e9l\u00e9brez la f\u00e9minit\u00e9, la confiance et la beaut\u00e9 intemporelle avec la Pure Vegan Creamy Hybrid Pink Collection de Victoria VYNN. Cet ensemble de 5 pi\u00e8ces soigneusement s\u00e9lectionn\u00e9es de teintes roses capture toutes les humeurs - des tons blush doux aux roses vibrants - parfaites pour cr\u00e9er des looks d'ongles \u00e9l\u00e9gants, modernes et accrocheurs. Formul\u00e9e avec une texture riche et cr\u00e9meuse, chaque teinte glisse sans effort sur l'ongle, offrant une couverture lisse et sans stries, ainsi qu'une couleur intense. Qu'il s'agisse d'une manucure d\u00e9licate de tous les jours ou de cr\u00e9ations audacieuses et glamour, cette collection vous offre la polyvalence et la performance que les professionnels attendent.<\/p>\n<p>Le pack est compos\u00e9 de :<\/p>\n<ul>\n<li><a href=\"https:\/\/victoriavynn.ca\/fr\/produit\/victoria-vynn-pure-creamy-hybrid-gel-polish-no-268-almost-pink\/\">Victoria VYNN Pure Creamy Hybrid Gel Polish No. 268 Almost Pink<\/a><\/li>\n<li><a href=\"https:\/\/victoriavynn.ca\/fr\/produit\/victoria-vynn-pure-creamy-hybrid-gel-polish-no-269-pink-cell\/\">Victoria VYNN Pure Creamy Hybrid Gel Polish No. 269 Pink Cell<\/a><\/li>\n<li><a href=\"https:\/\/victoriavynn.ca\/fr\/produit\/victoria-vynn-pure-creamy-vegan-gel-polish-no-270-neo-pink\/\">Victoria VYNN Pure Creamy Hybrid Gel Polish No. 270 Neo Pink<\/a><\/li>\n<li><a href=\"https:\/\/victoriavynn.ca\/fr\/produit\/victoria-vynn-pure-creamy-vegan-gel-polish-no-271-next-pink\/\">Victoria VYNN Pure Creamy Hybrid Gel Polish No. 271 Next Pink<\/a>\u00a0<\/li>\n<li><a href=\"https:\/\/victoriavynn.ca\/fr\/produit\/victoria-vynn-pure-creamy-hybrid-gel-polish-no-272-living-pink\/\">Victoria VYNN Pure Creamy Hybrid Gel Polish No. 272 Living Pink<\/a><\/li>\n<\/ul>\n<p>Sp\u00e9cifications du produit :<\/p>\n<p><img loading=\"lazy\" decoding=\"async\" class=\"size-full wp-image-9090 alignleft\" src=\"https:\/\/victoriavynn.ca\/wp-content\/uploads\/2022\/09\/VEGAN-FORMULA.webp\" alt=\"VERNIS \u00c0 ONGLES V\u00c9G\u00c9TALIEN\" width=\"125\" height=\"150\" \/><img loading=\"lazy\" decoding=\"async\" class=\"size-full wp-image-52845 alignleft\" src=\"https:\/\/victoriavynn.ca\/wp-content\/uploads\/2026\/03\/creamy-formula-new.webp\" alt=\"FORMULE CR\u00c9MEUSE NOUVEAU\" width=\"125\" height=\"150\" srcset=\"https:\/\/i0.wp.com\/victoriavynn.ca\/wp-content\/uploads\/2026\/03\/creamy-formula-new.webp?w=125&amp;ssl=1 125w, https:\/\/i0.wp.com\/victoriavynn.ca\/wp-content\/uploads\/2026\/03\/creamy-formula-new.webp?resize=10%2C12&amp;ssl=1 10w, https:\/\/i0.wp.com\/victoriavynn.ca\/wp-content\/uploads\/2026\/03\/creamy-formula-new.webp?resize=64%2C77&amp;ssl=1 64w\" sizes=\"auto, (max-width: 125px) 100vw, 125px\" \/><img loading=\"lazy\" decoding=\"async\" class=\"size-full wp-image-8779 alignleft\" src=\"https:\/\/victoriavynn.ca\/wp-content\/uploads\/2022\/12\/FOR-LED-LAMP.webp\" alt=\"VERNIS GEL CR\u00c9MEUX\" width=\"125\" height=\"150\" \/><img loading=\"lazy\" decoding=\"async\" class=\"size-full wp-image-22180 alignleft\" src=\"https:\/\/victoriavynn.ca\/wp-content\/uploads\/2025\/06\/professional-flat-classic-brush.webp\" alt=\"BROSSE CLASSIQUE PLATE PROFESSIONNELLE\" width=\"125\" height=\"150\" srcset=\"https:\/\/i0.wp.com\/victoriavynn.ca\/wp-content\/uploads\/2025\/06\/professional-flat-classic-brush.webp?w=125&amp;ssl=1 125w, https:\/\/i0.wp.com\/victoriavynn.ca\/wp-content\/uploads\/2025\/06\/professional-flat-classic-brush.webp?resize=10%2C12&amp;ssl=1 10w, https:\/\/i0.wp.com\/victoriavynn.ca\/wp-content\/uploads\/2025\/06\/professional-flat-classic-brush.webp?resize=64%2C77&amp;ssl=1 64w\" sizes=\"auto, (max-width: 125px) 100vw, 125px\" \/> \u00a0 \u00a0 \u00a0 \u00a0 \u00a0<\/p>","protected":false},"featured_media":52932,"comment_status":"open","ping_status":"closed","template":"","meta":{"jetpack_post_was_ever_published":false,"jetpack_publicize_message":"","jetpack_publicize_feature_enabled":true,"jetpack_social_post_already_shared":true,"jetpack_social_options":{"image_generator_settings":{"template":"highway","default_image_id":0,"font":"","enabled":false},"version":2}},"product_brand":[922],"product_cat":[46],"product_tag":[974],"class_list":{"0":"post-52736","1":"product","2":"type-product","3":"status-publish","4":"has-post-thumbnail","6":"product_brand-victoria-vynn","7":"product_cat-nail-gel-kit","8":"product_tag-inside-color-vegan-pure-creamy-collection","10":"first","11":"instock","12":"taxable","13":"shipping-taxable","14":"purchasable","15":"product-type-simple"},"jetpack_publicize_connections":[],"jetpack-related-posts":[{"id":52734,"url":"https:\/\/victoriavynn.ca\/fr\/product\/victoria-vynn-5-pack-inside-color-pure-vegan-creamy-273-277-pastel\/","url_meta":{"origin":52736,"position":0},"title":"Victoria VYNN 5 Pack Inside Color Pure Vegan Creamy 273-277 (Pastel)","author":"Serge Sahakian","date":"mars 20, 2026","format":false,"excerpt":"\ud83c\udf38 Pure Vegan Creamy Hybrid \u2013 Pastel Collection (5-Pack Sets) Step into a world of softness, elegance, and modern nail artistry with the Pure Vegan Creamy Hybrid Pastel Collection by Victoria VYNN. Designed for professionals and beauty lovers alike, these curated 5-piece pastel sets deliver a perfectly balanced palette of\u2026","rel":"","context":"Similar post","block_context":{"text":"Similar post","link":""},"img":{"alt_text":"pastel final 5 pack in the lan ionside collection","src":"https:\/\/i0.wp.com\/victoriavynn.ca\/wp-content\/uploads\/2026\/03\/pastel-final-5-pack-in-the-lan-ionside-collection.webp?fit=750%2C1000&ssl=1&resize=350%2C200","width":350,"height":200,"srcset":"https:\/\/i0.wp.com\/victoriavynn.ca\/wp-content\/uploads\/2026\/03\/pastel-final-5-pack-in-the-lan-ionside-collection.webp?fit=750%2C1000&ssl=1&resize=350%2C200 1x, https:\/\/i0.wp.com\/victoriavynn.ca\/wp-content\/uploads\/2026\/03\/pastel-final-5-pack-in-the-lan-ionside-collection.webp?fit=750%2C1000&ssl=1&resize=525%2C300 1.5x, https:\/\/i0.wp.com\/victoriavynn.ca\/wp-content\/uploads\/2026\/03\/pastel-final-5-pack-in-the-lan-ionside-collection.webp?fit=750%2C1000&ssl=1&resize=700%2C400 2x"},"classes":[]},{"id":41588,"url":"https:\/\/victoriavynn.ca\/fr\/product\/victoria-vynn-8-pack-fashion-follower-gel-polish-430-437-color-chart\/","url_meta":{"origin":52736,"position":1},"title":"Victoria VYNN 8 Pack Fashion Follower Gel Polish 430-437 + Color Chart","author":"Serge Sahakian","date":"novembre 19, 2025","format":false,"excerpt":"La collection Fashion Follower de Victoria VYNN transforme les tons les plus \u00e0 la mode de la saison en une ligne de vernis gel hautement pigment\u00e9s et parfaits pour les salons de coiffure. Chaque nuance refl\u00e8te le style, l'humeur et la confiance - cr\u00e9\u00e9e pour les artistes et les clients qui aiment s'exprimer par la couleur. Collection : Fashion Follower Le kit comprend : Victoria VYNN...","rel":"","context":"Similar post","block_context":{"text":"Similar post","link":""},"img":{"alt_text":"Victoria vynn gel polish fashion follower 8 pack + Color Chart","src":"https:\/\/i0.wp.com\/victoriavynn.ca\/wp-content\/uploads\/2025\/11\/victoria-vynn-gel-polish-fashion-follower-8-pack-color-chart-.webp?fit=750%2C1000&ssl=1&resize=350%2C200","width":350,"height":200,"srcset":"https:\/\/i0.wp.com\/victoriavynn.ca\/wp-content\/uploads\/2025\/11\/victoria-vynn-gel-polish-fashion-follower-8-pack-color-chart-.webp?fit=750%2C1000&ssl=1&resize=350%2C200 1x, https:\/\/i0.wp.com\/victoriavynn.ca\/wp-content\/uploads\/2025\/11\/victoria-vynn-gel-polish-fashion-follower-8-pack-color-chart-.webp?fit=750%2C1000&ssl=1&resize=525%2C300 1.5x, https:\/\/i0.wp.com\/victoriavynn.ca\/wp-content\/uploads\/2025\/11\/victoria-vynn-gel-polish-fashion-follower-8-pack-color-chart-.webp?fit=750%2C1000&ssl=1&resize=700%2C400 2x"},"classes":[]},{"id":41567,"url":"https:\/\/victoriavynn.ca\/fr\/product\/victoria-vynn-color-chart-fashion-follower-gel-polish-430-437\/","url_meta":{"origin":52736,"position":2},"title":"Victoria VYNN Color Chart Fashion Follower Gel Polish 430-437","author":"Serge Sahakian","date":"novembre 19, 2025","format":false,"excerpt":"La collection Fashion Follower de Victoria VYNN transforme les tons les plus \u00e0 la mode de la saison en une ligne de vernis gel hautement pigment\u00e9s et parfaits pour les salons de coiffure. Chaque nuance refl\u00e8te le style, l'humeur et la confiance - cr\u00e9\u00e9e pour les artistes et les clients qui aiment s'exprimer par la couleur.","rel":"","context":"Similar post","block_context":{"text":"Similar post","link":""},"img":{"alt_text":"Victoria vynn gel polish fashion follower Color Chart","src":"https:\/\/i0.wp.com\/victoriavynn.ca\/wp-content\/uploads\/2025\/11\/victoria-vynn-gel-polish-fashion-follower-color-chart-1-1.webp?fit=750%2C1000&ssl=1&resize=350%2C200","width":350,"height":200,"srcset":"https:\/\/i0.wp.com\/victoriavynn.ca\/wp-content\/uploads\/2025\/11\/victoria-vynn-gel-polish-fashion-follower-color-chart-1-1.webp?fit=750%2C1000&ssl=1&resize=350%2C200 1x, https:\/\/i0.wp.com\/victoriavynn.ca\/wp-content\/uploads\/2025\/11\/victoria-vynn-gel-polish-fashion-follower-color-chart-1-1.webp?fit=750%2C1000&ssl=1&resize=525%2C300 1.5x, https:\/\/i0.wp.com\/victoriavynn.ca\/wp-content\/uploads\/2025\/11\/victoria-vynn-gel-polish-fashion-follower-color-chart-1-1.webp?fit=750%2C1000&ssl=1&resize=700%2C400 2x"},"classes":[]},{"id":41585,"url":"https:\/\/victoriavynn.ca\/fr\/product\/victoria-vynn-gel-polish-no-437-hellovynn\/","url_meta":{"origin":52736,"position":3},"title":"Victoria VYNN Gel Polish No. 437 HelloVynn","author":"Serge Sahakian","date":"novembre 19, 2025","format":false,"excerpt":"Un rose-brun (brun-rose) sensuel qui incarne le \u201cluxe tranquille\u201d. \u00c9l\u00e9gant, doux et tr\u00e8s polyvalent, il est parfait pour les manucures nude raffin\u00e9es, les salons de coiffure accueillants pour les clientes et toutes les personnes qui aiment les couleurs sophistiqu\u00e9es et discr\u00e8tes, tout en conservant un aspect haut de gamme. Collection : Fashion Follower Sp\u00e9cifications du produit :                 Consistance : moyennement \u00e9pais, avec une finition \"auto-nivelante\"....","rel":"","context":"Similar post","block_context":{"text":"Similar post","link":""},"img":{"alt_text":"Victoria vynn gel polish fashion follower no. 437 Hello VYNN","src":"https:\/\/i0.wp.com\/victoriavynn.ca\/wp-content\/uploads\/2025\/11\/victoria-vynn-gel-polish-fashion-follower-no.-437-hello-vynn-.webp?fit=750%2C1000&ssl=1&resize=350%2C200","width":350,"height":200,"srcset":"https:\/\/i0.wp.com\/victoriavynn.ca\/wp-content\/uploads\/2025\/11\/victoria-vynn-gel-polish-fashion-follower-no.-437-hello-vynn-.webp?fit=750%2C1000&ssl=1&resize=350%2C200 1x, https:\/\/i0.wp.com\/victoriavynn.ca\/wp-content\/uploads\/2025\/11\/victoria-vynn-gel-polish-fashion-follower-no.-437-hello-vynn-.webp?fit=750%2C1000&ssl=1&resize=525%2C300 1.5x, https:\/\/i0.wp.com\/victoriavynn.ca\/wp-content\/uploads\/2025\/11\/victoria-vynn-gel-polish-fashion-follower-no.-437-hello-vynn-.webp?fit=750%2C1000&ssl=1&resize=700%2C400 2x"},"classes":[]},{"id":41581,"url":"https:\/\/victoriavynn.ca\/fr\/product\/victoria-vynn-gel-polish-no-435-berry-hot\/","url_meta":{"origin":52736,"position":4},"title":"Victoria VYNN Gel Polish No. 435 Berry Hot","author":"Serge Sahakian","date":"novembre 19, 2025","format":false,"excerpt":"Un rose-brun (brun-rose) sensuel qui incarne le \u201cluxe tranquille\u201d. \u00c9l\u00e9gant, doux et tr\u00e8s polyvalent, il est parfait pour les manucures nude raffin\u00e9es, les salons de coiffure accueillants pour les clientes et toutes les personnes qui aiment les couleurs sophistiqu\u00e9es et discr\u00e8tes, tout en conservant un aspect haut de gamme. Collection : Fashion Follower Sp\u00e9cifications du produit :                 Consistance : moyennement \u00e9pais, avec une finition \"auto-nivelante\"....","rel":"","context":"Similar post","block_context":{"text":"Similar post","link":""},"img":{"alt_text":"Victoria vynn gel polish fashion follower no. 435 Berry Hot","src":"https:\/\/i0.wp.com\/victoriavynn.ca\/wp-content\/uploads\/2025\/11\/victoria-vynn-gel-polish-fashion-follower-no.-435-berry-hot-.webp?fit=750%2C1000&ssl=1&resize=350%2C200","width":350,"height":200,"srcset":"https:\/\/i0.wp.com\/victoriavynn.ca\/wp-content\/uploads\/2025\/11\/victoria-vynn-gel-polish-fashion-follower-no.-435-berry-hot-.webp?fit=750%2C1000&ssl=1&resize=350%2C200 1x, https:\/\/i0.wp.com\/victoriavynn.ca\/wp-content\/uploads\/2025\/11\/victoria-vynn-gel-polish-fashion-follower-no.-435-berry-hot-.webp?fit=750%2C1000&ssl=1&resize=525%2C300 1.5x, https:\/\/i0.wp.com\/victoriavynn.ca\/wp-content\/uploads\/2025\/11\/victoria-vynn-gel-polish-fashion-follower-no.-435-berry-hot-.webp?fit=750%2C1000&ssl=1&resize=700%2C400 2x"},"classes":[]},{"id":41583,"url":"https:\/\/victoriavynn.ca\/fr\/product\/victoria-vynn-gel-polish-no-436-rouge-rebel\/","url_meta":{"origin":52736,"position":5},"title":"Victoria VYNN Gel Polish No. 436 Rouge Rebel","author":"Serge Sahakian","date":"novembre 19, 2025","format":false,"excerpt":"Un rose-brun (brun-rose) sensuel qui incarne le \u201cluxe tranquille\u201d. \u00c9l\u00e9gant, doux et tr\u00e8s polyvalent, il est parfait pour les manucures nude raffin\u00e9es, les salons de coiffure accueillants pour les clientes et pour toutes les personnes qui aiment les couleurs sophistiqu\u00e9es et discr\u00e8tes, tout en conservant un aspect haut de gamme. Collection : Fashion Follower Sp\u00e9cifications du produit :               Consistance : moyennement \u00e9pais, avec une finition \"auto-nivelante\". Couverture...","rel":"","context":"Similar post","block_context":{"text":"Similar post","link":""},"img":{"alt_text":"Victoria vynn gel polish fashion follower no. 436 Rouge Rebel","src":"https:\/\/i0.wp.com\/victoriavynn.ca\/wp-content\/uploads\/2025\/11\/victoria-vynn-gel-polish-fashion-follower-no.-436-rouge-rebel-1-1.webp?fit=750%2C1000&ssl=1&resize=350%2C200","width":350,"height":200,"srcset":"https:\/\/i0.wp.com\/victoriavynn.ca\/wp-content\/uploads\/2025\/11\/victoria-vynn-gel-polish-fashion-follower-no.-436-rouge-rebel-1-1.webp?fit=750%2C1000&ssl=1&resize=350%2C200 1x, https:\/\/i0.wp.com\/victoriavynn.ca\/wp-content\/uploads\/2025\/11\/victoria-vynn-gel-polish-fashion-follower-no.-436-rouge-rebel-1-1.webp?fit=750%2C1000&ssl=1&resize=525%2C300 1.5x, https:\/\/i0.wp.com\/victoriavynn.ca\/wp-content\/uploads\/2025\/11\/victoria-vynn-gel-polish-fashion-follower-no.-436-rouge-rebel-1-1.webp?fit=750%2C1000&ssl=1&resize=700%2C400 2x"},"classes":[]}],"jetpack_sharing_enabled":true,"_links":{"self":[{"href":"https:\/\/victoriavynn.ca\/fr\/wp-json\/wp\/v2\/product\/52736","targetHints":{"allow":["GET"]}}],"collection":[{"href":"https:\/\/victoriavynn.ca\/fr\/wp-json\/wp\/v2\/product"}],"about":[{"href":"https:\/\/victoriavynn.ca\/fr\/wp-json\/wp\/v2\/types\/product"}],"replies":[{"embeddable":true,"href":"https:\/\/victoriavynn.ca\/fr\/wp-json\/wp\/v2\/comments?post=52736"}],"wp:featuredmedia":[{"embeddable":true,"href":"https:\/\/victoriavynn.ca\/fr\/wp-json\/wp\/v2\/media\/52932"}],"wp:attachment":[{"href":"https:\/\/victoriavynn.ca\/fr\/wp-json\/wp\/v2\/media?parent=52736"}],"wp:term":[{"taxonomy":"product_brand","embeddable":true,"href":"https:\/\/victoriavynn.ca\/fr\/wp-json\/wp\/v2\/product_brand?post=52736"},{"taxonomy":"product_cat","embeddable":true,"href":"https:\/\/victoriavynn.ca\/fr\/wp-json\/wp\/v2\/product_cat?post=52736"},{"taxonomy":"product_tag","embeddable":true,"href":"https:\/\/victoriavynn.ca\/fr\/wp-json\/wp\/v2\/product_tag?post=52736"}],"curies":[{"name":"wp","href":"https:\/\/api.w.org\/{rel}","templated":true}]}}