{"id":52746,"date":"2026-03-20T20:24:52","date_gmt":"2026-03-21T00:24:52","guid":{"rendered":"https:\/\/victoriavynn.ca\/product\/victoria-vynn-scented-hanging-air-freshener\/"},"modified":"2026-04-14T15:50:52","modified_gmt":"2026-04-14T19:50:52","slug":"victoria-vynn-desodorisant-suspendu-parfume","status":"publish","type":"product","link":"https:\/\/victoriavynn.ca\/fr\/product\/victoria-vynn-scented-hanging-air-freshener\/","title":{"rendered":"Rafra\u00eechisseur d'air suspendu parfum\u00e9 Victoria VYNN"},"content":{"rendered":"","protected":false},"excerpt":{"rendered":"","protected":false},"featured_media":52747,"comment_status":"open","ping_status":"closed","template":"","meta":{"jetpack_post_was_ever_published":false,"jetpack_publicize_message":"","jetpack_publicize_feature_enabled":true,"jetpack_social_post_already_shared":true,"jetpack_social_options":{"image_generator_settings":{"template":"highway","default_image_id":0,"font":"","enabled":false},"version":2}},"product_brand":[922],"product_cat":[31],"product_tag":[],"class_list":{"0":"post-52746","1":"product","2":"type-product","3":"status-publish","4":"has-post-thumbnail","6":"product_brand-victoria-vynn","7":"product_cat-nail-tools-and-accessories","9":"first","10":"instock","11":"taxable","12":"shipping-taxable","13":"purchasable","14":"product-type-simple"},"jetpack_publicize_connections":[],"jetpack-related-posts":[{"id":2786,"url":"https:\/\/victoriavynn.ca\/fr\/product\/senso-super-moisturizing-cream-follow-me\/","url_meta":{"origin":52746,"position":0},"title":"Cr\u00e8me pour les mains Senso Follow Me","author":"Serge Sahakian","date":"ao\u00fbt 18, 2022","format":false,"excerpt":"Victoria VYNN Senso Follow me est une cr\u00e8me super hydratante. Effet complet ! Cr\u00e8me hydratante et nourrissante pour les mains et le corps avec un parfum. Hydrate intens\u00e9ment, r\u00e9g\u00e9n\u00e8re et renforce la barri\u00e8re protectrice naturelle de la peau. P\u00e9n\u00e8tre parfaitement et laisse un film d\u00e9licat et velout\u00e9 sur la peau. Restaure imm\u00e9diatement...","rel":"","context":"Similar post","block_context":{"text":"Similar post","link":""},"img":{"alt_text":"victoria vynn senso follow me","src":"https:\/\/i0.wp.com\/victoriavynn.ca\/wp-content\/uploads\/2022\/08\/victoria-vynn-senso-follow-me.webp?fit=750%2C1000&ssl=1&resize=350%2C200","width":350,"height":200,"srcset":"https:\/\/i0.wp.com\/victoriavynn.ca\/wp-content\/uploads\/2022\/08\/victoria-vynn-senso-follow-me.webp?fit=750%2C1000&ssl=1&resize=350%2C200 1x, https:\/\/i0.wp.com\/victoriavynn.ca\/wp-content\/uploads\/2022\/08\/victoria-vynn-senso-follow-me.webp?fit=750%2C1000&ssl=1&resize=525%2C300 1.5x, https:\/\/i0.wp.com\/victoriavynn.ca\/wp-content\/uploads\/2022\/08\/victoria-vynn-senso-follow-me.webp?fit=750%2C1000&ssl=1&resize=700%2C400 2x"},"classes":[]},{"id":2790,"url":"https:\/\/victoriavynn.ca\/fr\/product\/senso-super-moisturizing-cream-love-me\/","url_meta":{"origin":52746,"position":1},"title":"Senso Cr\u00e8me pour les mains Love Me","author":"Serge Sahakian","date":"ao\u00fbt 18, 2022","format":false,"excerpt":"Victoria VYNN Senso Love Me est une cr\u00e8me super hydratante. Effet complet ! Cr\u00e8me hydratante et nourrissante pour les mains et le corps avec un parfum. Hydrate intens\u00e9ment, r\u00e9g\u00e9n\u00e8re et renforce la barri\u00e8re protectrice naturelle de la peau. P\u00e9n\u00e8tre parfaitement et laisse un film d\u00e9licat et velout\u00e9 sur la peau. Restaure imm\u00e9diatement...","rel":"","context":"Similar post","block_context":{"text":"Similar post","link":""},"img":{"alt_text":"victoria vynn love me","src":"https:\/\/i0.wp.com\/victoriavynn.ca\/wp-content\/uploads\/2022\/08\/victoria-vynn-love-me.webp?fit=750%2C1000&ssl=1&resize=350%2C200","width":350,"height":200,"srcset":"https:\/\/i0.wp.com\/victoriavynn.ca\/wp-content\/uploads\/2022\/08\/victoria-vynn-love-me.webp?fit=750%2C1000&ssl=1&resize=350%2C200 1x, https:\/\/i0.wp.com\/victoriavynn.ca\/wp-content\/uploads\/2022\/08\/victoria-vynn-love-me.webp?fit=750%2C1000&ssl=1&resize=525%2C300 1.5x, https:\/\/i0.wp.com\/victoriavynn.ca\/wp-content\/uploads\/2022\/08\/victoria-vynn-love-me.webp?fit=750%2C1000&ssl=1&resize=700%2C400 2x"},"classes":[]},{"id":2788,"url":"https:\/\/victoriavynn.ca\/fr\/product\/senso-super-moisturizing-cream-kiss-me\/","url_meta":{"origin":52746,"position":2},"title":"Cr\u00e8me pour les mains Senso Kiss Me","author":"Serge Sahakian","date":"ao\u00fbt 18, 2022","format":false,"excerpt":"Victoria VYNN Senso Kiss Me est une cr\u00e8me super hydratante. Effet complet ! Cr\u00e8me hydratante et nourrissante pour les mains et le corps avec un parfum. Hydrate intens\u00e9ment, r\u00e9g\u00e9n\u00e8re et renforce la barri\u00e8re protectrice naturelle de la peau. P\u00e9n\u00e8tre parfaitement et laisse un film d\u00e9licat et velout\u00e9 sur la peau. Restaure imm\u00e9diatement...","rel":"","context":"Similar post","block_context":{"text":"Similar post","link":""},"img":{"alt_text":"vitoria vynn kiss me","src":"https:\/\/i0.wp.com\/victoriavynn.ca\/wp-content\/uploads\/2022\/08\/vitoria-vynn-kiss-me.webp?fit=750%2C1000&ssl=1&resize=350%2C200","width":350,"height":200,"srcset":"https:\/\/i0.wp.com\/victoriavynn.ca\/wp-content\/uploads\/2022\/08\/vitoria-vynn-kiss-me.webp?fit=750%2C1000&ssl=1&resize=350%2C200 1x, https:\/\/i0.wp.com\/victoriavynn.ca\/wp-content\/uploads\/2022\/08\/vitoria-vynn-kiss-me.webp?fit=750%2C1000&ssl=1&resize=525%2C300 1.5x, https:\/\/i0.wp.com\/victoriavynn.ca\/wp-content\/uploads\/2022\/08\/vitoria-vynn-kiss-me.webp?fit=750%2C1000&ssl=1&resize=700%2C400 2x"},"classes":[]},{"id":2902,"url":"https:\/\/victoriavynn.ca\/fr\/product\/nail-finish-cleaner\/","url_meta":{"origin":52746,"position":3},"title":"Manucure de finition plus propre","author":"Serge Sahakian","date":"ao\u00fbt 18, 2022","format":false,"excerpt":"Victoria VYNN Nail Finish Cleaner est une pr\u00e9paration professionnelle pour laver et enlever la couche de dispersion sur les styles durcis : hybride et gel. Permet d'obtenir un style tr\u00e8s brillant. Ne dess\u00e8che pas les cuticules autour des ongles. Laisse une odeur de parfum tr\u00e8s agr\u00e9able. Poss\u00e8de des propri\u00e9t\u00e9s antibact\u00e9riennes et antifongiques.","rel":"","context":"Similar post","block_context":{"text":"Similar post","link":""},"img":{"alt_text":"Nail Finish Cleaner 60ml","src":"https:\/\/i0.wp.com\/victoriavynn.ca\/wp-content\/uploads\/2022\/09\/Nail-Cleaner-60ml.png?fit=1000%2C1000&ssl=1&resize=350%2C200","width":350,"height":200,"srcset":"https:\/\/i0.wp.com\/victoriavynn.ca\/wp-content\/uploads\/2022\/09\/Nail-Cleaner-60ml.png?fit=1000%2C1000&ssl=1&resize=350%2C200 1x, https:\/\/i0.wp.com\/victoriavynn.ca\/wp-content\/uploads\/2022\/09\/Nail-Cleaner-60ml.png?fit=1000%2C1000&ssl=1&resize=525%2C300 1.5x, https:\/\/i0.wp.com\/victoriavynn.ca\/wp-content\/uploads\/2022\/09\/Nail-Cleaner-60ml.png?fit=1000%2C1000&ssl=1&resize=700%2C400 2x"},"classes":[]},{"id":2900,"url":"https:\/\/victoriavynn.ca\/fr\/product\/nail-dehydrator-extra-adhesion\/","url_meta":{"origin":52746,"position":4},"title":"Adh\u00e9sion suppl\u00e9mentaire du d\u00e9shydrateur","author":"Serge Sahakian","date":"ao\u00fbt 18, 2022","format":false,"excerpt":"Victoria VYNN D\u00e9shydrateur d'ongles Extra Adh\u00e9sion - Pr\u00e9paration pour le d\u00e9graissage et le nettoyage de la plaque de l'ongle naturel. Elimine parfaitement la poussi\u00e8re form\u00e9e lors de la pr\u00e9paration des ongles pour la manucure. D\u00e9sinfecte la plaque, \u00e9limine les bact\u00e9ries. Augmente l'adh\u00e9rence des vernis hybrides, gel, acrylique et acrylique-gel. Laisse un parfum tr\u00e8s agr\u00e9able. A...","rel":"","context":"Similar post","block_context":{"text":"Similar post","link":""},"img":{"alt_text":"Nail Dehydrator 60ml","src":"https:\/\/i0.wp.com\/victoriavynn.ca\/wp-content\/uploads\/2022\/08\/Nail-Dehydrator-60ml.png?fit=1000%2C1000&ssl=1&resize=350%2C200","width":350,"height":200,"srcset":"https:\/\/i0.wp.com\/victoriavynn.ca\/wp-content\/uploads\/2022\/08\/Nail-Dehydrator-60ml.png?fit=1000%2C1000&ssl=1&resize=350%2C200 1x, https:\/\/i0.wp.com\/victoriavynn.ca\/wp-content\/uploads\/2022\/08\/Nail-Dehydrator-60ml.png?fit=1000%2C1000&ssl=1&resize=525%2C300 1.5x, https:\/\/i0.wp.com\/victoriavynn.ca\/wp-content\/uploads\/2022\/08\/Nail-Dehydrator-60ml.png?fit=1000%2C1000&ssl=1&resize=700%2C400 2x"},"classes":[]},{"id":3088,"url":"https:\/\/victoriavynn.ca\/fr\/product\/victoria-vynn-vv-lanyard\/","url_meta":{"origin":52746,"position":5},"title":"Lanyard Victoria VYNN","author":"Serge Sahakian","date":"ao\u00fbt 18, 2022","format":false,"excerpt":"Mat\u00e9riel de marketing de Victoria VYNN","rel":"","context":"Similar post","block_context":{"text":"Similar post","link":""},"img":{"alt_text":"","src":"https:\/\/i0.wp.com\/victoriavynn.ca\/wp-content\/uploads\/2022\/08\/smycz-vv.jpeg?fit=753%2C753&ssl=1&resize=350%2C200","width":350,"height":200,"srcset":"https:\/\/i0.wp.com\/victoriavynn.ca\/wp-content\/uploads\/2022\/08\/smycz-vv.jpeg?fit=753%2C753&ssl=1&resize=350%2C200 1x, https:\/\/i0.wp.com\/victoriavynn.ca\/wp-content\/uploads\/2022\/08\/smycz-vv.jpeg?fit=753%2C753&ssl=1&resize=525%2C300 1.5x, https:\/\/i0.wp.com\/victoriavynn.ca\/wp-content\/uploads\/2022\/08\/smycz-vv.jpeg?fit=753%2C753&ssl=1&resize=700%2C400 2x"},"classes":[]}],"jetpack_sharing_enabled":true,"_links":{"self":[{"href":"https:\/\/victoriavynn.ca\/fr\/wp-json\/wp\/v2\/product\/52746","targetHints":{"allow":["GET"]}}],"collection":[{"href":"https:\/\/victoriavynn.ca\/fr\/wp-json\/wp\/v2\/product"}],"about":[{"href":"https:\/\/victoriavynn.ca\/fr\/wp-json\/wp\/v2\/types\/product"}],"replies":[{"embeddable":true,"href":"https:\/\/victoriavynn.ca\/fr\/wp-json\/wp\/v2\/comments?post=52746"}],"wp:featuredmedia":[{"embeddable":true,"href":"https:\/\/victoriavynn.ca\/fr\/wp-json\/wp\/v2\/media\/52747"}],"wp:attachment":[{"href":"https:\/\/victoriavynn.ca\/fr\/wp-json\/wp\/v2\/media?parent=52746"}],"wp:term":[{"taxonomy":"product_brand","embeddable":true,"href":"https:\/\/victoriavynn.ca\/fr\/wp-json\/wp\/v2\/product_brand?post=52746"},{"taxonomy":"product_cat","embeddable":true,"href":"https:\/\/victoriavynn.ca\/fr\/wp-json\/wp\/v2\/product_cat?post=52746"},{"taxonomy":"product_tag","embeddable":true,"href":"https:\/\/victoriavynn.ca\/fr\/wp-json\/wp\/v2\/product_tag?post=52746"}],"curies":[{"name":"wp","href":"https:\/\/api.w.org\/{rel}","templated":true}]}}