{"id":53353,"date":"2026-04-17T12:17:38","date_gmt":"2026-04-17T16:17:38","guid":{"rendered":"https:\/\/victoriavynn.ca\/product\/victoria-vynn-gel-polish-no-446-coffee-date\/"},"modified":"2026-04-17T12:17:39","modified_gmt":"2026-04-17T16:17:39","slug":"victoria-vynn-gel-polish-no-446-coffee-date","status":"publish","type":"product","link":"https:\/\/victoriavynn.ca\/fr\/product\/victoria-vynn-gel-polish-no-446-coffee-date\/","title":{"rendered":"Victoria VYNN Gel Polish No. 446 Coffee Date"},"content":{"rendered":"","protected":false},"excerpt":{"rendered":"","protected":false},"featured_media":53354,"comment_status":"open","ping_status":"closed","template":"","meta":{"jetpack_post_was_ever_published":false,"jetpack_publicize_message":"","jetpack_publicize_feature_enabled":true,"jetpack_social_post_already_shared":true,"jetpack_social_options":{"image_generator_settings":{"template":"highway","default_image_id":0,"font":"","enabled":false},"version":2}},"product_brand":[],"product_cat":[15],"product_tag":[],"class_list":{"0":"post-53353","1":"product","2":"type-product","3":"status-publish","4":"has-post-thumbnail","6":"product_cat-uncategorized","8":"first","9":"outofstock","10":"taxable","11":"shipping-taxable","12":"purchasable","13":"product-type-simple"},"jetpack_publicize_connections":[],"jetpack-related-posts":[{"id":53381,"url":"https:\/\/victoriavynn.ca\/fr\/product\/victoria-vynn-salon-gel-polish-coffee-shop-painted-color-chart-445-451\/","url_meta":{"origin":53353,"position":0},"title":"Victoria VYNN Salon Gel Polish Coffee Shop Painted Color Chart 445-451","author":"","date":"avril 17, 2026","format":false,"excerpt":"","rel":"","context":"Similar post","block_context":{"text":"Similar post","link":""},"img":{"alt_text":"","src":"https:\/\/i0.wp.com\/victoriavynn.ca\/wp-content\/uploads\/2026\/04\/color-chart-coffee-shop-445-4512028129.jpg?fit=1200%2C1200&ssl=1&resize=350%2C200","width":350,"height":200,"srcset":"https:\/\/i0.wp.com\/victoriavynn.ca\/wp-content\/uploads\/2026\/04\/color-chart-coffee-shop-445-4512028129.jpg?fit=1200%2C1200&ssl=1&resize=350%2C200 1x, https:\/\/i0.wp.com\/victoriavynn.ca\/wp-content\/uploads\/2026\/04\/color-chart-coffee-shop-445-4512028129.jpg?fit=1200%2C1200&ssl=1&resize=525%2C300 1.5x, https:\/\/i0.wp.com\/victoriavynn.ca\/wp-content\/uploads\/2026\/04\/color-chart-coffee-shop-445-4512028129.jpg?fit=1200%2C1200&ssl=1&resize=700%2C400 2x, https:\/\/i0.wp.com\/victoriavynn.ca\/wp-content\/uploads\/2026\/04\/color-chart-coffee-shop-445-4512028129.jpg?fit=1200%2C1200&ssl=1&resize=1050%2C600 3x"},"classes":[]},{"id":53383,"url":"https:\/\/victoriavynn.ca\/fr\/product\/victoria-vynn-salon-gel-polish-coffee-shop-unpainted-color-chart-445-451\/","url_meta":{"origin":53353,"position":1},"title":"Victoria VYNN Salon Gel Polish Coffee Shop Unpainted Color Chart 445-451","author":"","date":"avril 17, 2026","format":false,"excerpt":"","rel":"","context":"Similar post","block_context":{"text":"Similar post","link":""},"img":{"alt_text":"","src":"https:\/\/i0.wp.com\/victoriavynn.ca\/wp-content\/uploads\/2026\/04\/color-chart-gel-polish-coffee-shop.jpg?fit=1200%2C1200&ssl=1&resize=350%2C200","width":350,"height":200,"srcset":"https:\/\/i0.wp.com\/victoriavynn.ca\/wp-content\/uploads\/2026\/04\/color-chart-gel-polish-coffee-shop.jpg?fit=1200%2C1200&ssl=1&resize=350%2C200 1x, https:\/\/i0.wp.com\/victoriavynn.ca\/wp-content\/uploads\/2026\/04\/color-chart-gel-polish-coffee-shop.jpg?fit=1200%2C1200&ssl=1&resize=525%2C300 1.5x, https:\/\/i0.wp.com\/victoriavynn.ca\/wp-content\/uploads\/2026\/04\/color-chart-gel-polish-coffee-shop.jpg?fit=1200%2C1200&ssl=1&resize=700%2C400 2x, https:\/\/i0.wp.com\/victoriavynn.ca\/wp-content\/uploads\/2026\/04\/color-chart-gel-polish-coffee-shop.jpg?fit=1200%2C1200&ssl=1&resize=1050%2C600 3x"},"classes":[]},{"id":4385,"url":"https:\/\/victoriavynn.ca\/fr\/product\/cappuccino-gel-nail-polish-042-milk-coffee\/","url_meta":{"origin":53353,"position":2},"title":"Pure Creamy Hybrid Gel Polish No. 042 Milk Coffee","author":"Serge Sahakian","date":"septembre 2, 2022","format":false,"excerpt":"Charming Cappuccino Gel Nail Polish. Victoria VYNN Pure Creamy Hybrid High Pigment Gel Polish 042 Milk Coffee is a beige\/brown color which perfectly emphasizes the tan on the skin of the hands. Canada's Leading Distributor of Professional Nail Supplies. Buy with Confidence! Product Specifications: \u00a0 \u00a0 \u00a0 \u00a0 \u00a0 \u00a0\u2026","rel":"","context":"Similar post","block_context":{"text":"Similar post","link":""},"img":{"alt_text":"best cappuccino gel nail polish Victoria VYNN pure creamy hybrid 042 milk coffee","src":"https:\/\/i0.wp.com\/victoriavynn.ca\/wp-content\/uploads\/2022\/09\/best-light-brown-gel-polish-Victoria-VYNN-pure-creamy-hybrid-042-milk-coffee.webp?fit=750%2C1000&ssl=1&resize=350%2C200","width":350,"height":200,"srcset":"https:\/\/i0.wp.com\/victoriavynn.ca\/wp-content\/uploads\/2022\/09\/best-light-brown-gel-polish-Victoria-VYNN-pure-creamy-hybrid-042-milk-coffee.webp?fit=750%2C1000&ssl=1&resize=350%2C200 1x, https:\/\/i0.wp.com\/victoriavynn.ca\/wp-content\/uploads\/2022\/09\/best-light-brown-gel-polish-Victoria-VYNN-pure-creamy-hybrid-042-milk-coffee.webp?fit=750%2C1000&ssl=1&resize=525%2C300 1.5x, https:\/\/i0.wp.com\/victoriavynn.ca\/wp-content\/uploads\/2022\/09\/best-light-brown-gel-polish-Victoria-VYNN-pure-creamy-hybrid-042-milk-coffee.webp?fit=750%2C1000&ssl=1&resize=700%2C400 2x"},"classes":[]},{"id":4261,"url":"https:\/\/victoriavynn.ca\/fr\/product\/light-coffee-milky-brown-nails-gel-polish\/","url_meta":{"origin":53353,"position":3},"title":"Vernis gel hybride cr\u00e9meux Pure n\u00b0 134 Sweet Talk","author":"Serge Sahakian","date":"septembre 2, 2022","format":false,"excerpt":"Le meilleur vernis en gel pour les ongles brun laiteux au caf\u00e9 l\u00e9ger ! Victoria VYNN Pure Creamy Hybrid High Pigment Gel Polish 134 Sweet Talk est la nuance d'un caf\u00e9 fort avec un peu de lait qui est magnifique n'importe quand et n'importe o\u00f9. Le premier distributeur canadien de fournitures professionnelles pour les ongles. Achetez en toute confiance ! Sp\u00e9cifications du produit :  ...","rel":"","context":"Similar post","block_context":{"text":"Similar post","link":""},"img":{"alt_text":"Victoria VYNN Light Coffee Milky Brown Nails Gel Polish Sweet Talk No. 134","src":"https:\/\/i0.wp.com\/victoriavynn.ca\/wp-content\/uploads\/2022\/09\/victoria-vynn-light-coffee-milky-brown-nails-gel-polish-sweet-talk-no.-134.webp?fit=750%2C1000&ssl=1&resize=350%2C200","width":350,"height":200,"srcset":"https:\/\/i0.wp.com\/victoriavynn.ca\/wp-content\/uploads\/2022\/09\/victoria-vynn-light-coffee-milky-brown-nails-gel-polish-sweet-talk-no.-134.webp?fit=750%2C1000&ssl=1&resize=350%2C200 1x, https:\/\/i0.wp.com\/victoriavynn.ca\/wp-content\/uploads\/2022\/09\/victoria-vynn-light-coffee-milky-brown-nails-gel-polish-sweet-talk-no.-134.webp?fit=750%2C1000&ssl=1&resize=525%2C300 1.5x, https:\/\/i0.wp.com\/victoriavynn.ca\/wp-content\/uploads\/2022\/09\/victoria-vynn-light-coffee-milky-brown-nails-gel-polish-sweet-talk-no.-134.webp?fit=750%2C1000&ssl=1&resize=700%2C400 2x"},"classes":[]},{"id":18518,"url":"https:\/\/victoriavynn.ca\/fr\/product\/victoria-vynn-gel-polish-no-383-pink-prosecco\/","url_meta":{"origin":53353,"position":4},"title":"Victoria VYNN Gel Polish No. 383 Pink Prosecco","author":"Serge Sahakian","date":"ao\u00fbt 19, 2024","format":false,"excerpt":"Celebrate the birth of\u00a0Pink Prosecco! Join us in making a\u00a0toast to\u00a0the new GEL POLISH\u00a0Pink Prosecco\u00a0color and celebrate the arrival of the first\u00a0Victoria Vynn\u00a0color chosen by technicians! This is a\u00a0unique hybrid varnish created together with you. The name and color was chosen in a\u00a0competition for the occasion of the International Technicians\u2026","rel":"","context":"Similar post","block_context":{"text":"Similar post","link":""},"img":{"alt_text":"victoria vynn gel polish 383","src":"https:\/\/i0.wp.com\/victoriavynn.ca\/wp-content\/uploads\/2024\/08\/victoria-vynn-gel-polish-383-.webp?fit=750%2C1000&ssl=1&resize=350%2C200","width":350,"height":200,"srcset":"https:\/\/i0.wp.com\/victoriavynn.ca\/wp-content\/uploads\/2024\/08\/victoria-vynn-gel-polish-383-.webp?fit=750%2C1000&ssl=1&resize=350%2C200 1x, https:\/\/i0.wp.com\/victoriavynn.ca\/wp-content\/uploads\/2024\/08\/victoria-vynn-gel-polish-383-.webp?fit=750%2C1000&ssl=1&resize=525%2C300 1.5x, https:\/\/i0.wp.com\/victoriavynn.ca\/wp-content\/uploads\/2024\/08\/victoria-vynn-gel-polish-383-.webp?fit=750%2C1000&ssl=1&resize=700%2C400 2x"},"classes":[]},{"id":20104,"url":"https:\/\/victoriavynn.ca\/fr\/product\/victoria-vynn-im-woman-gel-polish-collection-display\/","url_meta":{"origin":53353,"position":5},"title":"Victoria VYNN I'm Woman Gel Polish Collection Display","author":"Serge Sahakian","date":"D\u00e9cembre 4, 2024","format":false,"excerpt":"","rel":"","context":"Similar post","block_context":{"text":"Similar post","link":""},"img":{"alt_text":"","src":"https:\/\/i0.wp.com\/victoriavynn.ca\/wp-content\/uploads\/2024\/12\/color-chart-display-gp-i-m-a-woman-a.jpg?fit=1200%2C1200&ssl=1&resize=350%2C200","width":350,"height":200,"srcset":"https:\/\/i0.wp.com\/victoriavynn.ca\/wp-content\/uploads\/2024\/12\/color-chart-display-gp-i-m-a-woman-a.jpg?fit=1200%2C1200&ssl=1&resize=350%2C200 1x, https:\/\/i0.wp.com\/victoriavynn.ca\/wp-content\/uploads\/2024\/12\/color-chart-display-gp-i-m-a-woman-a.jpg?fit=1200%2C1200&ssl=1&resize=525%2C300 1.5x, https:\/\/i0.wp.com\/victoriavynn.ca\/wp-content\/uploads\/2024\/12\/color-chart-display-gp-i-m-a-woman-a.jpg?fit=1200%2C1200&ssl=1&resize=700%2C400 2x, https:\/\/i0.wp.com\/victoriavynn.ca\/wp-content\/uploads\/2024\/12\/color-chart-display-gp-i-m-a-woman-a.jpg?fit=1200%2C1200&ssl=1&resize=1050%2C600 3x"},"classes":[]}],"jetpack_sharing_enabled":true,"_links":{"self":[{"href":"https:\/\/victoriavynn.ca\/fr\/wp-json\/wp\/v2\/product\/53353","targetHints":{"allow":["GET"]}}],"collection":[{"href":"https:\/\/victoriavynn.ca\/fr\/wp-json\/wp\/v2\/product"}],"about":[{"href":"https:\/\/victoriavynn.ca\/fr\/wp-json\/wp\/v2\/types\/product"}],"replies":[{"embeddable":true,"href":"https:\/\/victoriavynn.ca\/fr\/wp-json\/wp\/v2\/comments?post=53353"}],"wp:featuredmedia":[{"embeddable":true,"href":"https:\/\/victoriavynn.ca\/fr\/wp-json\/wp\/v2\/media\/53354"}],"wp:attachment":[{"href":"https:\/\/victoriavynn.ca\/fr\/wp-json\/wp\/v2\/media?parent=53353"}],"wp:term":[{"taxonomy":"product_brand","embeddable":true,"href":"https:\/\/victoriavynn.ca\/fr\/wp-json\/wp\/v2\/product_brand?post=53353"},{"taxonomy":"product_cat","embeddable":true,"href":"https:\/\/victoriavynn.ca\/fr\/wp-json\/wp\/v2\/product_cat?post=53353"},{"taxonomy":"product_tag","embeddable":true,"href":"https:\/\/victoriavynn.ca\/fr\/wp-json\/wp\/v2\/product_tag?post=53353"}],"curies":[{"name":"wp","href":"https:\/\/api.w.org\/{rel}","templated":true}]}}