{"id":53355,"date":"2026-04-17T12:17:39","date_gmt":"2026-04-17T16:17:39","guid":{"rendered":"https:\/\/victoriavynn.ca\/product\/victoria-vynn-gel-polish-no-447-cafe-nude\/"},"modified":"2026-04-17T12:17:40","modified_gmt":"2026-04-17T16:17:40","slug":"victoria-vynn-gel-polish-no-447-cafe-nude","status":"publish","type":"product","link":"https:\/\/victoriavynn.ca\/fr\/product\/victoria-vynn-gel-polish-no-447-cafe-nude\/","title":{"rendered":"Victoria VYNN Gel Polish No. 447 Cafe Nude"},"content":{"rendered":"","protected":false},"excerpt":{"rendered":"","protected":false},"featured_media":53356,"comment_status":"open","ping_status":"closed","template":"","meta":{"jetpack_post_was_ever_published":false,"jetpack_publicize_message":"","jetpack_publicize_feature_enabled":true,"jetpack_social_post_already_shared":true,"jetpack_social_options":{"image_generator_settings":{"template":"highway","default_image_id":0,"font":"","enabled":false},"version":2}},"product_brand":[],"product_cat":[15],"product_tag":[],"class_list":{"0":"post-53355","1":"product","2":"type-product","3":"status-publish","4":"has-post-thumbnail","6":"product_cat-uncategorized","8":"first","9":"outofstock","10":"taxable","11":"shipping-taxable","12":"purchasable","13":"product-type-simple"},"jetpack_publicize_connections":[],"jetpack-related-posts":[{"id":21552,"url":"https:\/\/victoriavynn.ca\/fr\/product\/victoria-vynn-forget-me-nude-gel-polish-collection-display\/","url_meta":{"origin":53355,"position":0},"title":"Victoria VYNN Forget Me Nude Gel Polish Collection Display","author":"Serge Sahakian","date":"avril 25, 2025","format":false,"excerpt":"","rel":"","context":"Similar post","block_context":{"text":"Similar post","link":""},"img":{"alt_text":"","src":"https:\/\/i0.wp.com\/victoriavynn.ca\/wp-content\/uploads\/2025\/04\/color-chart-display-forget-me-nude-1.jpg?fit=1200%2C1200&ssl=1&resize=350%2C200","width":350,"height":200,"srcset":"https:\/\/i0.wp.com\/victoriavynn.ca\/wp-content\/uploads\/2025\/04\/color-chart-display-forget-me-nude-1.jpg?fit=1200%2C1200&ssl=1&resize=350%2C200 1x, https:\/\/i0.wp.com\/victoriavynn.ca\/wp-content\/uploads\/2025\/04\/color-chart-display-forget-me-nude-1.jpg?fit=1200%2C1200&ssl=1&resize=525%2C300 1.5x, https:\/\/i0.wp.com\/victoriavynn.ca\/wp-content\/uploads\/2025\/04\/color-chart-display-forget-me-nude-1.jpg?fit=1200%2C1200&ssl=1&resize=700%2C400 2x, https:\/\/i0.wp.com\/victoriavynn.ca\/wp-content\/uploads\/2025\/04\/color-chart-display-forget-me-nude-1.jpg?fit=1200%2C1200&ssl=1&resize=1050%2C600 3x"},"classes":[]},{"id":21306,"url":"https:\/\/victoriavynn.ca\/fr\/product\/victoria-vynn-color-chart-forget-me-nude-gel-polish-400-407\/","url_meta":{"origin":53355,"position":1},"title":"Victoria VYNN Color Chart Forget Me Nude Gel Polish 400-407","author":"Serge Sahakian","date":"mars 20, 2025","format":false,"excerpt":"","rel":"","context":"Similar post","block_context":{"text":"Similar post","link":""},"img":{"alt_text":"forget me nude color chart","src":"https:\/\/i0.wp.com\/victoriavynn.ca\/wp-content\/uploads\/2025\/03\/forget-me-nude-color-chart.webp?fit=750%2C1000&ssl=1&resize=350%2C200","width":350,"height":200,"srcset":"https:\/\/i0.wp.com\/victoriavynn.ca\/wp-content\/uploads\/2025\/03\/forget-me-nude-color-chart.webp?fit=750%2C1000&ssl=1&resize=350%2C200 1x, https:\/\/i0.wp.com\/victoriavynn.ca\/wp-content\/uploads\/2025\/03\/forget-me-nude-color-chart.webp?fit=750%2C1000&ssl=1&resize=525%2C300 1.5x, https:\/\/i0.wp.com\/victoriavynn.ca\/wp-content\/uploads\/2025\/03\/forget-me-nude-color-chart.webp?fit=750%2C1000&ssl=1&resize=700%2C400 2x"},"classes":[]},{"id":21183,"url":"https:\/\/victoriavynn.ca\/fr\/product\/victoria-vynn-gel-polish-no-401-nude-york\/","url_meta":{"origin":53355,"position":2},"title":"Victoria VYNN Gel Polish No. 401 Nude York","author":"Serge Sahakian","date":"mars 19, 2025","format":false,"excerpt":"La collection Forget-Me-Nude Gel Polish de Victoria Vynn se compose de teintes nude semi-transparentes et de couleurs Cat Eye \u00e0 la mode, inspir\u00e9es par le naturel de la nudit\u00e9 et la d\u00e9licatesse sensuelle des fleurs. Que vous souhaitiez cr\u00e9er un look quotidien minimaliste ou que vous recherchiez une manucure unique pour...","rel":"","context":"Similar post","block_context":{"text":"Similar post","link":""},"img":{"alt_text":"Victoria VYNN Salon Gel Polish No. 401 Nude York - Forget me nude collection","src":"https:\/\/i0.wp.com\/victoriavynn.ca\/wp-content\/uploads\/2025\/03\/victoria-vynn-salon-gel-polish-no.-401-nude-york-forget-me-nude-collection-.webp?fit=750%2C1000&ssl=1&resize=350%2C200","width":350,"height":200,"srcset":"https:\/\/i0.wp.com\/victoriavynn.ca\/wp-content\/uploads\/2025\/03\/victoria-vynn-salon-gel-polish-no.-401-nude-york-forget-me-nude-collection-.webp?fit=750%2C1000&ssl=1&resize=350%2C200 1x, https:\/\/i0.wp.com\/victoriavynn.ca\/wp-content\/uploads\/2025\/03\/victoria-vynn-salon-gel-polish-no.-401-nude-york-forget-me-nude-collection-.webp?fit=750%2C1000&ssl=1&resize=525%2C300 1.5x, https:\/\/i0.wp.com\/victoriavynn.ca\/wp-content\/uploads\/2025\/03\/victoria-vynn-salon-gel-polish-no.-401-nude-york-forget-me-nude-collection-.webp?fit=750%2C1000&ssl=1&resize=700%2C400 2x"},"classes":[]},{"id":21179,"url":"https:\/\/victoriavynn.ca\/fr\/product\/victoria-vynn-gel-polish-no-400-like-a-virgin\/","url_meta":{"origin":53355,"position":3},"title":"Victoria VYNN Gel Polish No. 400 Like a Virgin","author":"Serge Sahakian","date":"mars 19, 2025","format":false,"excerpt":"La collection Forget-Me-Nude Gel Polish de Victoria Vynn se compose de teintes nude semi-transparentes et de couleurs Cat Eye \u00e0 la mode, inspir\u00e9es par le naturel de la nudit\u00e9 et la d\u00e9licatesse sensuelle des fleurs. Que vous souhaitiez cr\u00e9er un look quotidien minimaliste ou que vous recherchiez une manucure unique pour...","rel":"","context":"Similar post","block_context":{"text":"Similar post","link":""},"img":{"alt_text":"Victoria VYNN Salon Gel Polish No. 400 Like a Virgin - Forget me nude collection","src":"https:\/\/i0.wp.com\/victoriavynn.ca\/wp-content\/uploads\/2025\/03\/victoria-vynn-salon-gel-polish-no.-400-like-a-virgin-forget-me-nude-collection-.webp?fit=750%2C1000&ssl=1&resize=350%2C200","width":350,"height":200,"srcset":"https:\/\/i0.wp.com\/victoriavynn.ca\/wp-content\/uploads\/2025\/03\/victoria-vynn-salon-gel-polish-no.-400-like-a-virgin-forget-me-nude-collection-.webp?fit=750%2C1000&ssl=1&resize=350%2C200 1x, https:\/\/i0.wp.com\/victoriavynn.ca\/wp-content\/uploads\/2025\/03\/victoria-vynn-salon-gel-polish-no.-400-like-a-virgin-forget-me-nude-collection-.webp?fit=750%2C1000&ssl=1&resize=525%2C300 1.5x, https:\/\/i0.wp.com\/victoriavynn.ca\/wp-content\/uploads\/2025\/03\/victoria-vynn-salon-gel-polish-no.-400-like-a-virgin-forget-me-nude-collection-.webp?fit=750%2C1000&ssl=1&resize=700%2C400 2x"},"classes":[]},{"id":21185,"url":"https:\/\/victoriavynn.ca\/fr\/product\/victoria-vynn-gel-polish-no-402-naked-truth\/","url_meta":{"origin":53355,"position":4},"title":"Victoria VYNN Gel Polish No. 402 Naked Truth (V\u00e9rit\u00e9 nue)","author":"Serge Sahakian","date":"mars 19, 2025","format":false,"excerpt":"La collection Forget-Me-Nude Gel Polish de Victoria Vynn se compose de teintes nude semi-transparentes et de couleurs Cat Eye \u00e0 la mode, inspir\u00e9es par le naturel de la nudit\u00e9 et la d\u00e9licatesse sensuelle des fleurs. Que vous souhaitiez cr\u00e9er un look quotidien minimaliste ou que vous recherchiez une manucure unique pour...","rel":"","context":"Similar post","block_context":{"text":"Similar post","link":""},"img":{"alt_text":"Victoria VYNN Salon Gel Polish No. 402 Naked Truth - Forget me nude collection","src":"https:\/\/i0.wp.com\/victoriavynn.ca\/wp-content\/uploads\/2025\/03\/victoria-vynn-salon-gel-polish-no.-402-naked-truth-forget-me-nude-collection-1-1.webp?fit=750%2C1000&ssl=1&resize=350%2C200","width":350,"height":200,"srcset":"https:\/\/i0.wp.com\/victoriavynn.ca\/wp-content\/uploads\/2025\/03\/victoria-vynn-salon-gel-polish-no.-402-naked-truth-forget-me-nude-collection-1-1.webp?fit=750%2C1000&ssl=1&resize=350%2C200 1x, https:\/\/i0.wp.com\/victoriavynn.ca\/wp-content\/uploads\/2025\/03\/victoria-vynn-salon-gel-polish-no.-402-naked-truth-forget-me-nude-collection-1-1.webp?fit=750%2C1000&ssl=1&resize=525%2C300 1.5x, https:\/\/i0.wp.com\/victoriavynn.ca\/wp-content\/uploads\/2025\/03\/victoria-vynn-salon-gel-polish-no.-402-naked-truth-forget-me-nude-collection-1-1.webp?fit=750%2C1000&ssl=1&resize=700%2C400 2x"},"classes":[]},{"id":21187,"url":"https:\/\/victoriavynn.ca\/fr\/product\/victoria-vynn-gel-polish-no-403-nudist\/","url_meta":{"origin":53355,"position":5},"title":"Victoria VYNN Gel Polish No. 403 Nudist","author":"Serge Sahakian","date":"mars 19, 2025","format":false,"excerpt":"La collection Forget-Me-Nude Gel Polish de Victoria Vynn se compose de teintes nude semi-transparentes et de couleurs Cat Eye \u00e0 la mode, inspir\u00e9es par le naturel de la nudit\u00e9 et la d\u00e9licatesse sensuelle des fleurs. Que vous souhaitiez cr\u00e9er un look quotidien minimaliste ou que vous recherchiez une manucure unique pour...","rel":"","context":"Similar post","block_context":{"text":"Similar post","link":""},"img":{"alt_text":"Victoria VYNN Salon Gel Polish No. 403 Nudist - Forget me nude collection","src":"https:\/\/i0.wp.com\/victoriavynn.ca\/wp-content\/uploads\/2025\/03\/victoria-vynn-salon-gel-polish-no.-403-nudist-forget-me-nude-collection-.webp?fit=750%2C1000&ssl=1&resize=350%2C200","width":350,"height":200,"srcset":"https:\/\/i0.wp.com\/victoriavynn.ca\/wp-content\/uploads\/2025\/03\/victoria-vynn-salon-gel-polish-no.-403-nudist-forget-me-nude-collection-.webp?fit=750%2C1000&ssl=1&resize=350%2C200 1x, https:\/\/i0.wp.com\/victoriavynn.ca\/wp-content\/uploads\/2025\/03\/victoria-vynn-salon-gel-polish-no.-403-nudist-forget-me-nude-collection-.webp?fit=750%2C1000&ssl=1&resize=525%2C300 1.5x, https:\/\/i0.wp.com\/victoriavynn.ca\/wp-content\/uploads\/2025\/03\/victoria-vynn-salon-gel-polish-no.-403-nudist-forget-me-nude-collection-.webp?fit=750%2C1000&ssl=1&resize=700%2C400 2x"},"classes":[]}],"jetpack_sharing_enabled":true,"_links":{"self":[{"href":"https:\/\/victoriavynn.ca\/fr\/wp-json\/wp\/v2\/product\/53355","targetHints":{"allow":["GET"]}}],"collection":[{"href":"https:\/\/victoriavynn.ca\/fr\/wp-json\/wp\/v2\/product"}],"about":[{"href":"https:\/\/victoriavynn.ca\/fr\/wp-json\/wp\/v2\/types\/product"}],"replies":[{"embeddable":true,"href":"https:\/\/victoriavynn.ca\/fr\/wp-json\/wp\/v2\/comments?post=53355"}],"wp:featuredmedia":[{"embeddable":true,"href":"https:\/\/victoriavynn.ca\/fr\/wp-json\/wp\/v2\/media\/53356"}],"wp:attachment":[{"href":"https:\/\/victoriavynn.ca\/fr\/wp-json\/wp\/v2\/media?parent=53355"}],"wp:term":[{"taxonomy":"product_brand","embeddable":true,"href":"https:\/\/victoriavynn.ca\/fr\/wp-json\/wp\/v2\/product_brand?post=53355"},{"taxonomy":"product_cat","embeddable":true,"href":"https:\/\/victoriavynn.ca\/fr\/wp-json\/wp\/v2\/product_cat?post=53355"},{"taxonomy":"product_tag","embeddable":true,"href":"https:\/\/victoriavynn.ca\/fr\/wp-json\/wp\/v2\/product_tag?post=53355"}],"curies":[{"name":"wp","href":"https:\/\/api.w.org\/{rel}","templated":true}]}}