{"id":53357,"date":"2026-04-17T12:17:40","date_gmt":"2026-04-17T16:17:40","guid":{"rendered":"https:\/\/victoriavynn.ca\/product\/victoria-vynn-gel-polish-no-448-milky-latte\/"},"modified":"2026-04-17T12:17:40","modified_gmt":"2026-04-17T16:17:40","slug":"victoria-vynn-gel-polish-no-448-milky-latte","status":"publish","type":"product","link":"https:\/\/victoriavynn.ca\/fr\/product\/victoria-vynn-gel-polish-no-448-milky-latte\/","title":{"rendered":"Victoria VYNN Gel Polish No. 448 Milky Latte"},"content":{"rendered":"","protected":false},"excerpt":{"rendered":"","protected":false},"featured_media":53358,"comment_status":"open","ping_status":"closed","template":"","meta":{"jetpack_post_was_ever_published":false,"jetpack_publicize_message":"","jetpack_publicize_feature_enabled":true,"jetpack_social_post_already_shared":true,"jetpack_social_options":{"image_generator_settings":{"template":"highway","default_image_id":0,"font":"","enabled":false},"version":2}},"product_brand":[],"product_cat":[15],"product_tag":[],"class_list":{"0":"post-53357","1":"product","2":"type-product","3":"status-publish","4":"has-post-thumbnail","6":"product_cat-uncategorized","8":"first","9":"outofstock","10":"taxable","11":"shipping-taxable","12":"purchasable","13":"product-type-simple"},"jetpack_publicize_connections":[],"jetpack-related-posts":[{"id":4261,"url":"https:\/\/victoriavynn.ca\/fr\/product\/light-coffee-milky-brown-nails-gel-polish\/","url_meta":{"origin":53357,"position":0},"title":"Vernis gel hybride cr\u00e9meux Pure n\u00b0 134 Sweet Talk","author":"Serge Sahakian","date":"septembre 2, 2022","format":false,"excerpt":"Le meilleur vernis en gel pour les ongles brun laiteux au caf\u00e9 l\u00e9ger ! Victoria VYNN Pure Creamy Hybrid High Pigment Gel Polish 134 Sweet Talk est la nuance d'un caf\u00e9 fort avec un peu de lait qui est magnifique n'importe quand et n'importe o\u00f9. Le premier distributeur canadien de fournitures professionnelles pour les ongles. Achetez en toute confiance ! Sp\u00e9cifications du produit :  ...","rel":"","context":"Similar post","block_context":{"text":"Similar post","link":""},"img":{"alt_text":"Victoria VYNN Light Coffee Milky Brown Nails Gel Polish Sweet Talk No. 134","src":"https:\/\/i0.wp.com\/victoriavynn.ca\/wp-content\/uploads\/2022\/09\/victoria-vynn-light-coffee-milky-brown-nails-gel-polish-sweet-talk-no.-134.webp?fit=750%2C1000&ssl=1&resize=350%2C200","width":350,"height":200,"srcset":"https:\/\/i0.wp.com\/victoriavynn.ca\/wp-content\/uploads\/2022\/09\/victoria-vynn-light-coffee-milky-brown-nails-gel-polish-sweet-talk-no.-134.webp?fit=750%2C1000&ssl=1&resize=350%2C200 1x, https:\/\/i0.wp.com\/victoriavynn.ca\/wp-content\/uploads\/2022\/09\/victoria-vynn-light-coffee-milky-brown-nails-gel-polish-sweet-talk-no.-134.webp?fit=750%2C1000&ssl=1&resize=525%2C300 1.5x, https:\/\/i0.wp.com\/victoriavynn.ca\/wp-content\/uploads\/2022\/09\/victoria-vynn-light-coffee-milky-brown-nails-gel-polish-sweet-talk-no.-134.webp?fit=750%2C1000&ssl=1&resize=700%2C400 2x"},"classes":[]},{"id":4425,"url":"https:\/\/victoriavynn.ca\/fr\/product\/pastel-light-purple-nails-018-milky-lilac\/","url_meta":{"origin":53357,"position":1},"title":"Gel polissant hybride Pure Creamy No. 018 Milky Lilac","author":"Serge Sahakian","date":"septembre 2, 2022","format":false,"excerpt":"Merveilleux ongles violet clair pastel ! Le violet pastel et \u00e9th\u00e9r\u00e9 Milky Lilac met en valeur le bronzage et ajoute de la fra\u00eecheur \u00e0 n'importe quel dessin. C'est ainsi qu'est d\u00e9crit le vernis gel Hybride cr\u00e9meux \u00e0 haute pigmentation de Victoria VYNN Pure Milky Lilac No. 018 ! Le premier distributeur canadien de fournitures professionnelles pour les ongles. Achetez en toute confiance ! Produit...","rel":"","context":"Similar post","block_context":{"text":"Similar post","link":""},"img":{"alt_text":"delicate pastel light purple nails Victoria VYNN Pure Creamy Hybrid 018 Milky Lilac","src":"https:\/\/i0.wp.com\/victoriavynn.ca\/wp-content\/uploads\/2022\/09\/delicate-pastel-light-purple-nails-Victoria-VYNN-Pure-Creamy-Hybrid-018-Milky-Lilac-.webp?fit=750%2C1000&ssl=1&resize=350%2C200","width":350,"height":200,"srcset":"https:\/\/i0.wp.com\/victoriavynn.ca\/wp-content\/uploads\/2022\/09\/delicate-pastel-light-purple-nails-Victoria-VYNN-Pure-Creamy-Hybrid-018-Milky-Lilac-.webp?fit=750%2C1000&ssl=1&resize=350%2C200 1x, https:\/\/i0.wp.com\/victoriavynn.ca\/wp-content\/uploads\/2022\/09\/delicate-pastel-light-purple-nails-Victoria-VYNN-Pure-Creamy-Hybrid-018-Milky-Lilac-.webp?fit=750%2C1000&ssl=1&resize=525%2C300 1.5x, https:\/\/i0.wp.com\/victoriavynn.ca\/wp-content\/uploads\/2022\/09\/delicate-pastel-light-purple-nails-Victoria-VYNN-Pure-Creamy-Hybrid-018-Milky-Lilac-.webp?fit=750%2C1000&ssl=1&resize=700%2C400 2x"},"classes":[]},{"id":21546,"url":"https:\/\/victoriavynn.ca\/fr\/product\/victoria-vynn-5-pack-luna-glass-no-408412262-oh-my-gloss-top-coat-8ml-mega-base-milky-white-8ml\/","url_meta":{"origin":53357,"position":2},"title":"Victoria VYNN 5 Pack Luna Glass No. 408,412,262, Oh ! My Gloss Top Coat 8ml &amp; Mega Base Milky White 8ml","author":"Serge Sahakian","date":"avril 25, 2025","format":false,"excerpt":"Laissez-vous inspirer par l'espace et d\u00e9passez les horizons de la Terre. LUNAglass est un voyage au-del\u00e0 de l'atmosph\u00e8re terrestre, o\u00f9 la lumi\u00e8re argent\u00e9e de la lune \u00e9blouit et hypnotise. Pr\u00e9parez-vous \u00e0 une collection qui va intriguer et cr\u00e9er de nouvelles tendances en mati\u00e8re de manucure. La cl\u00e9 de l'effet galactique ?...","rel":"","context":"Similar post","block_context":{"text":"Similar post","link":""},"img":{"alt_text":"victoria vynn luna glass pack of 5 with 412","src":"https:\/\/i0.wp.com\/victoriavynn.ca\/wp-content\/uploads\/2025\/04\/victoria-vynn-luna-glass-pack-of-5-with-412.webp?fit=750%2C1000&ssl=1&resize=350%2C200","width":350,"height":200,"srcset":"https:\/\/i0.wp.com\/victoriavynn.ca\/wp-content\/uploads\/2025\/04\/victoria-vynn-luna-glass-pack-of-5-with-412.webp?fit=750%2C1000&ssl=1&resize=350%2C200 1x, https:\/\/i0.wp.com\/victoriavynn.ca\/wp-content\/uploads\/2025\/04\/victoria-vynn-luna-glass-pack-of-5-with-412.webp?fit=750%2C1000&ssl=1&resize=525%2C300 1.5x, https:\/\/i0.wp.com\/victoriavynn.ca\/wp-content\/uploads\/2025\/04\/victoria-vynn-luna-glass-pack-of-5-with-412.webp?fit=750%2C1000&ssl=1&resize=700%2C400 2x"},"classes":[]},{"id":21548,"url":"https:\/\/victoriavynn.ca\/fr\/product\/victoria-vynn-5-pack-luna-glass-no-408413262-oh-my-gloss-top-coat-8ml-mega-base-milky-white-8ml\/","url_meta":{"origin":53357,"position":3},"title":"Victoria VYNN 5 Pack Luna Glass No. 408,413,262, Oh ! My Gloss Top Coat 8ml &amp; Mega Base Milky White 8ml","author":"Serge Sahakian","date":"avril 25, 2025","format":false,"excerpt":"Laissez-vous inspirer par l'espace et d\u00e9passez les horizons de la Terre. LUNAglass est un voyage au-del\u00e0 de l'atmosph\u00e8re terrestre, o\u00f9 la lumi\u00e8re argent\u00e9e de la lune \u00e9blouit et hypnotise. Pr\u00e9parez-vous \u00e0 une collection qui va intriguer et cr\u00e9er de nouvelles tendances en mati\u00e8re de manucure. La cl\u00e9 de l'effet galactique ?...","rel":"","context":"Similar post","block_context":{"text":"Similar post","link":""},"img":{"alt_text":"victoria vynn luna glass pack of 5 new 413","src":"https:\/\/i0.wp.com\/victoriavynn.ca\/wp-content\/uploads\/2025\/04\/victoria-vynn-luna-glass-pack-of-5-new-413.webp?fit=750%2C1000&ssl=1&resize=350%2C200","width":350,"height":200,"srcset":"https:\/\/i0.wp.com\/victoriavynn.ca\/wp-content\/uploads\/2025\/04\/victoria-vynn-luna-glass-pack-of-5-new-413.webp?fit=750%2C1000&ssl=1&resize=350%2C200 1x, https:\/\/i0.wp.com\/victoriavynn.ca\/wp-content\/uploads\/2025\/04\/victoria-vynn-luna-glass-pack-of-5-new-413.webp?fit=750%2C1000&ssl=1&resize=525%2C300 1.5x, https:\/\/i0.wp.com\/victoriavynn.ca\/wp-content\/uploads\/2025\/04\/victoria-vynn-luna-glass-pack-of-5-new-413.webp?fit=750%2C1000&ssl=1&resize=700%2C400 2x"},"classes":[]},{"id":4687,"url":"https:\/\/victoriavynn.ca\/fr\/product\/victoria-vynn-gel-polish-color-201\/","url_meta":{"origin":53357,"position":4},"title":"Vernis gel de salon n\u00b0 201 Peach Desire","author":"Serge Sahakian","date":"septembre 4, 2022","format":false,"excerpt":"The milky Peach Desire is a must for any nail stylist in the collection of hybrid varnishes. Canada's Best Selling Victoria VYNN Gel Polish Color is a light-curable line of hybrid varnishes, which is used in two types of styling: 3-stage Hybrid System and 4-stage Soak Off System. Gel Polish\u2026","rel":"","context":"Similar post","block_context":{"text":"Similar post","link":""},"img":{"alt_text":"","src":"https:\/\/i0.wp.com\/victoriavynn.ca\/wp-content\/uploads\/2022\/09\/gel-polish-color-no-201-peach-desire.jpg?fit=753%2C753&ssl=1&resize=350%2C200","width":350,"height":200,"srcset":"https:\/\/i0.wp.com\/victoriavynn.ca\/wp-content\/uploads\/2022\/09\/gel-polish-color-no-201-peach-desire.jpg?fit=753%2C753&ssl=1&resize=350%2C200 1x, https:\/\/i0.wp.com\/victoriavynn.ca\/wp-content\/uploads\/2022\/09\/gel-polish-color-no-201-peach-desire.jpg?fit=753%2C753&ssl=1&resize=525%2C300 1.5x, https:\/\/i0.wp.com\/victoriavynn.ca\/wp-content\/uploads\/2022\/09\/gel-polish-color-no-201-peach-desire.jpg?fit=753%2C753&ssl=1&resize=700%2C400 2x"},"classes":[]},{"id":5147,"url":"https:\/\/victoriavynn.ca\/fr\/product\/victoria-vynn-salon-gel-polish-color-no-263\/","url_meta":{"origin":53357,"position":5},"title":"Salon Gel Polish No. 263 Love","author":"Serge Sahakian","date":"septembre 4, 2022","format":false,"excerpt":"You will no doubt fall in love with the milky, very whitened, semi-transparent pink of Love. Canada's Best Selling Victoria VYNN Gel Polish Color is a light-curable line of hybrid varnishes, which is used in two types of styling: 3-stage Hybrid System and 4-stage Soak Off System. Gel Polish Color\u2026","rel":"","context":"Similar post","block_context":{"text":"Similar post","link":""},"img":{"alt_text":"","src":"https:\/\/i0.wp.com\/victoriavynn.ca\/wp-content\/uploads\/2022\/09\/GP_263-1.jpg?fit=753%2C753&ssl=1&resize=350%2C200","width":350,"height":200,"srcset":"https:\/\/i0.wp.com\/victoriavynn.ca\/wp-content\/uploads\/2022\/09\/GP_263-1.jpg?fit=753%2C753&ssl=1&resize=350%2C200 1x, https:\/\/i0.wp.com\/victoriavynn.ca\/wp-content\/uploads\/2022\/09\/GP_263-1.jpg?fit=753%2C753&ssl=1&resize=525%2C300 1.5x, https:\/\/i0.wp.com\/victoriavynn.ca\/wp-content\/uploads\/2022\/09\/GP_263-1.jpg?fit=753%2C753&ssl=1&resize=700%2C400 2x"},"classes":[]}],"jetpack_sharing_enabled":true,"_links":{"self":[{"href":"https:\/\/victoriavynn.ca\/fr\/wp-json\/wp\/v2\/product\/53357","targetHints":{"allow":["GET"]}}],"collection":[{"href":"https:\/\/victoriavynn.ca\/fr\/wp-json\/wp\/v2\/product"}],"about":[{"href":"https:\/\/victoriavynn.ca\/fr\/wp-json\/wp\/v2\/types\/product"}],"replies":[{"embeddable":true,"href":"https:\/\/victoriavynn.ca\/fr\/wp-json\/wp\/v2\/comments?post=53357"}],"wp:featuredmedia":[{"embeddable":true,"href":"https:\/\/victoriavynn.ca\/fr\/wp-json\/wp\/v2\/media\/53358"}],"wp:attachment":[{"href":"https:\/\/victoriavynn.ca\/fr\/wp-json\/wp\/v2\/media?parent=53357"}],"wp:term":[{"taxonomy":"product_brand","embeddable":true,"href":"https:\/\/victoriavynn.ca\/fr\/wp-json\/wp\/v2\/product_brand?post=53357"},{"taxonomy":"product_cat","embeddable":true,"href":"https:\/\/victoriavynn.ca\/fr\/wp-json\/wp\/v2\/product_cat?post=53357"},{"taxonomy":"product_tag","embeddable":true,"href":"https:\/\/victoriavynn.ca\/fr\/wp-json\/wp\/v2\/product_tag?post=53357"}],"curies":[{"name":"wp","href":"https:\/\/api.w.org\/{rel}","templated":true}]}}