{"id":53361,"date":"2026-04-17T12:22:40","date_gmt":"2026-04-17T16:22:40","guid":{"rendered":"https:\/\/victoriavynn.ca\/product\/victoria-vynn-gel-polish-no-450-frappe-please\/"},"modified":"2026-05-02T12:42:42","modified_gmt":"2026-05-02T16:42:42","slug":"victoria-vynn-gel-polish-no-450-frappe-please","status":"publish","type":"product","link":"https:\/\/victoriavynn.ca\/fr\/product\/victoria-vynn-gel-polish-no-450-frappe-please\/","title":{"rendered":"Victoria VYNN Gel Polish No. 450 Frappe Please"},"content":{"rendered":"<figure class=\"wp-block-embed is-type-video is-provider-youtube wp-block-embed-youtube wp-embed-aspect-16-9 wp-has-aspect-ratio\"><div class=\"wp-block-embed__wrapper\">\n<div class=\"lyte-wrapper fourthree\" title=\"Playlist : Collection de caf\u00e9s\" style=\"width:480px;max-width:100%;margin:5px;\"><div class=\"lyMe hidef playlist\" id=\"WYL_PLu-w5xQ0N0RUwYP67bODF3Th5wP4u_kfF\"><div id=\"lyte_PLu-w5xQ0N0RUwYP67bODF3Th5wP4u_kfF\" data-src=\"https:\/\/i.ytimg.com\/vi\/p2tj81dvftI\/maxresdefault.jpg\" class=\"pL\"><div class=\"tC\"><div class=\"tT\">Playlist : Collection de caf\u00e9s<\/div><\/div><div class=\"play\"><\/div><div class=\"ctrl\"><div class=\"Lctrl\"><\/div><div class=\"Rctrl\"><\/div><\/div><\/div><noscript><a href=\"https:\/\/youtube.com\/playlist?list=PLu-w5xQ0N0RUwYP67bODF3Th5wP4u_kfF\" rel=\"nofollow noopener\" target=\"_blank\"><br \/>Watch this playlist on YouTube<\/a><\/noscript><\/div><\/div>\n<\/div><\/figure>\n\n\n\n<p>Entrez dans un monde o\u00f9 <strong>de riches tons de caf\u00e9 rencontrent un design d'ongles luxueux<\/strong>. Les <strong>Collection Victoria VYNN Coffee Shop<\/strong> est une palette sophistiqu\u00e9e de couleurs de vernis gel inspir\u00e9es de vos boissons de caf\u00e9 pr\u00e9f\u00e9r\u00e9es - pensez \u00e0 des lattes cr\u00e9meuses, des cappuccinos velout\u00e9s, des espressos profonds et des m\u00e9langes de chocolat indulgents.<\/p>\n\n\n\n<p>Con\u00e7ue pour les professionnels de l'ongle et les amateurs de beaut\u00e9, cette collection offre <strong>performance de qualit\u00e9 salon, pigmentation intense et tenue longue dur\u00e9e<\/strong>-Le tout envelopp\u00e9 dans une histoire de couleurs chaudes et \u00e9l\u00e9gantes, parfaites tout au long de l'ann\u00e9e.<\/p>\n\n\n\n<p>Chaque teinte de la collection Coffee Shop capture l'essence de la culture des caf\u00e9s :<\/p>\n\n\n\n<ul class=\"wp-block-list\">\n<li><strong>Nus au lait<\/strong> - Des tons beiges doux et cr\u00e9meux pour un look \u00e9pur\u00e9 et minimaliste<\/li>\n\n\n\n<li><strong>Cappuccino Browns<\/strong> - Des teintes chaudes et \u00e9quilibr\u00e9es, parfaites pour l'\u00e9l\u00e9gance au quotidien<\/li>\n\n\n\n<li><strong>Teintes Espresso<\/strong> - Des bruns profonds et audacieux qui donnent de l'assurance<\/li>\n\n\n\n<li><strong>Tons moka et chocolat<\/strong> - Des couleurs riches et indulgentes avec une finition luxueuse<\/li>\n\n\n\n<li><strong>Pastels au caf\u00e9 lact\u00e9<\/strong> - Des tons neutres subtils et modernes pour des manucures douces et tendance<\/li>\n<\/ul>\n\n\n\n<p>Ces teintes polyvalentes sont id\u00e9ales pour <strong>manucures classiques, tendances automnales pour les ongles, looks de mari\u00e9e et styles minimalistes modernes<\/strong>.<\/p>\n\n\n\n<hr class=\"wp-block-separator has-alpha-channel-opacity\"\/>\n\n\n\n<h3 class=\"wp-block-heading\">\ud83d\udc85 Une performance professionnelle en laquelle vous pouvez avoir confiance<\/h3>\n\n\n\n<p>Le site <strong>Vernis en gel Victoria VYNN Coffee Shop<\/strong> sont formul\u00e9s pour des r\u00e9sultats sup\u00e9rieurs :<\/p>\n\n\n\n<ul class=\"wp-block-list\">\n<li>Formule tr\u00e8s pigment\u00e9e pour <strong>une couverture compl\u00e8te en seulement 1 \u00e0 2 couches<\/strong><\/li>\n\n\n\n<li>Consistance lisse et auto-nivelante pour <strong>une application sans faille<\/strong><\/li>\n\n\n\n<li>Dur\u00e9e de vie prolong\u00e9e jusqu'\u00e0 <strong>3-5 semaines sans s'\u00e9cailler ni se d\u00e9colorer<\/strong><\/li>\n\n\n\n<li>Compatible avec <strong>Lampes UV et LED<\/strong><\/li>\n\n\n\n<li>Parfait pour une utilisation avec <strong>syst\u00e8mes de couche de base et de couche de finition pour une durabilit\u00e9 maximale<\/strong><\/li>\n<\/ul>\n\n\n\n<p>Qu'il s'agisse de cr\u00e9ations de salon ou de manucures bricol\u00e9es, ces couleurs garantissent un r\u00e9sultat optimal. <strong>pr\u00e9cision, durabilit\u00e9 et finition brillante haut de gamme<\/strong>.<\/p>\n\n\n\n<hr class=\"wp-block-separator has-alpha-channel-opacity\"\/>\n\n\n\n<h3 class=\"wp-block-heading\">\u2728 Pourquoi choisir les couleurs de la collection Coffee Shop ?<\/h3>\n\n\n\n<ul class=\"wp-block-list\">\n<li>Inspir\u00e9 par <strong>une esth\u00e9tique de caf\u00e9 intemporelle et des vibrations de luxe douillettes<\/strong><\/li>\n\n\n\n<li>Palette neutre parfaite pour <strong>tous les tons de peau et toutes les saisons<\/strong><\/li>\n\n\n\n<li>Id\u00e9al pour <strong>les proth\u00e9sistes ongulaires professionnelles et les d\u00e9butantes<\/strong><\/li>\n\n\n\n<li>Des possibilit\u00e9s infinies pour <strong>nail art, French tips, ombr\u00e9 et motifs minimalistes<\/strong><\/li>\n<\/ul>\n\n\n\n<hr class=\"wp-block-separator has-alpha-channel-opacity\"\/>\n\n\n\n<h3 class=\"wp-block-heading\">\ud83d\udccd \u00c9levez votre menu d'ongles avec l'\u00e9l\u00e9gance du caf\u00e9<\/h3>\n\n\n\n<p>Apportez de la chaleur, de la profondeur et du raffinement \u00e0 vos cr\u00e9ations d'ongles avec le <strong>Collection Victoria VYNN Coffee Shop<\/strong>. Ces teintes sont plus que de simples couleurs - elles sont une exp\u00e9rience de confort, de style et de beaut\u00e9 moderne.<\/p>","protected":false},"excerpt":{"rendered":"<p data-start=\"150\" data-end=\"431\">Un nude caramel doux inspir\u00e9 par le tourbillon indulgent d'un frapp\u00e9 glac\u00e9 parfaitement m\u00e9lang\u00e9. Cette nuance d\u00e9licieusement chaude de la collection Victoria VYNN Coffee Shop associe un beige cr\u00e9meux \u00e0 de douces nuances de caramel, cr\u00e9ant un fini riche et velout\u00e9 qui donne l'impression d'\u00eatre \u00e0 la fois confortable et \u00e9l\u00e9gant.<\/p>\n<p data-start=\"433\" data-end=\"757\">Parfait pour le quotidien, les manucures ensoleill\u00e9es ou les looks glamour, Frappe Please No. 450 rehausse les ongles d'un \u00e9clat chaud et poli. Sa formule hautement pigment\u00e9e assure une couverture uniforme et sans stries, tandis que la texture autonivelante permet une application sans effort et un fini impeccable et durable jusqu'\u00e0 3-5 semaines.<\/p>\n<p>&nbsp;<\/p>\n<p data-start=\"759\" data-end=\"876\" data-is-last-node=\"\" data-is-only-node=\"\">Id\u00e9al pour : les adeptes du nude caramel, les manucures aux tons chauds, les transitions entre l'\u00e9t\u00e9 et l'automne, et l'\u00e9l\u00e9gance rayonnante et sans effort.<\/p>\n<p>Collection :\u00a0<a href=\"https:\/\/victoriavynn.ca\/fr\/collection-de-vernis-gel-coffee-shop\/\">Caf\u00e9<\/a><\/p>\n<p>Sp\u00e9cifications du produit :<\/p>\n<p><img loading=\"lazy\" decoding=\"async\" class=\"size-full wp-image-10680 alignleft\" src=\"https:\/\/victoriavynn.ca\/wp-content\/uploads\/2023\/02\/DIFFERENT-FINISHING-EFFECTS.webp\" alt=\"DIFF\u00c9RENTS EFFETS DE FINITION\" width=\"125\" height=\"150\" srcset=\"https:\/\/i0.wp.com\/victoriavynn.ca\/wp-content\/uploads\/2023\/02\/DIFFERENT-FINISHING-EFFECTS.webp?w=125&amp;ssl=1 125w, https:\/\/i0.wp.com\/victoriavynn.ca\/wp-content\/uploads\/2023\/02\/DIFFERENT-FINISHING-EFFECTS.webp?resize=10%2C12&amp;ssl=1 10w\" sizes=\"auto, (max-width: 125px) 100vw, 125px\" \/><img loading=\"lazy\" decoding=\"async\" class=\"size-full wp-image-22180 alignleft\" src=\"https:\/\/victoriavynn.ca\/wp-content\/uploads\/2025\/06\/professional-flat-classic-brush.webp\" alt=\"BROSSE CLASSIQUE PLATE PROFESSIONNELLE\" width=\"125\" height=\"150\" srcset=\"https:\/\/i0.wp.com\/victoriavynn.ca\/wp-content\/uploads\/2025\/06\/professional-flat-classic-brush.webp?w=125&amp;ssl=1 125w, https:\/\/i0.wp.com\/victoriavynn.ca\/wp-content\/uploads\/2025\/06\/professional-flat-classic-brush.webp?resize=10%2C12&amp;ssl=1 10w, https:\/\/i0.wp.com\/victoriavynn.ca\/wp-content\/uploads\/2025\/06\/professional-flat-classic-brush.webp?resize=64%2C77&amp;ssl=1 64w\" sizes=\"auto, (max-width: 125px) 100vw, 125px\" \/><img loading=\"lazy\" decoding=\"async\" class=\"size-full wp-image-8758 alignleft\" src=\"https:\/\/victoriavynn.ca\/wp-content\/uploads\/2020\/03\/FOR-UV-LED-LAMPS.webp\" alt=\"couche de base en caoutchouc\" width=\"125\" height=\"150\" \/><img loading=\"lazy\" decoding=\"async\" class=\"size-full wp-image-8772 alignleft\" src=\"https:\/\/victoriavynn.ca\/wp-content\/uploads\/2019\/11\/SALON-QUALITY.webp\" alt=\"GEL NAIL BUILDER\" width=\"125\" height=\"150\" \/><\/p>\n<p>&nbsp;<\/p>\n<p>&nbsp;<\/p>\n<p>&nbsp;<\/p>\n<p>&nbsp;<\/p>\n<p>&nbsp;<\/p>\n<ul>\n<li>Consistance : moyennement \u00e9pais, avec une finition \"autonivelante\".<\/li>\n<li>Couverture et durcissement : Con\u00e7u pour la durabilit\u00e9, adh\u00e8re bien, durcit sous lampes UV\/LED.<\/li>\n<li>Enl\u00e8vement : il se dissout dans l'ac\u00e9tone et peut \u00e9galement \u00eatre enlev\u00e9 \u00e0 l'aide d'une lime ou d'une perceuse.<\/li>\n<\/ul>","protected":false},"featured_media":53707,"comment_status":"open","ping_status":"closed","template":"","meta":[],"product_brand":[922],"product_cat":[51],"product_tag":[990],"class_list":{"0":"post-53361","1":"product","2":"type-product","3":"status-publish","4":"has-post-thumbnail","6":"product_brand-victoria-vynn","7":"product_cat-professional-nail-colours-gel","8":"product_tag-coffee-shop-gel-polish-collection","9":"pa_size-8ml","11":"first","12":"instock","13":"taxable","14":"shipping-taxable","15":"purchasable","16":"product-type-simple"},"jetpack_sharing_enabled":true,"_links":{"self":[{"href":"https:\/\/victoriavynn.ca\/fr\/wp-json\/wp\/v2\/product\/53361","targetHints":{"allow":["GET"]}}],"collection":[{"href":"https:\/\/victoriavynn.ca\/fr\/wp-json\/wp\/v2\/product"}],"about":[{"href":"https:\/\/victoriavynn.ca\/fr\/wp-json\/wp\/v2\/types\/product"}],"replies":[{"embeddable":true,"href":"https:\/\/victoriavynn.ca\/fr\/wp-json\/wp\/v2\/comments?post=53361"}],"wp:featuredmedia":[{"embeddable":true,"href":"https:\/\/victoriavynn.ca\/fr\/wp-json\/wp\/v2\/media\/53707"}],"wp:attachment":[{"href":"https:\/\/victoriavynn.ca\/fr\/wp-json\/wp\/v2\/media?parent=53361"}],"wp:term":[{"taxonomy":"product_brand","embeddable":true,"href":"https:\/\/victoriavynn.ca\/fr\/wp-json\/wp\/v2\/product_brand?post=53361"},{"taxonomy":"product_cat","embeddable":true,"href":"https:\/\/victoriavynn.ca\/fr\/wp-json\/wp\/v2\/product_cat?post=53361"},{"taxonomy":"product_tag","embeddable":true,"href":"https:\/\/victoriavynn.ca\/fr\/wp-json\/wp\/v2\/product_tag?post=53361"}],"curies":[{"name":"wp","href":"https:\/\/api.w.org\/{rel}","templated":true}]}}