{"id":53379,"date":"2026-04-17T12:32:40","date_gmt":"2026-04-17T16:32:40","guid":{"rendered":"https:\/\/victoriavynn.ca\/product\/victoria-vynn-8-pack-candy-shop-452-458-top-it-no-wipe\/"},"modified":"2026-04-17T12:32:41","modified_gmt":"2026-04-17T16:32:41","slug":"victoria-vynn-8-pack-candy-shop-452-458-top-it-no-wipe","status":"publish","type":"product","link":"https:\/\/victoriavynn.ca\/fr\/product\/victoria-vynn-8-pack-candy-shop-452-458-top-it-no-wipe\/","title":{"rendered":"Victoria VYNN 8 Pack Candy Shop 452-458 + Top IT No Wipe"},"content":{"rendered":"","protected":false},"excerpt":{"rendered":"","protected":false},"featured_media":53380,"comment_status":"open","ping_status":"closed","template":"","meta":{"jetpack_post_was_ever_published":false,"jetpack_publicize_message":"","jetpack_publicize_feature_enabled":true,"jetpack_social_post_already_shared":true,"jetpack_social_options":{"image_generator_settings":{"template":"highway","default_image_id":0,"font":"","enabled":false},"version":2}},"product_brand":[],"product_cat":[15],"product_tag":[],"class_list":{"0":"post-53379","1":"product","2":"type-product","3":"status-publish","4":"has-post-thumbnail","6":"product_cat-uncategorized","8":"first","9":"outofstock","10":"taxable","11":"shipping-taxable","12":"purchasable","13":"product-type-simple"},"jetpack_publicize_connections":[],"jetpack-related-posts":[{"id":47987,"url":"https:\/\/victoriavynn.ca\/fr\/product\/victoria-vynn-top-matte-no-wipe\/","url_meta":{"origin":53379,"position":0},"title":"Victoria VYNN Gel Polish Top Coat No Wipe Matte 2.0","author":"Serge Sahakian","date":"f\u00e9vrier 2, 2026","format":false,"excerpt":"Victoria VYNN Top Matte No Wipe offre une finition velout\u00e9e et mate sans essuyage et une tenue durable, digne d'un salon de coiffure. Sp\u00e9cification du produit :","rel":"","context":"Similar post","block_context":{"text":"Similar post","link":""},"img":{"alt_text":"victoria vynn top matte new version 2.0","src":"https:\/\/i0.wp.com\/victoriavynn.ca\/wp-content\/uploads\/2026\/02\/victoria-vynn-top-matte-new-version-2.0.webp?fit=750%2C1000&ssl=1&resize=350%2C200","width":350,"height":200,"srcset":"https:\/\/i0.wp.com\/victoriavynn.ca\/wp-content\/uploads\/2026\/02\/victoria-vynn-top-matte-new-version-2.0.webp?fit=750%2C1000&ssl=1&resize=350%2C200 1x, https:\/\/i0.wp.com\/victoriavynn.ca\/wp-content\/uploads\/2026\/02\/victoria-vynn-top-matte-new-version-2.0.webp?fit=750%2C1000&ssl=1&resize=525%2C300 1.5x, https:\/\/i0.wp.com\/victoriavynn.ca\/wp-content\/uploads\/2026\/02\/victoria-vynn-top-matte-new-version-2.0.webp?fit=750%2C1000&ssl=1&resize=700%2C400 2x"},"classes":[]},{"id":48323,"url":"https:\/\/victoriavynn.ca\/fr\/product\/victoria-vynn-starter-kit-7-2-free\/","url_meta":{"origin":53379,"position":1},"title":"Victoria VYNN 9 Pack Starter Kit 2026","author":"Serge Sahakian","date":"f\u00e9vrier 6, 2026","format":false,"excerpt":"Que contient le pack de 9 ? \u2714 PR\u00c9PARATION Salon Nail Prep 15 ml - D\u00e9shydrate efficacement la plaque de l'ongle naturel pour une adh\u00e9rence maximale. Gel Polish Tape Bond 8 ml - Primaire d'adh\u00e9rence sans acide pour une tenue longue dur\u00e9e. \u2714 BASE SYSTEM Boost Base Clearell 8 ml - Base renfor\u00e7ante autonivelante. Mega Base Cold...","rel":"","context":"Similar post","block_context":{"text":"Similar post","link":""},"img":{"alt_text":"victoria vynn 9 pack","src":"https:\/\/i0.wp.com\/victoriavynn.ca\/wp-content\/uploads\/2026\/02\/victoria-vynn-9-pack-.webp?fit=750%2C1000&ssl=1&resize=350%2C200","width":350,"height":200,"srcset":"https:\/\/i0.wp.com\/victoriavynn.ca\/wp-content\/uploads\/2026\/02\/victoria-vynn-9-pack-.webp?fit=750%2C1000&ssl=1&resize=350%2C200 1x, https:\/\/i0.wp.com\/victoriavynn.ca\/wp-content\/uploads\/2026\/02\/victoria-vynn-9-pack-.webp?fit=750%2C1000&ssl=1&resize=525%2C300 1.5x, https:\/\/i0.wp.com\/victoriavynn.ca\/wp-content\/uploads\/2026\/02\/victoria-vynn-9-pack-.webp?fit=750%2C1000&ssl=1&resize=700%2C400 2x"},"classes":[]},{"id":47989,"url":"https:\/\/victoriavynn.ca\/fr\/product\/victoria-vynn-8-pack-ladies-love-red-gel-polish-439-444-oh-my-gloss-top-coat-matte\/","url_meta":{"origin":53379,"position":2},"title":"Victoria VYNN 8 Pack Ladies Love Red Gel Polish 439-444 + Oh ! My Gloss &amp; Top Coat Matte","author":"Serge Sahakian","date":"f\u00e9vrier 2, 2026","format":false,"excerpt":"La collection de vernis en gel Victoria VYNN Ladies Love Red est une gamme de vernis en gel professionnelle cr\u00e9\u00e9e pour les techniciennes en ongles et les amoureuses de la beaut\u00e9 \u00e0 travers le Canada. Cette collection embl\u00e9matique comprend six teintes rouges puissantes, chacune con\u00e7ue pour offrir une couleur intense, une application impeccable et une brillance durable. Collection : Ladies Love Red Le kit comprend : Victoria...","rel":"","context":"Similar post","block_context":{"text":"Similar post","link":""},"img":{"alt_text":"8 PACK LADIES LOVE RED","src":"https:\/\/i0.wp.com\/victoriavynn.ca\/wp-content\/uploads\/2026\/02\/8-pack-ladies-love-red.webp?fit=750%2C1000&ssl=1&resize=350%2C200","width":350,"height":200,"srcset":"https:\/\/i0.wp.com\/victoriavynn.ca\/wp-content\/uploads\/2026\/02\/8-pack-ladies-love-red.webp?fit=750%2C1000&ssl=1&resize=350%2C200 1x, https:\/\/i0.wp.com\/victoriavynn.ca\/wp-content\/uploads\/2026\/02\/8-pack-ladies-love-red.webp?fit=750%2C1000&ssl=1&resize=525%2C300 1.5x, https:\/\/i0.wp.com\/victoriavynn.ca\/wp-content\/uploads\/2026\/02\/8-pack-ladies-love-red.webp?fit=750%2C1000&ssl=1&resize=700%2C400 2x"},"classes":[]},{"id":37078,"url":"https:\/\/victoriavynn.ca\/fr\/product\/victoria-vynn-salon-gel-polish-top-coat-top-gun-no-wipe\/","url_meta":{"origin":53379,"position":3},"title":"Victoria VYNN Salon Gel Polish Top Coat \"Top Gun\" No Wipe","author":"Serge Sahakian","date":"octobre 18, 2025","format":false,"excerpt":"Une brillance pure en une seule couche. Le Top Coat GUN donne \u00e0 votre manucure la brillance miroir et la protection ultimes - lisse, solide et parfaite sans essuyage. Sp\u00e9cifications du produit : \u00a0 \u00a0 \u00a0 \u00a0 \u00a0 \u00a0","rel":"","context":"Similar post","block_context":{"text":"Similar post","link":""},"img":{"alt_text":"victoria vynn top coat gun 8ml","src":"https:\/\/i0.wp.com\/victoriavynn.ca\/wp-content\/uploads\/2025\/10\/victoria-vynn-top-coat-gun-8ml.webp?fit=750%2C1000&ssl=1&resize=350%2C200","width":350,"height":200,"srcset":"https:\/\/i0.wp.com\/victoriavynn.ca\/wp-content\/uploads\/2025\/10\/victoria-vynn-top-coat-gun-8ml.webp?fit=750%2C1000&ssl=1&resize=350%2C200 1x, https:\/\/i0.wp.com\/victoriavynn.ca\/wp-content\/uploads\/2025\/10\/victoria-vynn-top-coat-gun-8ml.webp?fit=750%2C1000&ssl=1&resize=525%2C300 1.5x, https:\/\/i0.wp.com\/victoriavynn.ca\/wp-content\/uploads\/2025\/10\/victoria-vynn-top-coat-gun-8ml.webp?fit=750%2C1000&ssl=1&resize=700%2C400 2x"},"classes":[]},{"id":37067,"url":"https:\/\/victoriavynn.ca\/fr\/product\/victoria-vynn-salon-gel-polish-top-coat-top-it-no-wipe\/","url_meta":{"origin":53379,"position":4},"title":"Victoria VYNN Salon Gel Polish Top Coat \"Top It\" No Wipe","author":"Serge Sahakian","date":"octobre 18, 2025","format":false,"excerpt":"Victoria VYNN Top It No Wipe Top Coat est un vernis de finition solide de qualit\u00e9 professionnelle dont les caract\u00e9ristiques s'adaptent bien \u00e0 l'utilisation en salon - en particulier la facilit\u00e9 d'application sans essuyage, la fluidit\u00e9 de l'auto-nivellement et la finition tr\u00e8s brillante. Sp\u00e9cification du produit : \u00a0 \u00a0 \u00a0 \u00a0 \u00a0 \u00a0","rel":"","context":"Similar post","block_context":{"text":"Similar post","link":""},"img":{"alt_text":"victoria vynn top it 8ml","src":"https:\/\/i0.wp.com\/victoriavynn.ca\/wp-content\/uploads\/2025\/10\/victoria-vynn-top-it-8ml.webp?fit=750%2C1000&ssl=1&resize=350%2C200","width":350,"height":200,"srcset":"https:\/\/i0.wp.com\/victoriavynn.ca\/wp-content\/uploads\/2025\/10\/victoria-vynn-top-it-8ml.webp?fit=750%2C1000&ssl=1&resize=350%2C200 1x, https:\/\/i0.wp.com\/victoriavynn.ca\/wp-content\/uploads\/2025\/10\/victoria-vynn-top-it-8ml.webp?fit=750%2C1000&ssl=1&resize=525%2C300 1.5x, https:\/\/i0.wp.com\/victoriavynn.ca\/wp-content\/uploads\/2025\/10\/victoria-vynn-top-it-8ml.webp?fit=750%2C1000&ssl=1&resize=700%2C400 2x"},"classes":[]},{"id":47983,"url":"https:\/\/victoriavynn.ca\/fr\/product\/victoria-vynn-aurora-dust-powder\/","url_meta":{"origin":53379,"position":5},"title":"Victoria VYNN Dust Aurora 2.0","author":"Serge Sahakian","date":"f\u00e9vrier 2, 2026","format":false,"excerpt":"Cr\u00e9ez un \u00e9clat lumineux d'aurore avec Victoria VYNN Aurora Dust, une poudre ultra-fine aux doux reflets iris\u00e9s et au fini soyeux et \u00e9l\u00e9gant.","rel":"","context":"Similar post","block_context":{"text":"Similar post","link":""},"img":{"alt_text":"Victoria VYNN Aurora Powder Jar","src":"https:\/\/i0.wp.com\/victoriavynn.ca\/wp-content\/uploads\/2026\/02\/victoria-vynn-aurora-powder-jar-1.webp?fit=750%2C1000&ssl=1&resize=350%2C200","width":350,"height":200,"srcset":"https:\/\/i0.wp.com\/victoriavynn.ca\/wp-content\/uploads\/2026\/02\/victoria-vynn-aurora-powder-jar-1.webp?fit=750%2C1000&ssl=1&resize=350%2C200 1x, https:\/\/i0.wp.com\/victoriavynn.ca\/wp-content\/uploads\/2026\/02\/victoria-vynn-aurora-powder-jar-1.webp?fit=750%2C1000&ssl=1&resize=525%2C300 1.5x, https:\/\/i0.wp.com\/victoriavynn.ca\/wp-content\/uploads\/2026\/02\/victoria-vynn-aurora-powder-jar-1.webp?fit=750%2C1000&ssl=1&resize=700%2C400 2x"},"classes":[]}],"jetpack_sharing_enabled":true,"_links":{"self":[{"href":"https:\/\/victoriavynn.ca\/fr\/wp-json\/wp\/v2\/product\/53379","targetHints":{"allow":["GET"]}}],"collection":[{"href":"https:\/\/victoriavynn.ca\/fr\/wp-json\/wp\/v2\/product"}],"about":[{"href":"https:\/\/victoriavynn.ca\/fr\/wp-json\/wp\/v2\/types\/product"}],"replies":[{"embeddable":true,"href":"https:\/\/victoriavynn.ca\/fr\/wp-json\/wp\/v2\/comments?post=53379"}],"wp:featuredmedia":[{"embeddable":true,"href":"https:\/\/victoriavynn.ca\/fr\/wp-json\/wp\/v2\/media\/53380"}],"wp:attachment":[{"href":"https:\/\/victoriavynn.ca\/fr\/wp-json\/wp\/v2\/media?parent=53379"}],"wp:term":[{"taxonomy":"product_brand","embeddable":true,"href":"https:\/\/victoriavynn.ca\/fr\/wp-json\/wp\/v2\/product_brand?post=53379"},{"taxonomy":"product_cat","embeddable":true,"href":"https:\/\/victoriavynn.ca\/fr\/wp-json\/wp\/v2\/product_cat?post=53379"},{"taxonomy":"product_tag","embeddable":true,"href":"https:\/\/victoriavynn.ca\/fr\/wp-json\/wp\/v2\/product_tag?post=53379"}],"curies":[{"name":"wp","href":"https:\/\/api.w.org\/{rel}","templated":true}]}}