{"id":53387,"date":"2026-04-17T12:43:18","date_gmt":"2026-04-17T16:43:18","guid":{"rendered":"https:\/\/victoriavynn.ca\/product\/victoria-vynn-8-pack-coffee-shop-445-451-top-oh-my-gloss\/"},"modified":"2026-04-17T19:27:36","modified_gmt":"2026-04-17T23:27:36","slug":"victoria-vynn-8-pack-coffee-shop-445-451-top-oh-my-gloss","status":"publish","type":"product","link":"https:\/\/victoriavynn.ca\/fr\/product\/victoria-vynn-8-pack-coffee-shop-445-451-top-oh-my-gloss\/","title":{"rendered":"Victoria VYNN 8 Pack Coffee Shop 445-451 + Top Oh ! My Gloss"},"content":{"rendered":"","protected":false},"excerpt":{"rendered":"","protected":false},"featured_media":53388,"comment_status":"open","ping_status":"closed","template":"","meta":{"jetpack_post_was_ever_published":false,"jetpack_publicize_message":"","jetpack_publicize_feature_enabled":true,"jetpack_social_post_already_shared":true,"jetpack_social_options":{"image_generator_settings":{"template":"highway","default_image_id":0,"font":"","enabled":false},"version":2}},"product_brand":[],"product_cat":[15],"product_tag":[],"class_list":{"0":"post-53387","1":"product","2":"type-product","3":"status-publish","4":"has-post-thumbnail","6":"product_cat-uncategorized","8":"first","9":"instock","10":"taxable","11":"shipping-taxable","12":"purchasable","13":"product-type-simple"},"jetpack_publicize_connections":[],"jetpack-related-posts":[{"id":48323,"url":"https:\/\/victoriavynn.ca\/fr\/product\/victoria-vynn-starter-kit-7-2-free\/","url_meta":{"origin":53387,"position":0},"title":"Victoria VYNN 9 Pack Starter Kit 2026","author":"Serge Sahakian","date":"f\u00e9vrier 6, 2026","format":false,"excerpt":"Que contient le pack de 9 ? \u2714 PR\u00c9PARATION Salon Nail Prep 15 ml - D\u00e9shydrate efficacement la plaque de l'ongle naturel pour une adh\u00e9rence maximale. Gel Polish Tape Bond 8 ml - Primaire d'adh\u00e9rence sans acide pour une tenue longue dur\u00e9e. \u2714 BASE SYSTEM Boost Base Clearell 8 ml - Base renfor\u00e7ante autonivelante. Mega Base Cold...","rel":"","context":"Similar post","block_context":{"text":"Similar post","link":""},"img":{"alt_text":"victoria vynn 9 pack","src":"https:\/\/i0.wp.com\/victoriavynn.ca\/wp-content\/uploads\/2026\/02\/victoria-vynn-9-pack-.webp?fit=750%2C1000&ssl=1&resize=350%2C200","width":350,"height":200,"srcset":"https:\/\/i0.wp.com\/victoriavynn.ca\/wp-content\/uploads\/2026\/02\/victoria-vynn-9-pack-.webp?fit=750%2C1000&ssl=1&resize=350%2C200 1x, https:\/\/i0.wp.com\/victoriavynn.ca\/wp-content\/uploads\/2026\/02\/victoria-vynn-9-pack-.webp?fit=750%2C1000&ssl=1&resize=525%2C300 1.5x, https:\/\/i0.wp.com\/victoriavynn.ca\/wp-content\/uploads\/2026\/02\/victoria-vynn-9-pack-.webp?fit=750%2C1000&ssl=1&resize=700%2C400 2x"},"classes":[]},{"id":47989,"url":"https:\/\/victoriavynn.ca\/fr\/product\/victoria-vynn-8-pack-ladies-love-red-gel-polish-439-444-oh-my-gloss-top-coat-matte\/","url_meta":{"origin":53387,"position":1},"title":"Victoria VYNN 8 Pack Ladies Love Red Gel Polish 439-444 + Oh ! My Gloss &amp; Top Coat Matte","author":"Serge Sahakian","date":"f\u00e9vrier 2, 2026","format":false,"excerpt":"La collection de vernis en gel Victoria VYNN Ladies Love Red est une gamme de vernis en gel professionnelle cr\u00e9\u00e9e pour les techniciennes en ongles et les amoureuses de la beaut\u00e9 \u00e0 travers le Canada. Cette collection embl\u00e9matique comprend six teintes rouges puissantes, chacune con\u00e7ue pour offrir une couleur intense, une application impeccable et une brillance durable. Collection : Ladies Love Red Le kit comprend : Victoria...","rel":"","context":"Similar post","block_context":{"text":"Similar post","link":""},"img":{"alt_text":"8 PACK LADIES LOVE RED","src":"https:\/\/i0.wp.com\/victoriavynn.ca\/wp-content\/uploads\/2026\/02\/8-pack-ladies-love-red.webp?fit=750%2C1000&ssl=1&resize=350%2C200","width":350,"height":200,"srcset":"https:\/\/i0.wp.com\/victoriavynn.ca\/wp-content\/uploads\/2026\/02\/8-pack-ladies-love-red.webp?fit=750%2C1000&ssl=1&resize=350%2C200 1x, https:\/\/i0.wp.com\/victoriavynn.ca\/wp-content\/uploads\/2026\/02\/8-pack-ladies-love-red.webp?fit=750%2C1000&ssl=1&resize=525%2C300 1.5x, https:\/\/i0.wp.com\/victoriavynn.ca\/wp-content\/uploads\/2026\/02\/8-pack-ladies-love-red.webp?fit=750%2C1000&ssl=1&resize=700%2C400 2x"},"classes":[]},{"id":48886,"url":"https:\/\/victoriavynn.ca\/fr\/product\/victoria-vynn-nail-tech-essentials-set-14-pack\/","url_meta":{"origin":53387,"position":2},"title":"Victoria VYNN Nail Tech Essentials Set 14 Pack","author":"Serge Sahakian","date":"f\u00e9vrier 11, 2026","format":false,"excerpt":"Que contient l'ensemble ?  Nail Prep &amp; Foundation Salon Nail Prep 15ml Tape Bond 8ml Mega Base Clear 8ml Gel Polish No. 214 Top Oh ! My Gloss 8ml Builder &amp; Sculpting System Salon Build Gel Base 15ml Mousse Gel Coral Soft No.3 15ml Master Gel Milky White No.2 60g Master Gel...","rel":"","context":"Similar post","block_context":{"text":"Similar post","link":""},"img":{"alt_text":"BUILD GEL SET new","src":"https:\/\/i0.wp.com\/victoriavynn.ca\/wp-content\/uploads\/2026\/02\/build-gel-set-new.webp?fit=750%2C1000&ssl=1&resize=350%2C200","width":350,"height":200,"srcset":"https:\/\/i0.wp.com\/victoriavynn.ca\/wp-content\/uploads\/2026\/02\/build-gel-set-new.webp?fit=750%2C1000&ssl=1&resize=350%2C200 1x, https:\/\/i0.wp.com\/victoriavynn.ca\/wp-content\/uploads\/2026\/02\/build-gel-set-new.webp?fit=750%2C1000&ssl=1&resize=525%2C300 1.5x, https:\/\/i0.wp.com\/victoriavynn.ca\/wp-content\/uploads\/2026\/02\/build-gel-set-new.webp?fit=750%2C1000&ssl=1&resize=700%2C400 2x"},"classes":[]},{"id":47987,"url":"https:\/\/victoriavynn.ca\/fr\/product\/victoria-vynn-top-matte-no-wipe\/","url_meta":{"origin":53387,"position":3},"title":"Victoria VYNN Gel Polish Top Coat No Wipe Matte 2.0","author":"Serge Sahakian","date":"f\u00e9vrier 2, 2026","format":false,"excerpt":"Victoria VYNN Top Matte No Wipe offre une finition velout\u00e9e et mate sans essuyage et une tenue durable, digne d'un salon de coiffure. Sp\u00e9cification du produit :","rel":"","context":"Similar post","block_context":{"text":"Similar post","link":""},"img":{"alt_text":"victoria vynn top matte new version 2.0","src":"https:\/\/i0.wp.com\/victoriavynn.ca\/wp-content\/uploads\/2026\/02\/victoria-vynn-top-matte-new-version-2.0.webp?fit=750%2C1000&ssl=1&resize=350%2C200","width":350,"height":200,"srcset":"https:\/\/i0.wp.com\/victoriavynn.ca\/wp-content\/uploads\/2026\/02\/victoria-vynn-top-matte-new-version-2.0.webp?fit=750%2C1000&ssl=1&resize=350%2C200 1x, https:\/\/i0.wp.com\/victoriavynn.ca\/wp-content\/uploads\/2026\/02\/victoria-vynn-top-matte-new-version-2.0.webp?fit=750%2C1000&ssl=1&resize=525%2C300 1.5x, https:\/\/i0.wp.com\/victoriavynn.ca\/wp-content\/uploads\/2026\/02\/victoria-vynn-top-matte-new-version-2.0.webp?fit=750%2C1000&ssl=1&resize=700%2C400 2x"},"classes":[]},{"id":37078,"url":"https:\/\/victoriavynn.ca\/fr\/product\/victoria-vynn-salon-gel-polish-top-coat-top-gun-no-wipe\/","url_meta":{"origin":53387,"position":4},"title":"Victoria VYNN Salon Gel Polish Top Coat \"Top Gun\" No Wipe","author":"Serge Sahakian","date":"octobre 18, 2025","format":false,"excerpt":"Une brillance pure en une seule couche. Le Top Coat GUN donne \u00e0 votre manucure la brillance miroir et la protection ultimes - lisse, solide et parfaite sans essuyage. Sp\u00e9cifications du produit : \u00a0 \u00a0 \u00a0 \u00a0 \u00a0 \u00a0","rel":"","context":"Similar post","block_context":{"text":"Similar post","link":""},"img":{"alt_text":"victoria vynn top coat gun 8ml","src":"https:\/\/i0.wp.com\/victoriavynn.ca\/wp-content\/uploads\/2025\/10\/victoria-vynn-top-coat-gun-8ml.webp?fit=750%2C1000&ssl=1&resize=350%2C200","width":350,"height":200,"srcset":"https:\/\/i0.wp.com\/victoriavynn.ca\/wp-content\/uploads\/2025\/10\/victoria-vynn-top-coat-gun-8ml.webp?fit=750%2C1000&ssl=1&resize=350%2C200 1x, https:\/\/i0.wp.com\/victoriavynn.ca\/wp-content\/uploads\/2025\/10\/victoria-vynn-top-coat-gun-8ml.webp?fit=750%2C1000&ssl=1&resize=525%2C300 1.5x, https:\/\/i0.wp.com\/victoriavynn.ca\/wp-content\/uploads\/2025\/10\/victoria-vynn-top-coat-gun-8ml.webp?fit=750%2C1000&ssl=1&resize=700%2C400 2x"},"classes":[]},{"id":52734,"url":"https:\/\/victoriavynn.ca\/fr\/product\/victoria-vynn-5-pack-inside-color-pure-vegan-creamy-273-277-pastel\/","url_meta":{"origin":53387,"position":5},"title":"Victoria VYNN 5 Pack Inside Color Pure Vegan Creamy 273-277 (Pastel)","author":"Serge Sahakian","date":"mars 20, 2026","format":false,"excerpt":"\ud83c\udf38 Pure Vegan Creamy Hybrid \u2013 Pastel Collection (5-Pack Sets) Step into a world of softness, elegance, and modern nail artistry with the Pure Vegan Creamy Hybrid Pastel Collection by Victoria VYNN. Designed for professionals and beauty lovers alike, these curated 5-piece pastel sets deliver a perfectly balanced palette of\u2026","rel":"","context":"Similar post","block_context":{"text":"Similar post","link":""},"img":{"alt_text":"pastel final 5 pack in the lan ionside collection","src":"https:\/\/i0.wp.com\/victoriavynn.ca\/wp-content\/uploads\/2026\/03\/pastel-final-5-pack-in-the-lan-ionside-collection.webp?fit=750%2C1000&ssl=1&resize=350%2C200","width":350,"height":200,"srcset":"https:\/\/i0.wp.com\/victoriavynn.ca\/wp-content\/uploads\/2026\/03\/pastel-final-5-pack-in-the-lan-ionside-collection.webp?fit=750%2C1000&ssl=1&resize=350%2C200 1x, https:\/\/i0.wp.com\/victoriavynn.ca\/wp-content\/uploads\/2026\/03\/pastel-final-5-pack-in-the-lan-ionside-collection.webp?fit=750%2C1000&ssl=1&resize=525%2C300 1.5x, https:\/\/i0.wp.com\/victoriavynn.ca\/wp-content\/uploads\/2026\/03\/pastel-final-5-pack-in-the-lan-ionside-collection.webp?fit=750%2C1000&ssl=1&resize=700%2C400 2x"},"classes":[]}],"jetpack_sharing_enabled":true,"_links":{"self":[{"href":"https:\/\/victoriavynn.ca\/fr\/wp-json\/wp\/v2\/product\/53387","targetHints":{"allow":["GET"]}}],"collection":[{"href":"https:\/\/victoriavynn.ca\/fr\/wp-json\/wp\/v2\/product"}],"about":[{"href":"https:\/\/victoriavynn.ca\/fr\/wp-json\/wp\/v2\/types\/product"}],"replies":[{"embeddable":true,"href":"https:\/\/victoriavynn.ca\/fr\/wp-json\/wp\/v2\/comments?post=53387"}],"wp:featuredmedia":[{"embeddable":true,"href":"https:\/\/victoriavynn.ca\/fr\/wp-json\/wp\/v2\/media\/53388"}],"wp:attachment":[{"href":"https:\/\/victoriavynn.ca\/fr\/wp-json\/wp\/v2\/media?parent=53387"}],"wp:term":[{"taxonomy":"product_brand","embeddable":true,"href":"https:\/\/victoriavynn.ca\/fr\/wp-json\/wp\/v2\/product_brand?post=53387"},{"taxonomy":"product_cat","embeddable":true,"href":"https:\/\/victoriavynn.ca\/fr\/wp-json\/wp\/v2\/product_cat?post=53387"},{"taxonomy":"product_tag","embeddable":true,"href":"https:\/\/victoriavynn.ca\/fr\/wp-json\/wp\/v2\/product_tag?post=53387"}],"curies":[{"name":"wp","href":"https:\/\/api.w.org\/{rel}","templated":true}]}}