{"id":536,"date":"2019-11-24T16:59:13","date_gmt":"2019-11-24T21:59:13","guid":{"rendered":"https:\/\/victoriavynn.ca\/?post_type=product&#038;p=536"},"modified":"2026-04-25T12:07:54","modified_gmt":"2026-04-25T16:07:54","slug":"build-gel-top-coat","status":"publish","type":"product","link":"https:\/\/victoriavynn.ca\/fr\/product\/build-gel-top-coat\/","title":{"rendered":"Gel Top Coat Salon Build"},"content":{"rendered":"<div class=\"et_pb_column et_pb_column_1_4 et_pb_column_inner et_pb_column_inner_7\">\n<div class=\"et_pb_module et_pb_text et_pb_text_15 et_pb_bg_layout_light et_pb_text_align_left\">\n<div class=\"et_pb_text_inner\">\n<p>Victoria VYNN Salon Build Gel Top Coat offre une brillance spectaculaire et la durabilit\u00e9 du design du gel. Peut \u00eatre durci dans des lampes UV et LED.<\/p>\n<p>Victoria VYNN, la marque de vernis \u00e0 gel la plus vendue au Canada, fournit aux proth\u00e9sistes ongulaires et aux professionnels des produits de haute qualit\u00e9 pour cr\u00e9er des finitions \u00e9tonnantes de nail art. V\u00e9rifiez notre site fr\u00e9quemment pour les nouveaux produits !<\/p>\n<\/div>\n<\/div>\n<\/div>\n<div class=\"et_pb_column et_pb_column_1_4 et_pb_column_inner et_pb_column_inner_8\">\n<div class=\"et_pb_module et_pb_text et_pb_text_16 et_pb_bg_layout_light et_pb_text_align_left\">\n<div class=\"et_pb_text_inner\">\n<ul>\n<li class=\"p1\">Temps de durcissement : Lampe UV -120 secondes \/ Lampe LED -60 secondes<\/li>\n<li>Poss\u00e8de une couche de dispersion<\/li>\n<li>Procure une belle brillance<\/li>\n<li>Prot\u00e8ge le design<\/li>\n<\/ul>\n<\/div>\n<\/div>\n<\/div>","protected":false},"excerpt":{"rendered":"<p>Victoria VYNN Salon Build Gel Top Coat offre une brillance spectaculaire et la durabilit\u00e9 du design du gel. Peut \u00eatre durci dans des lampes UV et LED.<\/p>\n<p>Victoria VYNN, la marque de vernis \u00e0 gel la plus vendue au Canada, fournit aux proth\u00e9sistes ongulaires et aux professionnels des produits de haute qualit\u00e9 pour cr\u00e9er des finitions \u00e9tonnantes de nail art. V\u00e9rifiez notre site fr\u00e9quemment pour les nouveaux produits !<\/p>","protected":false},"featured_media":539,"comment_status":"open","ping_status":"closed","template":"","meta":[],"product_brand":[],"product_cat":[851,32,22],"product_tag":[90],"class_list":{"0":"post-536","1":"product","2":"type-product","3":"status-publish","4":"has-post-thumbnail","6":"product_cat-easy-fiber-gel","7":"product_cat-thixotropic-gel","8":"product_cat-hard-nail-gel","9":"product_tag-nail-preparations","10":"product_shipping_class-cardboard-box","11":"pa_size-15ml","13":"first","14":"instock","15":"taxable","16":"shipping-taxable","17":"purchasable","18":"product-type-simple"},"jetpack_sharing_enabled":true,"_links":{"self":[{"href":"https:\/\/victoriavynn.ca\/fr\/wp-json\/wp\/v2\/product\/536","targetHints":{"allow":["GET"]}}],"collection":[{"href":"https:\/\/victoriavynn.ca\/fr\/wp-json\/wp\/v2\/product"}],"about":[{"href":"https:\/\/victoriavynn.ca\/fr\/wp-json\/wp\/v2\/types\/product"}],"replies":[{"embeddable":true,"href":"https:\/\/victoriavynn.ca\/fr\/wp-json\/wp\/v2\/comments?post=536"}],"wp:featuredmedia":[{"embeddable":true,"href":"https:\/\/victoriavynn.ca\/fr\/wp-json\/wp\/v2\/media\/539"}],"wp:attachment":[{"href":"https:\/\/victoriavynn.ca\/fr\/wp-json\/wp\/v2\/media?parent=536"}],"wp:term":[{"taxonomy":"product_brand","embeddable":true,"href":"https:\/\/victoriavynn.ca\/fr\/wp-json\/wp\/v2\/product_brand?post=536"},{"taxonomy":"product_cat","embeddable":true,"href":"https:\/\/victoriavynn.ca\/fr\/wp-json\/wp\/v2\/product_cat?post=536"},{"taxonomy":"product_tag","embeddable":true,"href":"https:\/\/victoriavynn.ca\/fr\/wp-json\/wp\/v2\/product_tag?post=536"}],"curies":[{"name":"wp","href":"https:\/\/api.w.org\/{rel}","templated":true}]}}