{"id":540,"date":"2019-11-24T17:01:16","date_gmt":"2019-11-24T22:01:16","guid":{"rendered":"https:\/\/victoriavynn.ca\/?post_type=product&#038;p=540"},"modified":"2026-04-03T15:46:37","modified_gmt":"2026-04-03T19:46:37","slug":"gel-de-base","status":"publish","type":"product","link":"https:\/\/victoriavynn.ca\/fr\/product\/build-gel-base-coat\/","title":{"rendered":"Base de gel Salon Build"},"content":{"rendered":"<div class=\"et_pb_column et_pb_column_1_4 et_pb_column_inner et_pb_column_inner_7\">\n<div class=\"et_pb_module et_pb_text et_pb_text_15 et_pb_bg_layout_light et_pb_text_align_left\">\n<div class=\"et_pb_text_inner\">\n<p>Victoria VYNN Salon Build Gel Base Coat Augmente la durabilit\u00e9 et l'adh\u00e9rence des designs en gel build. Peut \u00eatre durci dans des lampes UV et LED.<\/p>\n<p>Victoria VYNN, la marque de vernis \u00e0 gel la plus vendue au Canada, fournit aux proth\u00e9sistes ongulaires et aux professionnels des produits de haute qualit\u00e9 pour cr\u00e9er des finitions \u00e9tonnantes de nail art. V\u00e9rifiez notre site fr\u00e9quemment pour les nouveaux produits !<\/p>\n<\/div>\n<\/div>\n<\/div>\n<div class=\"et_pb_column et_pb_column_1_4 et_pb_column_inner et_pb_column_inner_8\">\n<div class=\"et_pb_module et_pb_text et_pb_text_16 et_pb_bg_layout_light et_pb_text_align_left\">\n<ul>\n<li>temps de durcissement : Lampe UV - 120 secondes \/ Lampe LED - 60 secondes<\/li>\n<li>Augmente la durabilit\u00e9<\/li>\n<li>Lisse la plaque de l'ongle<\/li>\n<li>Augmente l'adh\u00e9rence des couches suivantes de gel<\/li>\n<\/ul>\n<\/div>\n<\/div>","protected":false},"excerpt":{"rendered":"<p>Victoria VYNN Salon Build Gel Base Coat Augmente la durabilit\u00e9 et l'adh\u00e9rence des designs en gel build. Peut \u00eatre durci dans des lampes UV et LED.<\/p>\n<p>Victoria VYNN, la marque de vernis \u00e0 gel la plus vendue au Canada, fournit aux proth\u00e9sistes ongulaires et aux professionnels des produits de haute qualit\u00e9 pour cr\u00e9er des finitions \u00e9tonnantes de nail art. V\u00e9rifiez notre site fr\u00e9quemment pour les nouveaux produits !<\/p>","protected":false},"featured_media":537,"comment_status":"open","ping_status":"closed","template":"","meta":{"jetpack_post_was_ever_published":false,"jetpack_publicize_message":"","jetpack_publicize_feature_enabled":true,"jetpack_social_post_already_shared":false,"jetpack_social_options":{"image_generator_settings":{"template":"highway","default_image_id":0,"font":"","enabled":false},"version":2}},"product_brand":[],"product_cat":[851,32,22],"product_tag":[90],"class_list":{"0":"post-540","1":"product","2":"type-product","3":"status-publish","4":"has-post-thumbnail","6":"product_cat-easy-fiber-gel","7":"product_cat-thixotropic-gel","8":"product_cat-hard-nail-gel","9":"product_tag-nail-preparations","10":"product_shipping_class-cardboard-box","11":"pa_size-15ml","13":"first","14":"instock","15":"taxable","16":"shipping-taxable","17":"purchasable","18":"product-type-simple"},"jetpack_publicize_connections":[],"jetpack-related-posts":[{"id":536,"url":"https:\/\/victoriavynn.ca\/fr\/product\/build-gel-top-coat\/","url_meta":{"origin":540,"position":0},"title":"Gel Top Coat Salon Build","author":"Serge Sahakian","date":"novembre 24, 2019","format":false,"excerpt":"Victoria VYNN Salon Build Gel Top Coat Provides a Spectacular Shine and Durability of the Gel Design. Can be cured in UV and LED lamps. Canada\u2019s Best Selling Gel Polish Brand Victoria VYNN provides the nail techs and professionals with High Quality Nail Products to create astonishing nail art finishes.\u2026","rel":"","context":"Similar post","block_context":{"text":"Similar post","link":""},"img":{"alt_text":"Build Gel Top Coat","src":"https:\/\/i0.wp.com\/victoriavynn.ca\/wp-content\/uploads\/2019\/11\/Top-Coat.jpg?fit=753%2C753&ssl=1&resize=350%2C200","width":350,"height":200,"srcset":"https:\/\/i0.wp.com\/victoriavynn.ca\/wp-content\/uploads\/2019\/11\/Top-Coat.jpg?fit=753%2C753&ssl=1&resize=350%2C200 1x, https:\/\/i0.wp.com\/victoriavynn.ca\/wp-content\/uploads\/2019\/11\/Top-Coat.jpg?fit=753%2C753&ssl=1&resize=525%2C300 1.5x, https:\/\/i0.wp.com\/victoriavynn.ca\/wp-content\/uploads\/2019\/11\/Top-Coat.jpg?fit=753%2C753&ssl=1&resize=700%2C400 2x"},"classes":[]},{"id":1706,"url":"https:\/\/victoriavynn.ca\/fr\/product\/nail-prep-nail-dehydrator\/","url_meta":{"origin":540,"position":1},"title":"Pr\u00e9paration des ongles de salon (d\u00e9shydrateur d'ongles)","author":"Serge Sahakian","date":"mars 17, 2020","format":false,"excerpt":"Victoria VYNN Nail Prep est le d\u00e9shydrateur d'ongles le plus connu. Une pr\u00e9paration professionnelle pour d\u00e9graisser les ongles. Victoria VYNN, la marque de vernis gel la plus vendue au Canada, fournit aux proth\u00e9sistes ongulaires et aux professionnels des produits de haute qualit\u00e9 pour cr\u00e9er des finitions d'art de l'ongle \u00e9tonnantes. Consultez notre site fr\u00e9quemment pour les nouveaux produits !","rel":"","context":"Similar post","block_context":{"text":"Similar post","link":""},"img":{"alt_text":"victoria vynn nail prep salon dehydrator 15ml new","src":"https:\/\/i0.wp.com\/victoriavynn.ca\/wp-content\/uploads\/2020\/03\/victoria-vynn-nail-prep-salon-dehydrator-15ml-new.webp?fit=750%2C1000&ssl=1&resize=350%2C200","width":350,"height":200,"srcset":"https:\/\/i0.wp.com\/victoriavynn.ca\/wp-content\/uploads\/2020\/03\/victoria-vynn-nail-prep-salon-dehydrator-15ml-new.webp?fit=750%2C1000&ssl=1&resize=350%2C200 1x, https:\/\/i0.wp.com\/victoriavynn.ca\/wp-content\/uploads\/2020\/03\/victoria-vynn-nail-prep-salon-dehydrator-15ml-new.webp?fit=750%2C1000&ssl=1&resize=525%2C300 1.5x, https:\/\/i0.wp.com\/victoriavynn.ca\/wp-content\/uploads\/2020\/03\/victoria-vynn-nail-prep-salon-dehydrator-15ml-new.webp?fit=750%2C1000&ssl=1&resize=700%2C400 2x"},"classes":[]},{"id":2878,"url":"https:\/\/victoriavynn.ca\/fr\/product\/nail-art-gel-3d-creamy-white\/","url_meta":{"origin":540,"position":2},"title":"Gel de salon pour ongles 3D UV\/LED blanc cr\u00e8me","author":"Serge Sahakian","date":"ao\u00fbt 18, 2022","format":false,"excerpt":"Victoria VYNN 3D UV\/LED Gel sont des gels de nail art \u00e0 forte pigmentation, recommand\u00e9s pour divers types de d\u00e9corations ou comme couche uniforme sur les ongles. Durcis dans une lampe UV et LED. La marque de vernis gel la plus vendue au Canada, Victoria VYNN, fournit aux proth\u00e9sistes ongulaires et aux professionnels...","rel":"","context":"Similar post","block_context":{"text":"Similar post","link":""},"img":{"alt_text":"3d nail art gel","src":"https:\/\/i0.wp.com\/victoriavynn.ca\/wp-content\/uploads\/2022\/08\/art-gel-3d-01-creamy-white-5ml.jpeg?fit=753%2C753&ssl=1&resize=350%2C200","width":350,"height":200,"srcset":"https:\/\/i0.wp.com\/victoriavynn.ca\/wp-content\/uploads\/2022\/08\/art-gel-3d-01-creamy-white-5ml.jpeg?fit=753%2C753&ssl=1&resize=350%2C200 1x, https:\/\/i0.wp.com\/victoriavynn.ca\/wp-content\/uploads\/2022\/08\/art-gel-3d-01-creamy-white-5ml.jpeg?fit=753%2C753&ssl=1&resize=525%2C300 1.5x, https:\/\/i0.wp.com\/victoriavynn.ca\/wp-content\/uploads\/2022\/08\/art-gel-3d-01-creamy-white-5ml.jpeg?fit=753%2C753&ssl=1&resize=700%2C400 2x"},"classes":[]},{"id":2882,"url":"https:\/\/victoriavynn.ca\/fr\/product\/nail-art-gel-3d-creamy-green\/","url_meta":{"origin":540,"position":3},"title":"Gel de salon pour ongles 3D UV\/LED vert cr\u00e8me","author":"Serge Sahakian","date":"ao\u00fbt 18, 2022","format":false,"excerpt":"Victoria VYNN 3D UV\/LED Gel sont des gels de nail art \u00e0 forte pigmentation, recommand\u00e9s pour divers types de d\u00e9corations ou comme couche uniforme sur les ongles. Durcis dans une lampe UV et LED. La marque de vernis gel la plus vendue au Canada, Victoria VYNN, fournit aux proth\u00e9sistes ongulaires et aux professionnels...","rel":"","context":"Similar post","block_context":{"text":"Similar post","link":""},"img":{"alt_text":"nail art gel","src":"https:\/\/i0.wp.com\/victoriavynn.ca\/wp-content\/uploads\/2022\/08\/art-gel-3d-08-creamy-green-5ml.jpeg?fit=753%2C753&ssl=1&resize=350%2C200","width":350,"height":200,"srcset":"https:\/\/i0.wp.com\/victoriavynn.ca\/wp-content\/uploads\/2022\/08\/art-gel-3d-08-creamy-green-5ml.jpeg?fit=753%2C753&ssl=1&resize=350%2C200 1x, https:\/\/i0.wp.com\/victoriavynn.ca\/wp-content\/uploads\/2022\/08\/art-gel-3d-08-creamy-green-5ml.jpeg?fit=753%2C753&ssl=1&resize=525%2C300 1.5x, https:\/\/i0.wp.com\/victoriavynn.ca\/wp-content\/uploads\/2022\/08\/art-gel-3d-08-creamy-green-5ml.jpeg?fit=753%2C753&ssl=1&resize=700%2C400 2x"},"classes":[]},{"id":2880,"url":"https:\/\/victoriavynn.ca\/fr\/product\/nail-art-gel-3d-creamy-black\/","url_meta":{"origin":540,"position":4},"title":"Gel de salon pour ongles 3D UV\/LED Noir cr\u00e8me","author":"Serge Sahakian","date":"ao\u00fbt 18, 2022","format":false,"excerpt":"Victoria VYNN 3D UV\/LED Gel sont des gels de nail art \u00e0 forte pigmentation, recommand\u00e9s pour divers types de d\u00e9corations ou comme couche uniforme sur les ongles. Durcis dans une lampe UV et LED. La marque de vernis gel la plus vendue au Canada, Victoria VYNN, fournit aux proth\u00e9sistes ongulaires et aux professionnels...","rel":"","context":"Similar post","block_context":{"text":"Similar post","link":""},"img":{"alt_text":"nail art gel 3d","src":"https:\/\/i0.wp.com\/victoriavynn.ca\/wp-content\/uploads\/2022\/08\/art-gel-3d-02-creamy-black-5ml.jpeg?fit=753%2C753&ssl=1&resize=350%2C200","width":350,"height":200,"srcset":"https:\/\/i0.wp.com\/victoriavynn.ca\/wp-content\/uploads\/2022\/08\/art-gel-3d-02-creamy-black-5ml.jpeg?fit=753%2C753&ssl=1&resize=350%2C200 1x, https:\/\/i0.wp.com\/victoriavynn.ca\/wp-content\/uploads\/2022\/08\/art-gel-3d-02-creamy-black-5ml.jpeg?fit=753%2C753&ssl=1&resize=525%2C300 1.5x, https:\/\/i0.wp.com\/victoriavynn.ca\/wp-content\/uploads\/2022\/08\/art-gel-3d-02-creamy-black-5ml.jpeg?fit=753%2C753&ssl=1&resize=700%2C400 2x"},"classes":[]},{"id":2886,"url":"https:\/\/victoriavynn.ca\/fr\/product\/nail-art-gel-3d-no-wipe-white\/","url_meta":{"origin":540,"position":5},"title":"Salon Art Gel 3D UV\/LED No Wipe White","author":"Serge Sahakian","date":"ao\u00fbt 18, 2022","format":false,"excerpt":"Victoria VYNN 3D UV\/LED Gel sont des gels de nail art \u00e0 forte pigmentation, recommand\u00e9s pour divers types de d\u00e9corations ou comme couche uniforme sur les ongles. Durcis dans une lampe UV et LED. La marque de vernis gel la plus vendue au Canada, Victoria VYNN, fournit aux proth\u00e9sistes ongulaires et aux professionnels...","rel":"","context":"Similar post","block_context":{"text":"Similar post","link":""},"img":{"alt_text":"Nail Art Gel 3D","src":"https:\/\/i0.wp.com\/victoriavynn.ca\/wp-content\/uploads\/2022\/08\/Art-Gel-3D-1-2.jpg?fit=1000%2C1000&ssl=1&resize=350%2C200","width":350,"height":200,"srcset":"https:\/\/i0.wp.com\/victoriavynn.ca\/wp-content\/uploads\/2022\/08\/Art-Gel-3D-1-2.jpg?fit=1000%2C1000&ssl=1&resize=350%2C200 1x, https:\/\/i0.wp.com\/victoriavynn.ca\/wp-content\/uploads\/2022\/08\/Art-Gel-3D-1-2.jpg?fit=1000%2C1000&ssl=1&resize=525%2C300 1.5x, https:\/\/i0.wp.com\/victoriavynn.ca\/wp-content\/uploads\/2022\/08\/Art-Gel-3D-1-2.jpg?fit=1000%2C1000&ssl=1&resize=700%2C400 2x"},"classes":[]}],"jetpack_sharing_enabled":true,"_links":{"self":[{"href":"https:\/\/victoriavynn.ca\/fr\/wp-json\/wp\/v2\/product\/540","targetHints":{"allow":["GET"]}}],"collection":[{"href":"https:\/\/victoriavynn.ca\/fr\/wp-json\/wp\/v2\/product"}],"about":[{"href":"https:\/\/victoriavynn.ca\/fr\/wp-json\/wp\/v2\/types\/product"}],"replies":[{"embeddable":true,"href":"https:\/\/victoriavynn.ca\/fr\/wp-json\/wp\/v2\/comments?post=540"}],"wp:featuredmedia":[{"embeddable":true,"href":"https:\/\/victoriavynn.ca\/fr\/wp-json\/wp\/v2\/media\/537"}],"wp:attachment":[{"href":"https:\/\/victoriavynn.ca\/fr\/wp-json\/wp\/v2\/media?parent=540"}],"wp:term":[{"taxonomy":"product_brand","embeddable":true,"href":"https:\/\/victoriavynn.ca\/fr\/wp-json\/wp\/v2\/product_brand?post=540"},{"taxonomy":"product_cat","embeddable":true,"href":"https:\/\/victoriavynn.ca\/fr\/wp-json\/wp\/v2\/product_cat?post=540"},{"taxonomy":"product_tag","embeddable":true,"href":"https:\/\/victoriavynn.ca\/fr\/wp-json\/wp\/v2\/product_tag?post=540"}],"curies":[{"name":"wp","href":"https:\/\/api.w.org\/{rel}","templated":true}]}}