{"id":7970,"date":"2022-11-30T20:36:59","date_gmt":"2022-12-01T01:36:59","guid":{"rendered":"https:\/\/victoriavynn.ca\/product\/victoria-vynn-pure-creamy-hybrid-gel-polish-no-234-mauve-landscape\/"},"modified":"2026-03-22T14:10:49","modified_gmt":"2026-03-22T18:10:49","slug":"meilleurs-ongles-en-gel-mauve-234-paysage-mauve","status":"publish","type":"product","link":"https:\/\/victoriavynn.ca\/fr\/product\/best-mauve-gel-nails-234-mauve-landscape\/","title":{"rendered":"Pure Creamy Hybrid Gel Polish No. 234 Mauve Landscape"},"content":{"rendered":"<p>Le syst\u00e8me Pure Creamy Hybrid comprend des vernis gel hybrides cr\u00e9meux d'une excellente couverture et durabilit\u00e9. Il s'agit d'une formule avec un indice de s\u00e9curit\u00e9 \u00e9lev\u00e9, sans odeur irritante et pouvant \u00eatre enlev\u00e9e avec de l'alcool cosm\u00e9tique. Le pinceau court et plat, con\u00e7u sp\u00e9cialement pour la ligne de produits Pure, facilite une application uniforme. Le syst\u00e8me vous permet de cr\u00e9er des manucures hybrides ultrafines. Durci uniquement dans des lampes LED !<\/p>\n<p>Victoria VYNN Hybrid Pure Creamy Mauve Landscape No. 235 est un violet-rose, comme dans un paysage abstrait. Les meilleurs ongles en gel mauve.<\/p>\n<p>Les vernis hybrides Pure r\u00e9pondent aux attentes des femmes du monde entier ! Nous cr\u00e9ons nos collections en fonction des derni\u00e8res tendances, nous r\u00e9pondons aux besoins de nos clientes et nous mettons en valeur la beaut\u00e9 de leurs mains !<\/p>","protected":false},"excerpt":{"rendered":"<p>Victoria VYNN Hybrid Pure Creamy Mauve Landscape No. 235 est un violet-rose, comme dans un paysage abstrait. Les meilleurs ongles en gel mauves. Le plus grand distributeur de produits professionnels pour les ongles au Canada. Achetez en toute confiance !<\/p>\n<p>Collection : <a href=\"https:\/\/victoriavynn.ca\/fr\/tags\/victoria-vynn-voyage-collection\/\">Collection Pure Creamy Hybrid Voyage<\/a><\/p>\n<p>Sp\u00e9cifications du produit :<\/p>\n<p><a href=\"https:\/\/victoriavynn.ca\/wp-content\/uploads\/2022\/12\/CREAMY-FORMULA-1.webp\"><img loading=\"lazy\" decoding=\"async\" class=\"size-full wp-image-8777 alignleft\" src=\"https:\/\/victoriavynn.ca\/wp-content\/uploads\/2022\/12\/CREAMY-FORMULA-1.webp\" alt=\"VERNIS GEL CR\u00c9MEUX\" width=\"125\" height=\"150\" \/><\/a> <img loading=\"lazy\" decoding=\"async\" class=\"size-full wp-image-8778 alignleft\" src=\"https:\/\/victoriavynn.ca\/wp-content\/uploads\/2022\/12\/FLAT-SHORT-BRUSH.webp\" alt=\"VERNIS GEL CR\u00c9MEUX\" width=\"125\" height=\"150\" \/><img loading=\"lazy\" decoding=\"async\" class=\"size-full wp-image-8779 alignleft\" src=\"https:\/\/victoriavynn.ca\/wp-content\/uploads\/2022\/12\/FOR-LED-LAMP.webp\" alt=\"VERNIS GEL CR\u00c9MEUX\" width=\"125\" height=\"150\" \/><a href=\"https:\/\/victoriavynn.ca\/wp-content\/uploads\/2019\/11\/SALON-QUALITY.webp\"><img loading=\"lazy\" decoding=\"async\" class=\"size-full wp-image-8772 alignleft\" src=\"https:\/\/victoriavynn.ca\/wp-content\/uploads\/2019\/11\/SALON-QUALITY.webp\" alt=\"GEL NAIL BUILDER\" width=\"125\" height=\"150\" \/><\/a><\/p>\n<p>&nbsp;<\/p>\n<p>&nbsp;<\/p>\n<p>&nbsp;<\/p>\n<p>&nbsp;<\/p>\n<p>&nbsp;<\/p>\n<p>&nbsp;<\/p>\n<p>&nbsp;<\/p>\n<p style=\"text-align: left;\">Disponibilit\u00e9 du stock :<\/p>","protected":false},"featured_media":8820,"comment_status":"open","ping_status":"closed","template":"","meta":{"jetpack_post_was_ever_published":false,"jetpack_publicize_message":"","jetpack_publicize_feature_enabled":true,"jetpack_social_post_already_shared":true,"jetpack_social_options":{"image_generator_settings":{"template":"highway","default_image_id":0,"font":"","enabled":false},"version":2}},"product_brand":[],"product_cat":[48],"product_tag":[958,103,313],"class_list":{"0":"post-7970","1":"product","2":"type-product","3":"status-publish","4":"has-post-thumbnail","6":"product_cat-hybrid-gel-nail-colors","7":"product_tag-autumn-winter-pure-creamy-hybrid-colors","8":"product_tag-creamy-gel-polish","9":"product_tag-victoria-vynn-voyage-collection","10":"product_shipping_class-cardboard-box","11":"pa_size-8ml","13":"first","14":"instock","15":"taxable","16":"shipping-taxable","17":"purchasable","18":"product-type-simple"},"jetpack_publicize_connections":[],"jetpack-related-posts":[{"id":7972,"url":"https:\/\/victoriavynn.ca\/fr\/product\/violet-gel-polish-235-heather-road\/","url_meta":{"origin":7970,"position":0},"title":"Vernis gel hybride Pure Creamy n\u00b0 235 Heather Road","author":"Serge Sahakian","date":"novembre 30, 2022","format":false,"excerpt":"Victoria VYNN Hybrid Pure Creamy Violet Gel Polish Heather Road No. 235 est un violet bruy\u00e8re. Le principal distributeur canadien de fournitures professionnelles pour les ongles. Achetez en toute confiance ! Collection : Pure Creamy Hybrid Collection Voyage Sp\u00e9cifications du produit :               Disponibilit\u00e9 en stock :","rel":"","context":"Similar post","block_context":{"text":"Similar post","link":""},"img":{"alt_text":"violet gel polish","src":"https:\/\/i0.wp.com\/victoriavynn.ca\/wp-content\/uploads\/2022\/11\/235.webp?fit=750%2C1000&ssl=1&resize=350%2C200","width":350,"height":200,"srcset":"https:\/\/i0.wp.com\/victoriavynn.ca\/wp-content\/uploads\/2022\/11\/235.webp?fit=750%2C1000&ssl=1&resize=350%2C200 1x, https:\/\/i0.wp.com\/victoriavynn.ca\/wp-content\/uploads\/2022\/11\/235.webp?fit=750%2C1000&ssl=1&resize=525%2C300 1.5x, https:\/\/i0.wp.com\/victoriavynn.ca\/wp-content\/uploads\/2022\/11\/235.webp?fit=750%2C1000&ssl=1&resize=700%2C400 2x"},"classes":[]},{"id":20595,"url":"https:\/\/victoriavynn.ca\/fr\/product\/victoria-vynn-pure-creamy-hybrid-gel-polish-no-267-maestro\/","url_meta":{"origin":7970,"position":1},"title":"Victoria VYNN Pure Creamy Hybrid Gel Polish No. 267 Maestro !","author":"Serge Sahakian","date":"f\u00e9vrier 7, 2025","format":false,"excerpt":"Victoria VYNN Hybrid Pure Creamy Gel Polish Maestro ! No. 267 est un rose \u00e9carlate sophistiqu\u00e9 avec une nuance de violet. Le syst\u00e8me Pure Creamy Hybrid comprend des vernis hybrides cr\u00e9meux d'une couverture et d'une durabilit\u00e9 excellentes. C'est une formule avec un indice de s\u00e9curit\u00e9 \u00e9lev\u00e9, sans odeur irritante et qui s'enl\u00e8ve avec...","rel":"","context":"Similar post","block_context":{"text":"Similar post","link":""},"img":{"alt_text":"Victoria VYNN Pure Creamy Hybrid Pomodoro Collection No. 267 MAESTRO!","src":"https:\/\/i0.wp.com\/victoriavynn.ca\/wp-content\/uploads\/2025\/02\/victoria-vynn-pure-creamy-hybrid-pomodoro-collection-no.-267-maestro-.webp?fit=750%2C1000&ssl=1&resize=350%2C200","width":350,"height":200,"srcset":"https:\/\/i0.wp.com\/victoriavynn.ca\/wp-content\/uploads\/2025\/02\/victoria-vynn-pure-creamy-hybrid-pomodoro-collection-no.-267-maestro-.webp?fit=750%2C1000&ssl=1&resize=350%2C200 1x, https:\/\/i0.wp.com\/victoriavynn.ca\/wp-content\/uploads\/2025\/02\/victoria-vynn-pure-creamy-hybrid-pomodoro-collection-no.-267-maestro-.webp?fit=750%2C1000&ssl=1&resize=525%2C300 1.5x, https:\/\/i0.wp.com\/victoriavynn.ca\/wp-content\/uploads\/2025\/02\/victoria-vynn-pure-creamy-hybrid-pomodoro-collection-no.-267-maestro-.webp?fit=750%2C1000&ssl=1&resize=700%2C400 2x"},"classes":[]},{"id":12789,"url":"https:\/\/victoriavynn.ca\/fr\/product\/light-creamy-pastel-purple-gel-polish\/","url_meta":{"origin":7970,"position":2},"title":"Pure Creamy Hybrid Gel Polish No. 238 Decadent Lily (Lys d\u00e9cadent)","author":"Serge Sahakian","date":"juin 9, 2023","format":false,"excerpt":"Victoria VYNN Pure Creamy Hybrid Light Creamy Pastel Purple Gel Polish Decadent Lily No. 238 est un violet d\u00e9cadent att\u00e9nu\u00e9 par le gris qui s'harmonise merveilleusement avec la peau ensoleill\u00e9e. Le premier distributeur canadien de fournitures professionnelles pour les ongles. Achetez en toute confiance ! Collection : Pure Creamy Hybrid Retro Pastel Sp\u00e9cifications du produit :          ...","rel":"","context":"Similar post","block_context":{"text":"Similar post","link":""},"img":{"alt_text":"Victoria VYNN Pure Creamy Hybrid Light Creamy Pastel Purple Gel Polish 238 Decadent Lily","src":"https:\/\/i0.wp.com\/victoriavynn.ca\/wp-content\/uploads\/2023\/06\/victoria-vynn-pure-creamy-hybrid-light-creamy-purple-gel-polish-238-decadent-lily-.webp?fit=750%2C1000&ssl=1&resize=350%2C200","width":350,"height":200,"srcset":"https:\/\/i0.wp.com\/victoriavynn.ca\/wp-content\/uploads\/2023\/06\/victoria-vynn-pure-creamy-hybrid-light-creamy-purple-gel-polish-238-decadent-lily-.webp?fit=750%2C1000&ssl=1&resize=350%2C200 1x, https:\/\/i0.wp.com\/victoriavynn.ca\/wp-content\/uploads\/2023\/06\/victoria-vynn-pure-creamy-hybrid-light-creamy-purple-gel-polish-238-decadent-lily-.webp?fit=750%2C1000&ssl=1&resize=525%2C300 1.5x, https:\/\/i0.wp.com\/victoriavynn.ca\/wp-content\/uploads\/2023\/06\/victoria-vynn-pure-creamy-hybrid-light-creamy-purple-gel-polish-238-decadent-lily-.webp?fit=750%2C1000&ssl=1&resize=700%2C400 2x"},"classes":[]},{"id":4271,"url":"https:\/\/victoriavynn.ca\/fr\/product\/victoria-vynn-pure-burnt-pink-gel-polish\/","url_meta":{"origin":7970,"position":3},"title":"Pure Creamy Hybrid Gel Polish No. 126 Burnt Pink","author":"Serge Sahakian","date":"septembre 2, 2022","format":false,"excerpt":"Le meilleur et incroyable vernis en gel rose br\u00fbl\u00e9 ! Victoria VYNN Pure Creamy Hybrid High Pigment Gel Polish 126 Burnt Pink est un rose fum\u00e9 avec un soup\u00e7on de rouge qui charme avec l'\u00e9nergie de la f\u00e9minit\u00e9. Le principal distributeur canadien de fournitures professionnelles pour les ongles. Achetez en toute confiance ! Sp\u00e9cifications du produit :        ...","rel":"","context":"Similar post","block_context":{"text":"Similar post","link":""},"img":{"alt_text":"Victoria VYNN Pure Burnt Pink Gel Polish No. 126","src":"https:\/\/i0.wp.com\/victoriavynn.ca\/wp-content\/uploads\/2022\/09\/victoria-vynn-pure-burnt-pink-gel-polish-no.-126-.webp?fit=750%2C1000&ssl=1&resize=350%2C200","width":350,"height":200,"srcset":"https:\/\/i0.wp.com\/victoriavynn.ca\/wp-content\/uploads\/2022\/09\/victoria-vynn-pure-burnt-pink-gel-polish-no.-126-.webp?fit=750%2C1000&ssl=1&resize=350%2C200 1x, https:\/\/i0.wp.com\/victoriavynn.ca\/wp-content\/uploads\/2022\/09\/victoria-vynn-pure-burnt-pink-gel-polish-no.-126-.webp?fit=750%2C1000&ssl=1&resize=525%2C300 1.5x, https:\/\/i0.wp.com\/victoriavynn.ca\/wp-content\/uploads\/2022\/09\/victoria-vynn-pure-burnt-pink-gel-polish-no.-126-.webp?fit=750%2C1000&ssl=1&resize=700%2C400 2x"},"classes":[]},{"id":4303,"url":"https:\/\/victoriavynn.ca\/fr\/product\/victoria-vynn-purple-grey-nails-pure-099\/","url_meta":{"origin":7970,"position":4},"title":"Pure Creamy Hybrid Gel Polish No. 099 Storybook Charm","author":"Serge Sahakian","date":"septembre 2, 2022","format":false,"excerpt":"Des ongles violets et gris \u00e9tonnants ! Victoria VYNN Pure Creamy Hybrid High Pigment Gel Polish 099 Storybook Charm est une proposition pour les femmes qui pr\u00e9f\u00e8rent les gris teint\u00e9s de violet et de beige. Le premier distributeur canadien de fournitures professionnelles pour les ongles. Achetez en toute confiance ! Sp\u00e9cifications du produit :               Disponibilit\u00e9 en stock :","rel":"","context":"Similar post","block_context":{"text":"Similar post","link":""},"img":{"alt_text":"amazing purple grey nails victoria vynn pure 094 storybook charm","src":"https:\/\/i0.wp.com\/victoriavynn.ca\/wp-content\/uploads\/2022\/09\/amazing-purple-grey-nails-victoria-vynn-pure-094-storybook-charm.webp?fit=750%2C1000&ssl=1&resize=350%2C200","width":350,"height":200,"srcset":"https:\/\/i0.wp.com\/victoriavynn.ca\/wp-content\/uploads\/2022\/09\/amazing-purple-grey-nails-victoria-vynn-pure-094-storybook-charm.webp?fit=750%2C1000&ssl=1&resize=350%2C200 1x, https:\/\/i0.wp.com\/victoriavynn.ca\/wp-content\/uploads\/2022\/09\/amazing-purple-grey-nails-victoria-vynn-pure-094-storybook-charm.webp?fit=750%2C1000&ssl=1&resize=525%2C300 1.5x, https:\/\/i0.wp.com\/victoriavynn.ca\/wp-content\/uploads\/2022\/09\/amazing-purple-grey-nails-victoria-vynn-pure-094-storybook-charm.webp?fit=750%2C1000&ssl=1&resize=700%2C400 2x"},"classes":[]},{"id":4269,"url":"https:\/\/victoriavynn.ca\/fr\/product\/victoria-vynn-violet-pink-gel-polish-127\/","url_meta":{"origin":7970,"position":5},"title":"Vernis gel hybride cr\u00e9meux Pure n\u00b0 127 Rose Madder","author":"Serge Sahakian","date":"septembre 2, 2022","format":false,"excerpt":"Le meilleur vernis en gel rose violet merveilleux ! Victoria VYNN Pure Creamy Hybrid High Pigment Gel Polish 127 Rose Madder est un rose profond et d\u00e9cisif avec une goutte de violet. Le premier distributeur canadien de fournitures professionnelles pour les ongles. Achetez en toute confiance ! Sp\u00e9cifications du produit :               Disponibilit\u00e9 du stock :","rel":"","context":"Similar post","block_context":{"text":"Similar post","link":""},"img":{"alt_text":"Victoria VYNN Pure Violet Pink Gel Polish Rose Madder No. 127 Pure Creamy","src":"https:\/\/i0.wp.com\/victoriavynn.ca\/wp-content\/uploads\/2022\/09\/victoria-vynn-pure-violet-pink-gel-polish-rose-madder-no.-127-pure-creamy.webp?fit=750%2C1000&ssl=1&resize=350%2C200","width":350,"height":200,"srcset":"https:\/\/i0.wp.com\/victoriavynn.ca\/wp-content\/uploads\/2022\/09\/victoria-vynn-pure-violet-pink-gel-polish-rose-madder-no.-127-pure-creamy.webp?fit=750%2C1000&ssl=1&resize=350%2C200 1x, https:\/\/i0.wp.com\/victoriavynn.ca\/wp-content\/uploads\/2022\/09\/victoria-vynn-pure-violet-pink-gel-polish-rose-madder-no.-127-pure-creamy.webp?fit=750%2C1000&ssl=1&resize=525%2C300 1.5x, https:\/\/i0.wp.com\/victoriavynn.ca\/wp-content\/uploads\/2022\/09\/victoria-vynn-pure-violet-pink-gel-polish-rose-madder-no.-127-pure-creamy.webp?fit=750%2C1000&ssl=1&resize=700%2C400 2x"},"classes":[]}],"jetpack_sharing_enabled":true,"_links":{"self":[{"href":"https:\/\/victoriavynn.ca\/fr\/wp-json\/wp\/v2\/product\/7970","targetHints":{"allow":["GET"]}}],"collection":[{"href":"https:\/\/victoriavynn.ca\/fr\/wp-json\/wp\/v2\/product"}],"about":[{"href":"https:\/\/victoriavynn.ca\/fr\/wp-json\/wp\/v2\/types\/product"}],"replies":[{"embeddable":true,"href":"https:\/\/victoriavynn.ca\/fr\/wp-json\/wp\/v2\/comments?post=7970"}],"wp:featuredmedia":[{"embeddable":true,"href":"https:\/\/victoriavynn.ca\/fr\/wp-json\/wp\/v2\/media\/8820"}],"wp:attachment":[{"href":"https:\/\/victoriavynn.ca\/fr\/wp-json\/wp\/v2\/media?parent=7970"}],"wp:term":[{"taxonomy":"product_brand","embeddable":true,"href":"https:\/\/victoriavynn.ca\/fr\/wp-json\/wp\/v2\/product_brand?post=7970"},{"taxonomy":"product_cat","embeddable":true,"href":"https:\/\/victoriavynn.ca\/fr\/wp-json\/wp\/v2\/product_cat?post=7970"},{"taxonomy":"product_tag","embeddable":true,"href":"https:\/\/victoriavynn.ca\/fr\/wp-json\/wp\/v2\/product_tag?post=7970"}],"curies":[{"name":"wp","href":"https:\/\/api.w.org\/{rel}","templated":true}]}}