{"id":7974,"date":"2022-11-30T20:37:03","date_gmt":"2022-12-01T01:37:03","guid":{"rendered":"https:\/\/victoriavynn.ca\/product\/victoria-vynn-pure-creamy-hybrid-gel-polish-no-236-cherry-tour\/"},"modified":"2026-02-20T11:55:03","modified_gmt":"2026-02-20T16:55:03","slug":"vernis-gel-bordeaux-236-cherry-tour","status":"publish","type":"product","link":"https:\/\/victoriavynn.ca\/fr\/product\/burgundy-gel-polish-236-cherry-tour\/","title":{"rendered":"Pure Creamy Hybrid Gel Polish No. 236 Cherry Tour"},"content":{"rendered":"<p>Le syst\u00e8me Pure Creamy Hybrid comprend des vernis gel hybrides cr\u00e9meux d'une excellente couverture et durabilit\u00e9. Il s'agit d'une formule avec un indice de s\u00e9curit\u00e9 \u00e9lev\u00e9, sans odeur irritante et pouvant \u00eatre enlev\u00e9e avec de l'alcool cosm\u00e9tique. Le pinceau court et plat, con\u00e7u sp\u00e9cialement pour la ligne de produits Pure, facilite une application uniforme. Le syst\u00e8me vous permet de cr\u00e9er des manucures hybrides ultrafines. Durci uniquement dans des lampes LED !<\/p>\n<p>Victoria VYNN Hybrid Pure Creamy Burgundy Gel Polish Cherry Tour n\u00b0 236 est un bourgogne issu du verger de cerises.<\/p>\n<p>Les vernis hybrides Pure r\u00e9pondent aux attentes des femmes du monde entier ! Nous cr\u00e9ons nos collections en fonction des derni\u00e8res tendances, nous r\u00e9pondons aux besoins de nos clientes et nous mettons en valeur la beaut\u00e9 de leurs mains !<\/p>","protected":false},"excerpt":{"rendered":"<p>Victoria VYNN Hybrid Pure Creamy Burgundy Gel Polish Cherry Tour No. 236 est un bourgogne du verger de cerises.... Le plus grand distributeur de produits professionnels pour les ongles au Canada. Achetez en toute confiance !<\/p>\n<p>Collection : <a href=\"https:\/\/victoriavynn.ca\/fr\/tags\/victoria-vynn-voyage-collection\/\">Collection Pure Creamy Hybrid Voyage<\/a><\/p>\n<p>Sp\u00e9cifications du produit :<\/p>\n<p><a href=\"https:\/\/victoriavynn.ca\/wp-content\/uploads\/2022\/12\/CREAMY-FORMULA-1.webp\"><img loading=\"lazy\" decoding=\"async\" class=\"size-full wp-image-8777 alignleft\" src=\"https:\/\/victoriavynn.ca\/wp-content\/uploads\/2022\/12\/CREAMY-FORMULA-1.webp\" alt=\"VERNIS GEL CR\u00c9MEUX\" width=\"125\" height=\"150\" \/><\/a> <img loading=\"lazy\" decoding=\"async\" class=\"size-full wp-image-8778 alignleft\" src=\"https:\/\/victoriavynn.ca\/wp-content\/uploads\/2022\/12\/FLAT-SHORT-BRUSH.webp\" alt=\"VERNIS GEL CR\u00c9MEUX\" width=\"125\" height=\"150\" \/><img loading=\"lazy\" decoding=\"async\" class=\"size-full wp-image-8779 alignleft\" src=\"https:\/\/victoriavynn.ca\/wp-content\/uploads\/2022\/12\/FOR-LED-LAMP.webp\" alt=\"VERNIS GEL CR\u00c9MEUX\" width=\"125\" height=\"150\" \/><a href=\"https:\/\/victoriavynn.ca\/wp-content\/uploads\/2019\/11\/SALON-QUALITY.webp\"><img loading=\"lazy\" decoding=\"async\" class=\"size-full wp-image-8772 alignleft\" src=\"https:\/\/victoriavynn.ca\/wp-content\/uploads\/2019\/11\/SALON-QUALITY.webp\" alt=\"GEL NAIL BUILDER\" width=\"125\" height=\"150\" \/><\/a><\/p>\n<p>&nbsp;<\/p>\n<p>&nbsp;<\/p>\n<p>&nbsp;<\/p>\n<p>&nbsp;<\/p>\n<p>&nbsp;<\/p>\n<p>&nbsp;<\/p>\n<p>&nbsp;<\/p>\n<p style=\"text-align: left;\">Disponibilit\u00e9 du stock :<\/p>","protected":false},"featured_media":8814,"comment_status":"open","ping_status":"closed","template":"","meta":{"jetpack_post_was_ever_published":false,"jetpack_publicize_message":"","jetpack_publicize_feature_enabled":true,"jetpack_social_post_already_shared":true,"jetpack_social_options":{"image_generator_settings":{"template":"highway","default_image_id":0,"font":"","enabled":false},"version":2}},"product_brand":[],"product_cat":[48],"product_tag":[958,103,313],"class_list":{"0":"post-7974","1":"product","2":"type-product","3":"status-publish","4":"has-post-thumbnail","6":"product_cat-hybrid-gel-nail-colors","7":"product_tag-autumn-winter-pure-creamy-hybrid-colors","8":"product_tag-creamy-gel-polish","9":"product_tag-victoria-vynn-voyage-collection","10":"product_shipping_class-cardboard-box","11":"pa_size-8ml","13":"first","14":"outofstock","15":"taxable","16":"shipping-taxable","17":"purchasable","18":"product-type-simple"},"jetpack_publicize_connections":[],"jetpack-related-posts":[{"id":6884,"url":"https:\/\/victoriavynn.ca\/fr\/product\/victoria-vynn-sparkling-burgundy-nails-130\/","url_meta":{"origin":7974,"position":0},"title":"Gel polissant hybride Pure Creamy No. 130 Tawny Port","author":"Serge Sahakian","date":"octobre 4, 2022","format":false,"excerpt":"Le meilleur vernis en gel scintillant pour les ongles bourgogne ! Victoria VYNN Pure Creamy Hybrid High Pigment Gel Polish 130 Tawny Port est une teinte bordeaux originale avec des paillettes violettes et des millions de particules roses. Le premier distributeur canadien de fournitures professionnelles pour les ongles. Achetez en toute confiance ! Sp\u00e9cifications du produit :          ...","rel":"","context":"Similar post","block_context":{"text":"Similar post","link":""},"img":{"alt_text":"Victoria vynn pure creamy sparkling burgundy nails tawny port no. 130","src":"https:\/\/i0.wp.com\/victoriavynn.ca\/wp-content\/uploads\/2022\/10\/victoria-vynn-pure-creamy-sparkling-burgundy-nails-tawny-port-no.-130.webp?fit=750%2C1000&ssl=1&resize=350%2C200","width":350,"height":200,"srcset":"https:\/\/i0.wp.com\/victoriavynn.ca\/wp-content\/uploads\/2022\/10\/victoria-vynn-pure-creamy-sparkling-burgundy-nails-tawny-port-no.-130.webp?fit=750%2C1000&ssl=1&resize=350%2C200 1x, https:\/\/i0.wp.com\/victoriavynn.ca\/wp-content\/uploads\/2022\/10\/victoria-vynn-pure-creamy-sparkling-burgundy-nails-tawny-port-no.-130.webp?fit=750%2C1000&ssl=1&resize=525%2C300 1.5x, https:\/\/i0.wp.com\/victoriavynn.ca\/wp-content\/uploads\/2022\/10\/victoria-vynn-pure-creamy-sparkling-burgundy-nails-tawny-port-no.-130.webp?fit=750%2C1000&ssl=1&resize=700%2C400 2x"},"classes":[]},{"id":4373,"url":"https:\/\/victoriavynn.ca\/fr\/product\/glitter-cherry-red-nails-049-remember-me\/","url_meta":{"origin":7974,"position":1},"title":"Gel polissant hybride Pure Creamy n\u00b0 049 Remember Me","author":"Serge Sahakian","date":"septembre 2, 2022","format":false,"excerpt":"Wonderful Glitter Cherry Red Nails! Victoria VYNN Pure Creamy Hybrid High Pigment Gel Polish 049 Remember Me is an unforgettable, cherry red with paillette embedded in the depths. Canada's Leading Distributor of Professional Nail Supplies. Buy with Confidence! Product Specifications: \u00a0 \u00a0 \u00a0 \u00a0 \u00a0 \u00a0 \u00a0 Stock Availability:","rel":"","context":"Similar post","block_context":{"text":"Similar post","link":""},"img":{"alt_text":"Best Glitter Cherry Red Nails Victoria VYNN Pure Creamy Hybrid 049 Remember me","src":"https:\/\/i0.wp.com\/victoriavynn.ca\/wp-content\/uploads\/2022\/09\/Best-Glitter-Cherry-Red-Nails-Victoria-VYNN-Pure-Creamy-Hybrid-049-Remember-me.webp?fit=750%2C1000&ssl=1&resize=350%2C200","width":350,"height":200,"srcset":"https:\/\/i0.wp.com\/victoriavynn.ca\/wp-content\/uploads\/2022\/09\/Best-Glitter-Cherry-Red-Nails-Victoria-VYNN-Pure-Creamy-Hybrid-049-Remember-me.webp?fit=750%2C1000&ssl=1&resize=350%2C200 1x, https:\/\/i0.wp.com\/victoriavynn.ca\/wp-content\/uploads\/2022\/09\/Best-Glitter-Cherry-Red-Nails-Victoria-VYNN-Pure-Creamy-Hybrid-049-Remember-me.webp?fit=750%2C1000&ssl=1&resize=525%2C300 1.5x, https:\/\/i0.wp.com\/victoriavynn.ca\/wp-content\/uploads\/2022\/09\/Best-Glitter-Cherry-Red-Nails-Victoria-VYNN-Pure-Creamy-Hybrid-049-Remember-me.webp?fit=750%2C1000&ssl=1&resize=700%2C400 2x"},"classes":[]},{"id":20597,"url":"https:\/\/victoriavynn.ca\/fr\/product\/victoria-vynn-pure-creamy-hybrid-gel-polish-no-266-antonio-fa-caldo\/","url_meta":{"origin":7974,"position":2},"title":"Victoria VYNN Pure Creamy Hybrid Gel Polish No. 266 Antonio Fa Caldo","author":"Serge Sahakian","date":"f\u00e9vrier 7, 2025","format":false,"excerpt":"Victoria VYNN Hybrid Pure Creamy Gel Polish Antonio Fa Caldo No. 266 is an extraordinary burgundy with a hint of spice. The Pure Creamy Hybrid system comprises creamy hybrid polishes of excellent coverage and durability. It\u2019s a formula with a high safety index, free off an irritating smell and removable\u2026","rel":"","context":"Similar post","block_context":{"text":"Similar post","link":""},"img":{"alt_text":"Victoria VYNN Pure Creamy Hybrid Pomodoro Collection No. 266 Antonio Fa Caldo","src":"https:\/\/i0.wp.com\/victoriavynn.ca\/wp-content\/uploads\/2025\/02\/victoria-vynn-pure-creamy-hybrid-pomodoro-collection-no.-266-antonio-fa-caldo-.webp?fit=750%2C1000&ssl=1&resize=350%2C200","width":350,"height":200,"srcset":"https:\/\/i0.wp.com\/victoriavynn.ca\/wp-content\/uploads\/2025\/02\/victoria-vynn-pure-creamy-hybrid-pomodoro-collection-no.-266-antonio-fa-caldo-.webp?fit=750%2C1000&ssl=1&resize=350%2C200 1x, https:\/\/i0.wp.com\/victoriavynn.ca\/wp-content\/uploads\/2025\/02\/victoria-vynn-pure-creamy-hybrid-pomodoro-collection-no.-266-antonio-fa-caldo-.webp?fit=750%2C1000&ssl=1&resize=525%2C300 1.5x, https:\/\/i0.wp.com\/victoriavynn.ca\/wp-content\/uploads\/2025\/02\/victoria-vynn-pure-creamy-hybrid-pomodoro-collection-no.-266-antonio-fa-caldo-.webp?fit=750%2C1000&ssl=1&resize=700%2C400 2x"},"classes":[]},{"id":4411,"url":"https:\/\/victoriavynn.ca\/fr\/product\/hot-red-valentines-day-nails-025-dry-wine\/","url_meta":{"origin":7974,"position":3},"title":"Pure Creamy Hybrid Gel Polish No. 025 Dry Wine","author":"Serge Sahakian","date":"septembre 2, 2022","format":false,"excerpt":"Most Seducing Hot Red Valentines Day Nails?! Victoria VYNN Pure Creamy Hybrid High Pigment Gel Polish 025 Dry Wine is a deep, seductive shade of burgundy Dry Wine, which no snappy dresser will be able to resist. Canada's Leading Distributor of Professional Nail Supplies. Buy with Confidence! Product Specifications: \u00a0\u2026","rel":"","context":"Similar post","block_context":{"text":"Similar post","link":""},"img":{"alt_text":"Most seducing red valentines day nails Victoria VYNN Pure Creamy Hybrid 024 Dry Wine","src":"https:\/\/i0.wp.com\/victoriavynn.ca\/wp-content\/uploads\/2022\/09\/Most-seducing-red-valentines-day-nails-Victoria-VYNN-Pure-Creamy-Hybrid-024-Dry-Wine.webp?fit=750%2C1000&ssl=1&resize=350%2C200","width":350,"height":200,"srcset":"https:\/\/i0.wp.com\/victoriavynn.ca\/wp-content\/uploads\/2022\/09\/Most-seducing-red-valentines-day-nails-Victoria-VYNN-Pure-Creamy-Hybrid-024-Dry-Wine.webp?fit=750%2C1000&ssl=1&resize=350%2C200 1x, https:\/\/i0.wp.com\/victoriavynn.ca\/wp-content\/uploads\/2022\/09\/Most-seducing-red-valentines-day-nails-Victoria-VYNN-Pure-Creamy-Hybrid-024-Dry-Wine.webp?fit=750%2C1000&ssl=1&resize=525%2C300 1.5x, https:\/\/i0.wp.com\/victoriavynn.ca\/wp-content\/uploads\/2022\/09\/Most-seducing-red-valentines-day-nails-Victoria-VYNN-Pure-Creamy-Hybrid-024-Dry-Wine.webp?fit=750%2C1000&ssl=1&resize=700%2C400 2x"},"classes":[]},{"id":4155,"url":"https:\/\/victoriavynn.ca\/fr\/product\/victoria-vynn-pure-creamy-hybrid-color-no-190\/","url_meta":{"origin":7974,"position":4},"title":"Vernis gel hybride cr\u00e9meux pur n\u00b0 190 Cherry Blossom (fleurs de cerisier)","author":"Serge Sahakian","date":"septembre 2, 2022","format":false,"excerpt":"Victoria VYNN Pure Creamy Hybride Salon Color Coat","rel":"","context":"Similar post","block_context":{"text":"Similar post","link":""},"img":{"alt_text":"","src":"https:\/\/i0.wp.com\/victoriavynn.ca\/wp-content\/uploads\/2022\/09\/VYNN_PURE_190_S.jpg?fit=1200%2C1200&ssl=1&resize=350%2C200","width":350,"height":200,"srcset":"https:\/\/i0.wp.com\/victoriavynn.ca\/wp-content\/uploads\/2022\/09\/VYNN_PURE_190_S.jpg?fit=1200%2C1200&ssl=1&resize=350%2C200 1x, https:\/\/i0.wp.com\/victoriavynn.ca\/wp-content\/uploads\/2022\/09\/VYNN_PURE_190_S.jpg?fit=1200%2C1200&ssl=1&resize=525%2C300 1.5x, https:\/\/i0.wp.com\/victoriavynn.ca\/wp-content\/uploads\/2022\/09\/VYNN_PURE_190_S.jpg?fit=1200%2C1200&ssl=1&resize=700%2C400 2x, https:\/\/i0.wp.com\/victoriavynn.ca\/wp-content\/uploads\/2022\/09\/VYNN_PURE_190_S.jpg?fit=1200%2C1200&ssl=1&resize=1050%2C600 3x"},"classes":[]},{"id":4548,"url":"https:\/\/victoriavynn.ca\/fr\/product\/cherry-red-nail-polish-007-be-cherry\/","url_meta":{"origin":7974,"position":5},"title":"iQ Vernis \u00e0 ongles No. 007 Be Cherry","author":"Serge Sahakian","date":"septembre 4, 2022","format":false,"excerpt":"La teinte de vernis \u00e0 ongles rouge cerise fonc\u00e9 de Be Cherry ressemble beaucoup \u00e0 l'hybride Gel Polish 030. Elle a son \u00e9quivalent dans la collection Gel Polish 006. Avec les couleurs du vernis \u00e0 ongles Victoria VYNN iQ, vous pouvez profiter de l'effet pendant 10 jours, comme apr\u00e8s une visite au salon....","rel":"","context":"Similar post","block_context":{"text":"Similar post","link":""},"img":{"alt_text":"cherry red nail polish","src":"https:\/\/i0.wp.com\/victoriavynn.ca\/wp-content\/uploads\/2022\/09\/cherry-red-nail-polish.png?fit=750%2C1000&ssl=1&resize=350%2C200","width":350,"height":200,"srcset":"https:\/\/i0.wp.com\/victoriavynn.ca\/wp-content\/uploads\/2022\/09\/cherry-red-nail-polish.png?fit=750%2C1000&ssl=1&resize=350%2C200 1x, https:\/\/i0.wp.com\/victoriavynn.ca\/wp-content\/uploads\/2022\/09\/cherry-red-nail-polish.png?fit=750%2C1000&ssl=1&resize=525%2C300 1.5x, https:\/\/i0.wp.com\/victoriavynn.ca\/wp-content\/uploads\/2022\/09\/cherry-red-nail-polish.png?fit=750%2C1000&ssl=1&resize=700%2C400 2x"},"classes":[]}],"jetpack_sharing_enabled":true,"_links":{"self":[{"href":"https:\/\/victoriavynn.ca\/fr\/wp-json\/wp\/v2\/product\/7974","targetHints":{"allow":["GET"]}}],"collection":[{"href":"https:\/\/victoriavynn.ca\/fr\/wp-json\/wp\/v2\/product"}],"about":[{"href":"https:\/\/victoriavynn.ca\/fr\/wp-json\/wp\/v2\/types\/product"}],"replies":[{"embeddable":true,"href":"https:\/\/victoriavynn.ca\/fr\/wp-json\/wp\/v2\/comments?post=7974"}],"wp:featuredmedia":[{"embeddable":true,"href":"https:\/\/victoriavynn.ca\/fr\/wp-json\/wp\/v2\/media\/8814"}],"wp:attachment":[{"href":"https:\/\/victoriavynn.ca\/fr\/wp-json\/wp\/v2\/media?parent=7974"}],"wp:term":[{"taxonomy":"product_brand","embeddable":true,"href":"https:\/\/victoriavynn.ca\/fr\/wp-json\/wp\/v2\/product_brand?post=7974"},{"taxonomy":"product_cat","embeddable":true,"href":"https:\/\/victoriavynn.ca\/fr\/wp-json\/wp\/v2\/product_cat?post=7974"},{"taxonomy":"product_tag","embeddable":true,"href":"https:\/\/victoriavynn.ca\/fr\/wp-json\/wp\/v2\/product_tag?post=7974"}],"curies":[{"name":"wp","href":"https:\/\/api.w.org\/{rel}","templated":true}]}}