{"id":8383,"date":"2022-12-15T18:50:33","date_gmt":"2022-12-15T23:50:33","guid":{"rendered":"https:\/\/victoriavynn.ca\/product\/victoria-vynn-top-coat-blue-night-no-wipe\/"},"modified":"2026-02-13T18:53:20","modified_gmt":"2026-02-13T23:53:20","slug":"blue-night-top-coat-no-wipe","status":"publish","type":"product","link":"https:\/\/victoriavynn.ca\/fr\/product\/blue-night-top-coat-no-wipe\/","title":{"rendered":"Top Coat Blue Night No Wipe"},"content":{"rendered":"<p>Le Victoria VYNN Salon Gel Polish Blue Night Top Coat No Wipe est une autre star parmi les Victoria VYNN Tops.<\/p>\n<p>Une id\u00e9e pour des ongles \u00e9l\u00e9gants, tr\u00e8s \u00e0 la mode cette saison. Un top incolore avec des particules brillantes de diff\u00e9rentes tailles et dans plusieurs nuances de bleu enrichira m\u00eame la coiffure la plus simple. Il est spectaculaire sur les couleurs sombres des vernis hybrides.<\/p>\n<p>Un top pour les motifs photopolym\u00e9ris\u00e9s, sans couche de dispersion. Donne l'effet d'ongles brillants jusqu'\u00e0 4 semaines. Durci dans des lampes UV et LED.<\/p>","protected":false},"excerpt":{"rendered":"<p>Victoria VYNN Salon Gel Polish Blue Night Top Coat No Wipe est une autre star parmi les Tops Victoria VYNN. Une id\u00e9e pour des ongles \u00e9l\u00e9gants, qui sont tellement \u00e0 la mode cette saison. Un top coat incolore avec des particules brillantes de diff\u00e9rentes tailles et dans plusieurs nuances de bleu enrichira m\u00eame le style le plus simple. Il est spectaculaire sur les couleurs sombres des vernis hybrides.<\/p>","protected":false},"featured_media":8683,"comment_status":"open","ping_status":"closed","template":"","meta":{"jetpack_post_was_ever_published":false,"jetpack_publicize_message":"","jetpack_publicize_feature_enabled":true,"jetpack_social_post_already_shared":true,"jetpack_social_options":{"image_generator_settings":{"template":"highway","default_image_id":0,"font":"","enabled":false},"version":2}},"product_brand":[],"product_cat":[55],"product_tag":[90],"class_list":{"0":"post-8383","1":"product","2":"type-product","3":"status-publish","4":"has-post-thumbnail","6":"product_cat-best-gel-top-coats","7":"product_tag-nail-preparations","8":"product_shipping_class-cardboard-box","9":"pa_size-8ml","11":"first","12":"outofstock","13":"taxable","14":"shipping-taxable","15":"purchasable","16":"product-type-simple"},"jetpack_publicize_connections":[],"jetpack-related-posts":[{"id":1702,"url":"https:\/\/victoriavynn.ca\/fr\/product\/victoria-vynn-salon-gel-polish-top-coat-shimmer-purple-no-wipe\/","url_meta":{"origin":8383,"position":0},"title":"Salon Gel Polish Top Coat No Wipe Shimmer Purple","author":"Serge Sahakian","date":"mars 17, 2020","format":false,"excerpt":"Victoria VYNN Salon Gel Polish","rel":"","context":"Similar post","block_context":{"text":"Similar post","link":""},"img":{"alt_text":"","src":"https:\/\/i0.wp.com\/victoriavynn.ca\/wp-content\/uploads\/2020\/03\/Top_Purple.jpg?fit=753%2C753&ssl=1&resize=350%2C200","width":350,"height":200,"srcset":"https:\/\/i0.wp.com\/victoriavynn.ca\/wp-content\/uploads\/2020\/03\/Top_Purple.jpg?fit=753%2C753&ssl=1&resize=350%2C200 1x, https:\/\/i0.wp.com\/victoriavynn.ca\/wp-content\/uploads\/2020\/03\/Top_Purple.jpg?fit=753%2C753&ssl=1&resize=525%2C300 1.5x, https:\/\/i0.wp.com\/victoriavynn.ca\/wp-content\/uploads\/2020\/03\/Top_Purple.jpg?fit=753%2C753&ssl=1&resize=700%2C400 2x"},"classes":[]},{"id":1700,"url":"https:\/\/victoriavynn.ca\/fr\/product\/victoria-vynn-salon-gel-polish-top-coat-shimmer-multicolor-no-wipe\/","url_meta":{"origin":8383,"position":1},"title":"Salon Gel Polish Top Coat No Wipe Shimmer Multicolor","author":"Serge Sahakian","date":"mars 17, 2020","format":false,"excerpt":"Victoria VYNN Salon Gel Polish","rel":"","context":"Similar post","block_context":{"text":"Similar post","link":""},"img":{"alt_text":"","src":"https:\/\/i0.wp.com\/victoriavynn.ca\/wp-content\/uploads\/2020\/03\/Top_Multicolor-rend.jpg?fit=753%2C753&ssl=1&resize=350%2C200","width":350,"height":200,"srcset":"https:\/\/i0.wp.com\/victoriavynn.ca\/wp-content\/uploads\/2020\/03\/Top_Multicolor-rend.jpg?fit=753%2C753&ssl=1&resize=350%2C200 1x, https:\/\/i0.wp.com\/victoriavynn.ca\/wp-content\/uploads\/2020\/03\/Top_Multicolor-rend.jpg?fit=753%2C753&ssl=1&resize=525%2C300 1.5x, https:\/\/i0.wp.com\/victoriavynn.ca\/wp-content\/uploads\/2020\/03\/Top_Multicolor-rend.jpg?fit=753%2C753&ssl=1&resize=700%2C400 2x"},"classes":[]},{"id":1698,"url":"https:\/\/victoriavynn.ca\/fr\/product\/victoria-vynn-salon-gel-polish-top-coat-matt-no-wipe\/","url_meta":{"origin":8383,"position":2},"title":"Salon Gel Polish Top Coat No Wipe MATT","author":"Serge Sahakian","date":"mars 17, 2020","format":false,"excerpt":"Victoria VYNN Salon Gel Polish","rel":"","context":"Similar post","block_context":{"text":"Similar post","link":""},"img":{"alt_text":"victoria vynn top coat matt","src":"https:\/\/i0.wp.com\/victoriavynn.ca\/wp-content\/uploads\/2020\/03\/victoria-vynn-top-coat-matt.webp?fit=750%2C1000&ssl=1&resize=350%2C200","width":350,"height":200,"srcset":"https:\/\/i0.wp.com\/victoriavynn.ca\/wp-content\/uploads\/2020\/03\/victoria-vynn-top-coat-matt.webp?fit=750%2C1000&ssl=1&resize=350%2C200 1x, https:\/\/i0.wp.com\/victoriavynn.ca\/wp-content\/uploads\/2020\/03\/victoria-vynn-top-coat-matt.webp?fit=750%2C1000&ssl=1&resize=525%2C300 1.5x, https:\/\/i0.wp.com\/victoriavynn.ca\/wp-content\/uploads\/2020\/03\/victoria-vynn-top-coat-matt.webp?fit=750%2C1000&ssl=1&resize=700%2C400 2x"},"classes":[]},{"id":11612,"url":"https:\/\/victoriavynn.ca\/fr\/product\/victoria-vynn-best-gel-polish-starter-kit\/","url_meta":{"origin":8383,"position":3},"title":"Victoria VYNN Salon Gel Polish Starter Kit (Pack de 5)","author":"Serge Sahakian","date":"avril 27, 2023","format":false,"excerpt":"Le meilleur kit de d\u00e9marrage pour Gel Polish avec la qualit\u00e9 Premium Salon ! Le kit est compos\u00e9 de 5 produits les plus vendus dans le syst\u00e8me de vernis en gel de salon : Pr\u00e9paration pour ongles de salon Tape Bond Mega Rubber Base Coat Top Coat No Wipe Gloss Sp\u00e9cifications du produit :          ...","rel":"","context":"With 1 comment","block_context":{"text":"With 1 comment","link":"https:\/\/victoriavynn.ca\/fr\/product\/victoria-vynn-best-gel-polish-starter-kit\/#comments"},"img":{"alt_text":"Victoria VYNN Best Gel Polish Starter Kit","src":"https:\/\/i0.wp.com\/victoriavynn.ca\/wp-content\/uploads\/2023\/04\/Gel-Polish-Starter-Pack.webp?fit=750%2C1000&ssl=1&resize=350%2C200","width":350,"height":200,"srcset":"https:\/\/i0.wp.com\/victoriavynn.ca\/wp-content\/uploads\/2023\/04\/Gel-Polish-Starter-Pack.webp?fit=750%2C1000&ssl=1&resize=350%2C200 1x, https:\/\/i0.wp.com\/victoriavynn.ca\/wp-content\/uploads\/2023\/04\/Gel-Polish-Starter-Pack.webp?fit=750%2C1000&ssl=1&resize=525%2C300 1.5x, https:\/\/i0.wp.com\/victoriavynn.ca\/wp-content\/uploads\/2023\/04\/Gel-Polish-Starter-Pack.webp?fit=750%2C1000&ssl=1&resize=700%2C400 2x"},"classes":[]},{"id":17531,"url":"https:\/\/victoriavynn.ca\/fr\/product\/victoria-vynn-oh-my-gloss-top-coat-no-wipe\/","url_meta":{"origin":8383,"position":4},"title":"Victoria VYNN Salon Gel Polish Oh ! My Gloss Top Coat No Wipe","author":"Serge Sahakian","date":"avril 10, 2024","format":false,"excerpt":"OH!MG ! \u00e7a vient...c'est l\u00e0 ! nouveau TOP GLOSS ! Peut-on am\u00e9liorer l'id\u00e9al ? Nous prouvons que OUI ! D\u00e9couvrez la nouvelle version du produit pr\u00e9f\u00e9r\u00e9 des proth\u00e9sistes ongulaires - TOP GLOSS - OH ! MY GLOSS. Une brillance intense sans essuyage. Un Top Coat qui garantit une finition manucure encore plus brillante et durable. Apporte...","rel":"","context":"Similar post","block_context":{"text":"Similar post","link":""},"img":{"alt_text":"Victoria VYNN Salon Gel Polish Top Coat Gloss Oh! My Gloss 8ml","src":"https:\/\/i0.wp.com\/victoriavynn.ca\/wp-content\/uploads\/2024\/04\/victoria-vynn-salon-gel-polish-top-coat-gloss-omg-8ml-oh-my-gloss-super-shine-top-coat.webp?fit=750%2C1000&ssl=1&resize=350%2C200","width":350,"height":200,"srcset":"https:\/\/i0.wp.com\/victoriavynn.ca\/wp-content\/uploads\/2024\/04\/victoria-vynn-salon-gel-polish-top-coat-gloss-omg-8ml-oh-my-gloss-super-shine-top-coat.webp?fit=750%2C1000&ssl=1&resize=350%2C200 1x, https:\/\/i0.wp.com\/victoriavynn.ca\/wp-content\/uploads\/2024\/04\/victoria-vynn-salon-gel-polish-top-coat-gloss-omg-8ml-oh-my-gloss-super-shine-top-coat.webp?fit=750%2C1000&ssl=1&resize=525%2C300 1.5x, https:\/\/i0.wp.com\/victoriavynn.ca\/wp-content\/uploads\/2024\/04\/victoria-vynn-salon-gel-polish-top-coat-gloss-omg-8ml-oh-my-gloss-super-shine-top-coat.webp?fit=750%2C1000&ssl=1&resize=700%2C400 2x"},"classes":[]},{"id":1704,"url":"https:\/\/victoriavynn.ca\/fr\/product\/gel-unblue-top-coat-no-wipe\/","url_meta":{"origin":8383,"position":5},"title":"Salon Gel Polish Top Coat No Wipe UNBLUE","author":"Serge Sahakian","date":"mars 17, 2020","format":false,"excerpt":"Le Top Coat Ultimate Unblue ne s'essuie pas sans un reflet bleu. Donne aux ongles un effet brillant jusqu'\u00e0 5 semaines. Durci dans des lampes UV et LED. Top unblue est la finition parfaite pour les designs hybrides et en gel ainsi que pour le nail art. Particuli\u00e8rement recommand\u00e9 pour les couleurs fonc\u00e9es. Transparent...","rel":"","context":"Similar post","block_context":{"text":"Similar post","link":""},"img":{"alt_text":"Victoria VYNN Unblue Top Coat No Wipe","src":"https:\/\/i0.wp.com\/victoriavynn.ca\/wp-content\/uploads\/2020\/03\/unblue-top-coat-no-wipe.webp?fit=750%2C1000&ssl=1&resize=350%2C200","width":350,"height":200,"srcset":"https:\/\/i0.wp.com\/victoriavynn.ca\/wp-content\/uploads\/2020\/03\/unblue-top-coat-no-wipe.webp?fit=750%2C1000&ssl=1&resize=350%2C200 1x, https:\/\/i0.wp.com\/victoriavynn.ca\/wp-content\/uploads\/2020\/03\/unblue-top-coat-no-wipe.webp?fit=750%2C1000&ssl=1&resize=525%2C300 1.5x, https:\/\/i0.wp.com\/victoriavynn.ca\/wp-content\/uploads\/2020\/03\/unblue-top-coat-no-wipe.webp?fit=750%2C1000&ssl=1&resize=700%2C400 2x"},"classes":[]}],"jetpack_sharing_enabled":true,"_links":{"self":[{"href":"https:\/\/victoriavynn.ca\/fr\/wp-json\/wp\/v2\/product\/8383","targetHints":{"allow":["GET"]}}],"collection":[{"href":"https:\/\/victoriavynn.ca\/fr\/wp-json\/wp\/v2\/product"}],"about":[{"href":"https:\/\/victoriavynn.ca\/fr\/wp-json\/wp\/v2\/types\/product"}],"replies":[{"embeddable":true,"href":"https:\/\/victoriavynn.ca\/fr\/wp-json\/wp\/v2\/comments?post=8383"}],"wp:featuredmedia":[{"embeddable":true,"href":"https:\/\/victoriavynn.ca\/fr\/wp-json\/wp\/v2\/media\/8683"}],"wp:attachment":[{"href":"https:\/\/victoriavynn.ca\/fr\/wp-json\/wp\/v2\/media?parent=8383"}],"wp:term":[{"taxonomy":"product_brand","embeddable":true,"href":"https:\/\/victoriavynn.ca\/fr\/wp-json\/wp\/v2\/product_brand?post=8383"},{"taxonomy":"product_cat","embeddable":true,"href":"https:\/\/victoriavynn.ca\/fr\/wp-json\/wp\/v2\/product_cat?post=8383"},{"taxonomy":"product_tag","embeddable":true,"href":"https:\/\/victoriavynn.ca\/fr\/wp-json\/wp\/v2\/product_tag?post=8383"}],"curies":[{"name":"wp","href":"https:\/\/api.w.org\/{rel}","templated":true}]}}