{"id":9465,"date":"2023-01-03T15:23:03","date_gmt":"2023-01-03T20:23:03","guid":{"rendered":"https:\/\/victoriavynn.ca\/?post_type=product&#038;p=9465"},"modified":"2026-03-04T18:41:12","modified_gmt":"2026-03-04T23:41:12","slug":"meche-a-cuticule-en-carbure-de-tungstene-cylindre-arrondi","status":"publish","type":"product","link":"https:\/\/victoriavynn.ca\/fr\/product\/carbide-cuticle-bit-rounded-cylinder\/","title":{"rendered":"Staleks PRO Carbide Nail Drill Bit \"Rounded Cylinder\" (Foret \u00e0 clous en carbure)"},"content":{"rendered":"<div class=\"elementor-element elementor-element-ccfb871 elementor-widget elementor-widget-heading\" data-id=\"ccfb871\" data-element_type=\"widget\" data-widget_type=\"heading.default\">\n<div class=\"elementor-widget-container\">\n<p>Embout \u00e0 cuticules en carbure \u00e0 usage professionnel \u00e0 \"cylindre arrondi\".<\/p>\n<p class=\"elementor-heading-title elementor-size-default\">Qualit\u00e9 des produits Staleks<\/p>\n<\/div>\n<\/div>\n<div class=\"elementor-element elementor-element-145f648 u-links-anim-ul elementor-widget elementor-widget-text-editor\" data-id=\"145f648\" data-element_type=\"widget\" data-widget_type=\"text-editor.default\">\n<div class=\"elementor-widget-container\">\n<p>Staleks se consacre \u00e0 la qualit\u00e9 du produit. Le cycle de production comprend des processus d'assurance qualit\u00e9 \u00e0 l'entr\u00e9e et \u00e0 la sortie. La qualit\u00e9 des mati\u00e8res premi\u00e8res entrantes est v\u00e9rifi\u00e9e dans les laboratoires certifi\u00e9s o\u00f9 les aspects physiques et chimiques de l'acier sont analys\u00e9s. Un acier inoxydable de qualit\u00e9 m\u00e9dicale import\u00e9 d'Espagne est utilis\u00e9 pour la fabrication de tous les instruments. Ce type d'acier est exceptionnellement r\u00e9sistant \u00e0 la corrosion et poss\u00e8de une duret\u00e9 in\u00e9gal\u00e9e, garantissant un tranchant durable. L'acier est utilis\u00e9 pour les gammes d'instruments \u00e0 usage professionnel et domestique.<\/p>\n<p>L'assurance qualit\u00e9 de la production est assur\u00e9e par le d\u00e9partement CQ. Les sp\u00e9cialistes du CQ v\u00e9rifient la conformit\u00e9 de tous les produits aux r\u00e8glements et aux normes. Si des d\u00e9fauts sont constat\u00e9s, l'instrument est renvoy\u00e9 pour \u00eatre retravaill\u00e9. Cette approche m\u00e9ticuleuse garantit que seuls les produits de haute qualit\u00e9 r\u00e9pondant \u00e0 toutes les normes sont mis sur le march\u00e9.<\/p>\n<p>Staleks a mis en place la norme ISO 9001:2015, un syst\u00e8me de gestion de la qualit\u00e9 efficace et conforme aux normes internationales. Une gestion comp\u00e9tente du cycle de travail est le facteur cl\u00e9 de la fabrication de produits de premier ordre.<\/p>\n<p>Best Quality Carbide Cuticle Bit.<\/p>\n<\/div>\n<\/div>\n<p>&nbsp;<\/p>","protected":false},"excerpt":{"rendered":"<p>Embout \u00e0 cuticules en carbure \u00e0 usage professionnel \u00e0 \"cylindre arrondi\".<\/p>\n<p>Staleks se consacre \u00e0 la qualit\u00e9 de ses produits. L'acier utilis\u00e9 pour la production des embouts est exceptionnellement r\u00e9sistant \u00e0 la corrosion et poss\u00e8de une duret\u00e9 in\u00e9gal\u00e9e, garantissant un tranchant durable.<\/p>\n<p>Nous nous sommes associ\u00e9s \u00e0 Staleks au Canada pour fournir un ensemble complet de produits professionnels destin\u00e9s \u00e0 rendre le travail du proth\u00e9siste ongulaire totalement id\u00e9al.<\/p>","protected":false},"featured_media":9471,"comment_status":"open","ping_status":"closed","template":"","meta":{"jetpack_post_was_ever_published":false,"jetpack_publicize_message":"","jetpack_publicize_feature_enabled":true,"jetpack_social_post_already_shared":false,"jetpack_social_options":{"image_generator_settings":{"template":"highway","default_image_id":0,"font":"","enabled":false},"version":2}},"product_brand":[935],"product_cat":[365],"product_tag":[358,600],"class_list":{"0":"post-9465","1":"product","2":"type-product","3":"status-publish","4":"has-post-thumbnail","6":"product_brand-staleks","7":"product_cat-staleks-nail-bits","8":"product_tag-carbide-nail-drill-bit-rounded-cylinder","9":"product_tag-drill-bits","10":"product_shipping_class-cardboard-box","11":"pa_size-head-diameter-5-mm-working-part-13mm","12":"pa_size-head-diameter-6-mm-working-part-14mm","14":"first","15":"instock","16":"taxable","17":"shipping-taxable","18":"purchasable","19":"product-type-variable","20":"wvs-archive-product-wrapper"},"jetpack_publicize_connections":[],"jetpack-related-posts":[{"id":9280,"url":"https:\/\/victoriavynn.ca\/fr\/product\/staleks-best-cuticle-drill-bit-cylinder\/","url_meta":{"origin":9465,"position":0},"title":"Staleks PRO Expert Diamond Nail Drill Bit \"Cylinder\" (en anglais)","author":"Serge Sahakian","date":"janvier 1, 2023","format":false,"excerpt":"M\u00e8che \u00e0 cuticules de type \"cylindrique\" \u00e0 usage professionnel. Staleks se consacre \u00e0 la qualit\u00e9 de ses produits. L'acier utilis\u00e9 pour la production des m\u00e8ches est exceptionnellement r\u00e9sistant \u00e0 la corrosion et poss\u00e8de une duret\u00e9 in\u00e9gal\u00e9e, garantissant un tranchant durable. Nous nous sommes associ\u00e9s \u00e0 Staleks au Canada pour fournir un ensemble complet de produits professionnels...","rel":"","context":"Similar post","block_context":{"text":"Similar post","link":""},"img":{"alt_text":"Best Cylinder Cuticle Drill Bits","src":"https:\/\/i0.wp.com\/victoriavynn.ca\/wp-content\/uploads\/2023\/01\/Staleks-Cylinder-Featured-Image.jpg?fit=750%2C1000&ssl=1&resize=350%2C200","width":350,"height":200,"srcset":"https:\/\/i0.wp.com\/victoriavynn.ca\/wp-content\/uploads\/2023\/01\/Staleks-Cylinder-Featured-Image.jpg?fit=750%2C1000&ssl=1&resize=350%2C200 1x, https:\/\/i0.wp.com\/victoriavynn.ca\/wp-content\/uploads\/2023\/01\/Staleks-Cylinder-Featured-Image.jpg?fit=750%2C1000&ssl=1&resize=525%2C300 1.5x, https:\/\/i0.wp.com\/victoriavynn.ca\/wp-content\/uploads\/2023\/01\/Staleks-Cylinder-Featured-Image.jpg?fit=750%2C1000&ssl=1&resize=700%2C400 2x"},"classes":[]},{"id":9303,"url":"https:\/\/victoriavynn.ca\/fr\/product\/staleks-diamond-nail-bit-rounded-cylinder\/","url_meta":{"origin":9465,"position":1},"title":"Staleks PRO Expert Diamond Nail Drill Bit \"Rounded Cylinder\" (cylindre arrondi)","author":"Serge Sahakian","date":"janvier 1, 2023","format":false,"excerpt":"Professional Use \"Rounded Cylinder\" Type Diamond Nail Bit. Staleks dedicates itself to the product quality. The Steel used for the production of the bits is exceptionally resistant to corrosion and has unmatched hardness, ensuring long-lasting sharpness. We have Partnered with Staleks in Canada to provide a Full Professional Package of\u2026","rel":"","context":"Similar post","block_context":{"text":"Similar post","link":""},"img":{"alt_text":"rounded cylinder diamond nail bit","src":"https:\/\/i0.wp.com\/victoriavynn.ca\/wp-content\/uploads\/2023\/01\/Staleks-ROUNDED-CYLINDER-Featured-Image.jpg?fit=750%2C1000&ssl=1&resize=350%2C200","width":350,"height":200,"srcset":"https:\/\/i0.wp.com\/victoriavynn.ca\/wp-content\/uploads\/2023\/01\/Staleks-ROUNDED-CYLINDER-Featured-Image.jpg?fit=750%2C1000&ssl=1&resize=350%2C200 1x, https:\/\/i0.wp.com\/victoriavynn.ca\/wp-content\/uploads\/2023\/01\/Staleks-ROUNDED-CYLINDER-Featured-Image.jpg?fit=750%2C1000&ssl=1&resize=525%2C300 1.5x, https:\/\/i0.wp.com\/victoriavynn.ca\/wp-content\/uploads\/2023\/01\/Staleks-ROUNDED-CYLINDER-Featured-Image.jpg?fit=750%2C1000&ssl=1&resize=700%2C400 2x"},"classes":[]},{"id":9476,"url":"https:\/\/victoriavynn.ca\/fr\/product\/staleks-carbide-nail-bits-cone\/","url_meta":{"origin":9465,"position":2},"title":"Staleks PRO Carbide Nail Drill Bit \"Cone\" (foret \u00e0 clous)","author":"Serge Sahakian","date":"janvier 3, 2023","format":false,"excerpt":"Professional Use \"Cone\" Carbide Nail Bits. Staleks dedicates itself to the product quality. The Steel used for the production of the bits is exceptionally resistant to corrosion and has unmatched hardness, ensuring long-lasting sharpness. We have Partnered with Staleks in Canada to provide a Full Professional Package of Products to\u2026","rel":"","context":"Similar post","block_context":{"text":"Similar post","link":""},"img":{"alt_text":"Staleks Best Carbide Nail Bits Cone","src":"https:\/\/i0.wp.com\/victoriavynn.ca\/wp-content\/uploads\/2023\/01\/Staleks-Carbide-Cone.jpg?fit=750%2C1000&ssl=1&resize=350%2C200","width":350,"height":200,"srcset":"https:\/\/i0.wp.com\/victoriavynn.ca\/wp-content\/uploads\/2023\/01\/Staleks-Carbide-Cone.jpg?fit=750%2C1000&ssl=1&resize=350%2C200 1x, https:\/\/i0.wp.com\/victoriavynn.ca\/wp-content\/uploads\/2023\/01\/Staleks-Carbide-Cone.jpg?fit=750%2C1000&ssl=1&resize=525%2C300 1.5x, https:\/\/i0.wp.com\/victoriavynn.ca\/wp-content\/uploads\/2023\/01\/Staleks-Carbide-Cone.jpg?fit=750%2C1000&ssl=1&resize=700%2C400 2x"},"classes":[]},{"id":9402,"url":"https:\/\/victoriavynn.ca\/fr\/product\/staleks-carbide-nail-drill-bits-corn\/","url_meta":{"origin":9465,"position":3},"title":"Staleks PRO Carbide Nail Drill Bit \"Corn\" (foret \u00e0 clous)","author":"Serge Sahakian","date":"janvier 2, 2023","format":false,"excerpt":"Professional Use \"Corn\" Carbide Nail Drill Bits. Staleks dedicates itself to the product quality. The Steel used for the production of the bits is exceptionally resistant to corrosion and has unmatched hardness, ensuring long-lasting sharpness. We have Partnered with Staleks in Canada to provide a Full Professional Package of Products\u2026","rel":"","context":"Similar post","block_context":{"text":"Similar post","link":""},"img":{"alt_text":"Staleks Best Carbide Nail Drill Bits Corn","src":"https:\/\/i0.wp.com\/victoriavynn.ca\/wp-content\/uploads\/2023\/01\/Staleks-Carbide-Nail-Drill-Bits-2.jpg?fit=750%2C1000&ssl=1&resize=350%2C200","width":350,"height":200,"srcset":"https:\/\/i0.wp.com\/victoriavynn.ca\/wp-content\/uploads\/2023\/01\/Staleks-Carbide-Nail-Drill-Bits-2.jpg?fit=750%2C1000&ssl=1&resize=350%2C200 1x, https:\/\/i0.wp.com\/victoriavynn.ca\/wp-content\/uploads\/2023\/01\/Staleks-Carbide-Nail-Drill-Bits-2.jpg?fit=750%2C1000&ssl=1&resize=525%2C300 1.5x, https:\/\/i0.wp.com\/victoriavynn.ca\/wp-content\/uploads\/2023\/01\/Staleks-Carbide-Nail-Drill-Bits-2.jpg?fit=750%2C1000&ssl=1&resize=700%2C400 2x"},"classes":[]},{"id":9442,"url":"https:\/\/victoriavynn.ca\/fr\/product\/staleks-carbide-bits-for-nails-frustum\/","url_meta":{"origin":9465,"position":4},"title":"Staleks PRO Carbide Nail Drill Bit \"Frustum\" (foret \u00e0 clous)","author":"Serge Sahakian","date":"janvier 3, 2023","format":false,"excerpt":"Professional Use \"Frustum\" Carbide Bits for Nails. Staleks dedicates itself to the product quality. The Steel used for the production of the bits is exceptionally resistant to corrosion and has unmatched hardness, ensuring long-lasting sharpness. We have Partnered with Staleks in Canada to provide a Full Professional Package of Products\u2026","rel":"","context":"Similar post","block_context":{"text":"Similar post","link":""},"img":{"alt_text":"Staleks Best 100% Carbide Bits for Nails Frustum","src":"https:\/\/i0.wp.com\/victoriavynn.ca\/wp-content\/uploads\/2023\/01\/frustum-carbide-drill-bits.jpg?fit=750%2C1000&ssl=1&resize=350%2C200","width":350,"height":200,"srcset":"https:\/\/i0.wp.com\/victoriavynn.ca\/wp-content\/uploads\/2023\/01\/frustum-carbide-drill-bits.jpg?fit=750%2C1000&ssl=1&resize=350%2C200 1x, https:\/\/i0.wp.com\/victoriavynn.ca\/wp-content\/uploads\/2023\/01\/frustum-carbide-drill-bits.jpg?fit=750%2C1000&ssl=1&resize=525%2C300 1.5x, https:\/\/i0.wp.com\/victoriavynn.ca\/wp-content\/uploads\/2023\/01\/frustum-carbide-drill-bits.jpg?fit=750%2C1000&ssl=1&resize=700%2C400 2x"},"classes":[]},{"id":14397,"url":"https:\/\/victoriavynn.ca\/fr\/product\/staleks-pro-flame-carbide-nail-bit\/","url_meta":{"origin":9465,"position":5},"title":"Staleks PRO Carbide Nail Drill Bit \"Flame\" (m\u00e8che \u00e0 clous en carbure)","author":"Serge Sahakian","date":"juillet 5, 2023","format":false,"excerpt":"Staleks PRO Flame Carbide Nail Bit Staleks dedicates itself to the product quality. The Steel used for the production of the bits is exceptionally resistant to corrosion and has unmatched hardness, ensuring long-lasting sharpness. We have Partnered with Staleks in Canada to provide a Full Professional Package of Products to\u2026","rel":"","context":"Similar post","block_context":{"text":"Similar post","link":""},"img":{"alt_text":"Staleks PRO flame carbide nail bit head diameter 5mm working part 13.5mm FT10R050:13.5","src":"https:\/\/i0.wp.com\/victoriavynn.ca\/wp-content\/uploads\/2023\/07\/staleks-pro-flame-carbide-nail-bit-head-diameter-5mm-working-part-13.5mm-ft10r05013.5-.webp?fit=750%2C1000&ssl=1&resize=350%2C200","width":350,"height":200,"srcset":"https:\/\/i0.wp.com\/victoriavynn.ca\/wp-content\/uploads\/2023\/07\/staleks-pro-flame-carbide-nail-bit-head-diameter-5mm-working-part-13.5mm-ft10r05013.5-.webp?fit=750%2C1000&ssl=1&resize=350%2C200 1x, https:\/\/i0.wp.com\/victoriavynn.ca\/wp-content\/uploads\/2023\/07\/staleks-pro-flame-carbide-nail-bit-head-diameter-5mm-working-part-13.5mm-ft10r05013.5-.webp?fit=750%2C1000&ssl=1&resize=525%2C300 1.5x, https:\/\/i0.wp.com\/victoriavynn.ca\/wp-content\/uploads\/2023\/07\/staleks-pro-flame-carbide-nail-bit-head-diameter-5mm-working-part-13.5mm-ft10r05013.5-.webp?fit=750%2C1000&ssl=1&resize=700%2C400 2x"},"classes":[]}],"jetpack_sharing_enabled":true,"_links":{"self":[{"href":"https:\/\/victoriavynn.ca\/fr\/wp-json\/wp\/v2\/product\/9465","targetHints":{"allow":["GET"]}}],"collection":[{"href":"https:\/\/victoriavynn.ca\/fr\/wp-json\/wp\/v2\/product"}],"about":[{"href":"https:\/\/victoriavynn.ca\/fr\/wp-json\/wp\/v2\/types\/product"}],"replies":[{"embeddable":true,"href":"https:\/\/victoriavynn.ca\/fr\/wp-json\/wp\/v2\/comments?post=9465"}],"wp:featuredmedia":[{"embeddable":true,"href":"https:\/\/victoriavynn.ca\/fr\/wp-json\/wp\/v2\/media\/9471"}],"wp:attachment":[{"href":"https:\/\/victoriavynn.ca\/fr\/wp-json\/wp\/v2\/media?parent=9465"}],"wp:term":[{"taxonomy":"product_brand","embeddable":true,"href":"https:\/\/victoriavynn.ca\/fr\/wp-json\/wp\/v2\/product_brand?post=9465"},{"taxonomy":"product_cat","embeddable":true,"href":"https:\/\/victoriavynn.ca\/fr\/wp-json\/wp\/v2\/product_cat?post=9465"},{"taxonomy":"product_tag","embeddable":true,"href":"https:\/\/victoriavynn.ca\/fr\/wp-json\/wp\/v2\/product_tag?post=9465"}],"curies":[{"name":"wp","href":"https:\/\/api.w.org\/{rel}","templated":true}]}}