{"id":971,"date":"2020-03-01T15:30:58","date_gmt":"2020-03-01T20:30:58","guid":{"rendered":"https:\/\/victoriavynn.ca\/?post_type=product&#038;p=971"},"modified":"2026-04-20T14:23:38","modified_gmt":"2026-04-20T18:23:38","slug":"diamond-nails-brillant-gel-victoria-vynn","status":"publish","type":"product","link":"https:\/\/victoriavynn.ca\/fr\/product\/diamond-nails-brillant-gel-victoria-vynn\/","title":{"rendered":"Gel Brillant (Effet Diamant sur les ongles)"},"content":{"rendered":"<h2>Combien de couleurs y a-t-il dans la cat\u00e9gorie des gels brillants ?<\/h2>\n<p>La collection ph\u00e9nom\u00e9nale est une galerie de <strong>56 couleurs<\/strong>La beaut\u00e9 des ongles suscite des \u00e9motions uniques et souligne la d\u00e9licatesse de l'instant.<\/p>\n<p>Victoria VYNN, la marque de vernis gel la plus vendue au Canada, fournit aux proth\u00e9sistes ongulaires et aux professionnels des produits de haute qualit\u00e9 pour cr\u00e9er des finitions d'ongles \u00e9tonnantes.<\/p>\n<p>Combinez avec notre <a href=\"https:\/\/victoriavynn.ca\/fr\/vernis-a-ongles-professionnel-en-gel\/couleurs-dongles-professionnelles-en-gel\/\">Couleurs de vernis \u00e0 ongles en gel de salon<\/a> ou <a href=\"https:\/\/victoriavynn.ca\/fr\/vernis-a-ongles-hybrides\/couleurs-dongles-hybrides-en-gel\/\">Couleurs du vernis \u00e0 ongles gel hybride cr\u00e9meux et pur<\/a> et obtenir des r\u00e9sultats \u00e9tonnants !<\/p>\n<h3>Envie d'en savoir plus <a href=\"https:\/\/victoriavynn.ca\/fr\/fournitures-pour-lart-de-longle\/\">Produits de manucure<\/a>?<\/h3>\n<p>Consultez r\u00e9guli\u00e8rement notre site pour <a href=\"https:\/\/victoriavynn.ca\/fr\/nouvelle-collection-de-gel-pour-les-ongles-2023\/\">nouveaux produits<\/a>!<\/p>","protected":false},"excerpt":{"rendered":"<h2>Qu'est-ce qu'un clou de gemme ?<\/h2>\n<p>Les diamants sont faits de diamants ! Et c'est exactement l'effet que donne notre nouveau gel Victoria VYNN Brillant. C'est ce que nous appelons des ongles diamant\u00e9s ! La collection ph\u00e9nom\u00e9nale est une galerie de 56 couleurs, dont la beaut\u00e9 est transf\u00e9r\u00e9e sur les ongles, suscite des \u00e9motions uniques et souligne la d\u00e9licatesse du moment.<\/p>\n<p>Le gel Brillant peut \u00eatre utilis\u00e9 pour d\u00e9corer n'importe quelle stylisation ou \u00eatre appliqu\u00e9 sur l'ensemble de l'ongle. Il donne un effet de bijou multidimensionnel et multicolore sur les ongles. Durcit sous lampes UV et LED.<\/p>\n<p>Vous \u00eates \u00e0 la recherche d'une exp\u00e9rience luxueuse et \u00e9l\u00e9gante pour les ongles de diamant et le spa ? Ne cherchez pas plus loin que Victoria VYNN Brillant Gel Series !<\/p>","protected":false},"featured_media":16276,"comment_status":"open","ping_status":"closed","template":"","meta":{"jetpack_post_was_ever_published":false,"jetpack_publicize_message":"","jetpack_publicize_feature_enabled":true,"jetpack_social_post_already_shared":false,"jetpack_social_options":{"image_generator_settings":{"template":"highway","default_image_id":0,"font":"","enabled":false},"version":2}},"product_brand":[],"product_cat":[23],"product_tag":[80,604],"class_list":{"0":"post-971","1":"product","2":"type-product","3":"status-publish","4":"has-post-thumbnail","6":"product_cat-brillant-gel-diamond-nail-design","7":"product_tag-brillant-gel-diamond-nails-colors","8":"product_tag-nail-art","9":"product_shipping_class-cardboard-box","10":"pa_size-5g","12":"first","13":"instock","14":"taxable","15":"shipping-taxable","16":"purchasable","17":"product-type-variable"},"jetpack_publicize_connections":[],"jetpack-related-posts":[{"id":4401,"url":"https:\/\/victoriavynn.ca\/fr\/product\/best-diamond-blue-nails-033-emerald-ocean\/","url_meta":{"origin":971,"position":0},"title":"Pure Creamy Hybrid Gel Polish No. 033 Emerald Ocean","author":"Serge Sahakian","date":"septembre 2, 2022","format":false,"excerpt":"Des ongles bleu diamant \u00e9tonnants ! Victoria VYNN Pure Creamy Hybrid High Pigment Gel Polish 033 Emerald Ocean est un bleu \u00e9meraude dont il est impossible de ne pas tomber amoureux. Le plus grand distributeur canadien de fournitures professionnelles pour les ongles. Achetez en toute confiance ! Sp\u00e9cifications du produit :               Disponibilit\u00e9 du stock :","rel":"","context":"Similar post","block_context":{"text":"Similar post","link":""},"img":{"alt_text":"Best Diamond Blue Nails Victoria VYNN Pure Creany Hybrid 033 Emerald Ocean","src":"https:\/\/i0.wp.com\/victoriavynn.ca\/wp-content\/uploads\/2022\/09\/Best-Diamond-Blue-Nails-Victoria-VYNN-Pure-Creany-Hybrid-033-Emerald-Ocean-.webp?fit=750%2C1000&ssl=1&resize=350%2C200","width":350,"height":200,"srcset":"https:\/\/i0.wp.com\/victoriavynn.ca\/wp-content\/uploads\/2022\/09\/Best-Diamond-Blue-Nails-Victoria-VYNN-Pure-Creany-Hybrid-033-Emerald-Ocean-.webp?fit=750%2C1000&ssl=1&resize=350%2C200 1x, https:\/\/i0.wp.com\/victoriavynn.ca\/wp-content\/uploads\/2022\/09\/Best-Diamond-Blue-Nails-Victoria-VYNN-Pure-Creany-Hybrid-033-Emerald-Ocean-.webp?fit=750%2C1000&ssl=1&resize=525%2C300 1.5x, https:\/\/i0.wp.com\/victoriavynn.ca\/wp-content\/uploads\/2022\/09\/Best-Diamond-Blue-Nails-Victoria-VYNN-Pure-Creany-Hybrid-033-Emerald-Ocean-.webp?fit=750%2C1000&ssl=1&resize=700%2C400 2x"},"classes":[]},{"id":1229,"url":"https:\/\/victoriavynn.ca\/fr\/product\/marble-nails-blur-ink\/","url_meta":{"origin":971,"position":1},"title":"Blur Ink (Effet de marbre pour vernis \u00e0 ongles en gel)","author":"Serge Sahakian","date":"mars 15, 2020","format":false,"excerpt":"Victoria VYNN Blur Ink est une fantastique collection de seize encres color\u00e9es pour les d\u00e9corations de nail art. Parfait pour les ongles marbr\u00e9s, la fum\u00e9e, la tache et les dessins aquarell\u00e9s. Victoria VYNN, la marque de vernis gel la plus vendue au Canada, fournit aux proth\u00e9sistes ongulaires et aux professionnels des produits de haute qualit\u00e9 pour cr\u00e9er d'\u00e9tonnantes finitions de nail art.....","rel":"","context":"Similar post","block_context":{"text":"Similar post","link":""},"img":{"alt_text":"Marble Nails Blur Ink","src":"https:\/\/i0.wp.com\/victoriavynn.ca\/wp-content\/uploads\/2020\/03\/Blur-Ink.png?fit=1000%2C1000&ssl=1&resize=350%2C200","width":350,"height":200,"srcset":"https:\/\/i0.wp.com\/victoriavynn.ca\/wp-content\/uploads\/2020\/03\/Blur-Ink.png?fit=1000%2C1000&ssl=1&resize=350%2C200 1x, https:\/\/i0.wp.com\/victoriavynn.ca\/wp-content\/uploads\/2020\/03\/Blur-Ink.png?fit=1000%2C1000&ssl=1&resize=525%2C300 1.5x, https:\/\/i0.wp.com\/victoriavynn.ca\/wp-content\/uploads\/2020\/03\/Blur-Ink.png?fit=1000%2C1000&ssl=1&resize=700%2C400 2x"},"classes":[]},{"id":16080,"url":"https:\/\/victoriavynn.ca\/fr\/product\/victoria-vynn-pure-red-fall-nails-249\/","url_meta":{"origin":971,"position":2},"title":"Victoria VYNN Pure Creamy Hybrid Gel Polish No. 249 Fiery Leaf (Feuille de feu)","author":"Serge Sahakian","date":"octobre 19, 2023","format":false,"excerpt":"Ongles rouges d'automne ! Pr\u00e9parez-vous pour l'automne avec de superbes ongles rouges en gel : Une tendance incontournable. La couleur id\u00e9ale des ongles d'automne rouge orang\u00e9.  Embrassez le temps douillet et montrez votre c\u00f4t\u00e9 \u00e9l\u00e9gant avec cette audacieuse et belle couleur d'ongles d'automne en gel rouge. Collection : Pure Creamy...","rel":"","context":"Similar post","block_context":{"text":"Similar post","link":""},"img":{"alt_text":"victoria vynn pure creamy hybrid red fall nails earthy collection no. 249 fierry leaf","src":"https:\/\/i0.wp.com\/victoriavynn.ca\/wp-content\/uploads\/2023\/10\/victoria-vynn-pure-creamy-hybrid-fall-2023-earthy-collection-no.-249-fierry-leaf.webp?fit=750%2C1000&ssl=1&resize=350%2C200","width":350,"height":200,"srcset":"https:\/\/i0.wp.com\/victoriavynn.ca\/wp-content\/uploads\/2023\/10\/victoria-vynn-pure-creamy-hybrid-fall-2023-earthy-collection-no.-249-fierry-leaf.webp?fit=750%2C1000&ssl=1&resize=350%2C200 1x, https:\/\/i0.wp.com\/victoriavynn.ca\/wp-content\/uploads\/2023\/10\/victoria-vynn-pure-creamy-hybrid-fall-2023-earthy-collection-no.-249-fierry-leaf.webp?fit=750%2C1000&ssl=1&resize=525%2C300 1.5x, https:\/\/i0.wp.com\/victoriavynn.ca\/wp-content\/uploads\/2023\/10\/victoria-vynn-pure-creamy-hybrid-fall-2023-earthy-collection-no.-249-fierry-leaf.webp?fit=750%2C1000&ssl=1&resize=700%2C400 2x"},"classes":[]},{"id":1273,"url":"https:\/\/victoriavynn.ca\/fr\/product\/painter-high-pigment-nail-paints\/","url_meta":{"origin":971,"position":3},"title":"Peintres \u00e0 ongles \u00e0 haut pigment","author":"Serge Sahakian","date":"mars 15, 2020","format":false,"excerpt":"Victoria VYNN Painter High Pigment sont des pigments de gel de peinture pour ongles de haute qualit\u00e9 avec des couleurs profondes et une consistance \u00e9paisse. Le gel Victoria VYNN Painter peut \u00eatre utilis\u00e9 pour cr\u00e9er des ongles Ombre fantastiques. La marque de vernis en gel la plus vendue au Canada, Victoria VYNN, fournit aux proth\u00e9sistes ongulaires et aux professionnels des produits de haute qualit\u00e9 pour...","rel":"","context":"Similar post","block_context":{"text":"Similar post","link":""},"img":{"alt_text":"High Pigment Nail Paint","src":"https:\/\/i0.wp.com\/victoriavynn.ca\/wp-content\/uploads\/2020\/03\/High-Pigment-Nail-Paint.png?fit=1000%2C1000&ssl=1&resize=350%2C200","width":350,"height":200,"srcset":"https:\/\/i0.wp.com\/victoriavynn.ca\/wp-content\/uploads\/2020\/03\/High-Pigment-Nail-Paint.png?fit=1000%2C1000&ssl=1&resize=350%2C200 1x, https:\/\/i0.wp.com\/victoriavynn.ca\/wp-content\/uploads\/2020\/03\/High-Pigment-Nail-Paint.png?fit=1000%2C1000&ssl=1&resize=525%2C300 1.5x, https:\/\/i0.wp.com\/victoriavynn.ca\/wp-content\/uploads\/2020\/03\/High-Pigment-Nail-Paint.png?fit=1000%2C1000&ssl=1&resize=700%2C400 2x"},"classes":[]},{"id":4929,"url":"https:\/\/victoriavynn.ca\/fr\/product\/silver-glitter-gel-nail-polish-225\/","url_meta":{"origin":971,"position":4},"title":"Vernis gel de salon n\u00b0 225 Carat Silver Diamond","author":"Serge Sahakian","date":"septembre 4, 2022","format":false,"excerpt":"L'\u00e9blouissante ligne Carat Collection a \u00e9t\u00e9 cr\u00e9\u00e9e pour les bijoux, les designs \u00e9l\u00e9gants. Vous pouvez utiliser le vernis Carat pour recouvrir toute la plaque, seulement les pointes ou l'utiliser pour r\u00e9aliser des d\u00e9tails \u00e9tincelants. Carat Silver Diamond est un argent avec des paillettes multicolores. Victoria VYNN Gel Polish Color, la meilleure vente au Canada, est un vernis...","rel":"","context":"Similar post","block_context":{"text":"Similar post","link":""},"img":{"alt_text":"silver glitter gel nail polish","src":"https:\/\/i0.wp.com\/victoriavynn.ca\/wp-content\/uploads\/2022\/09\/gel-polish-225.png?fit=1000%2C1000&ssl=1&resize=350%2C200","width":350,"height":200,"srcset":"https:\/\/i0.wp.com\/victoriavynn.ca\/wp-content\/uploads\/2022\/09\/gel-polish-225.png?fit=1000%2C1000&ssl=1&resize=350%2C200 1x, https:\/\/i0.wp.com\/victoriavynn.ca\/wp-content\/uploads\/2022\/09\/gel-polish-225.png?fit=1000%2C1000&ssl=1&resize=525%2C300 1.5x, https:\/\/i0.wp.com\/victoriavynn.ca\/wp-content\/uploads\/2022\/09\/gel-polish-225.png?fit=1000%2C1000&ssl=1&resize=700%2C400 2x"},"classes":[]},{"id":2878,"url":"https:\/\/victoriavynn.ca\/fr\/product\/nail-art-gel-3d-creamy-white\/","url_meta":{"origin":971,"position":5},"title":"Gel de salon pour ongles 3D UV\/LED blanc cr\u00e8me","author":"Serge Sahakian","date":"ao\u00fbt 18, 2022","format":false,"excerpt":"Victoria VYNN 3D UV\/LED Gel sont des gels de nail art \u00e0 forte pigmentation, recommand\u00e9s pour divers types de d\u00e9corations ou comme couche uniforme sur les ongles. Durcis dans une lampe UV et LED. La marque de vernis gel la plus vendue au Canada, Victoria VYNN, fournit aux proth\u00e9sistes ongulaires et aux professionnels...","rel":"","context":"Similar post","block_context":{"text":"Similar post","link":""},"img":{"alt_text":"3d nail art gel","src":"https:\/\/i0.wp.com\/victoriavynn.ca\/wp-content\/uploads\/2022\/08\/art-gel-3d-01-creamy-white-5ml.jpeg?fit=753%2C753&ssl=1&resize=350%2C200","width":350,"height":200,"srcset":"https:\/\/i0.wp.com\/victoriavynn.ca\/wp-content\/uploads\/2022\/08\/art-gel-3d-01-creamy-white-5ml.jpeg?fit=753%2C753&ssl=1&resize=350%2C200 1x, https:\/\/i0.wp.com\/victoriavynn.ca\/wp-content\/uploads\/2022\/08\/art-gel-3d-01-creamy-white-5ml.jpeg?fit=753%2C753&ssl=1&resize=525%2C300 1.5x, https:\/\/i0.wp.com\/victoriavynn.ca\/wp-content\/uploads\/2022\/08\/art-gel-3d-01-creamy-white-5ml.jpeg?fit=753%2C753&ssl=1&resize=700%2C400 2x"},"classes":[]}],"jetpack_sharing_enabled":true,"_links":{"self":[{"href":"https:\/\/victoriavynn.ca\/fr\/wp-json\/wp\/v2\/product\/971","targetHints":{"allow":["GET"]}}],"collection":[{"href":"https:\/\/victoriavynn.ca\/fr\/wp-json\/wp\/v2\/product"}],"about":[{"href":"https:\/\/victoriavynn.ca\/fr\/wp-json\/wp\/v2\/types\/product"}],"replies":[{"embeddable":true,"href":"https:\/\/victoriavynn.ca\/fr\/wp-json\/wp\/v2\/comments?post=971"}],"wp:featuredmedia":[{"embeddable":true,"href":"https:\/\/victoriavynn.ca\/fr\/wp-json\/wp\/v2\/media\/16276"}],"wp:attachment":[{"href":"https:\/\/victoriavynn.ca\/fr\/wp-json\/wp\/v2\/media?parent=971"}],"wp:term":[{"taxonomy":"product_brand","embeddable":true,"href":"https:\/\/victoriavynn.ca\/fr\/wp-json\/wp\/v2\/product_brand?post=971"},{"taxonomy":"product_cat","embeddable":true,"href":"https:\/\/victoriavynn.ca\/fr\/wp-json\/wp\/v2\/product_cat?post=971"},{"taxonomy":"product_tag","embeddable":true,"href":"https:\/\/victoriavynn.ca\/fr\/wp-json\/wp\/v2\/product_tag?post=971"}],"curies":[{"name":"wp","href":"https:\/\/api.w.org\/{rel}","templated":true}]}}