{"id":9721,"date":"2023-01-07T21:36:21","date_gmt":"2023-01-08T02:36:21","guid":{"rendered":"https:\/\/victoriavynn.ca\/?post_type=product&#038;p=9721"},"modified":"2026-03-04T18:50:14","modified_gmt":"2026-03-04T23:50:14","slug":"staleks-smart-50-5-meilleur-repousse-cuticules","status":"publish","type":"product","link":"https:\/\/victoriavynn.ca\/fr\/product\/staleks-smart-50-5-best-cuticle-pusher\/","title":{"rendered":"Staleks Smart 50 Type 5 Poussoir arrondi et nettoyeur droit"},"content":{"rendered":"<div class=\"elementor-element elementor-element-ccfb871 elementor-widget elementor-widget-heading\" data-id=\"ccfb871\" data-element_type=\"widget\" data-widget_type=\"heading.default\">\n<div class=\"elementor-widget-container\">\n<p>Le meilleur pousse-cuticules de la manucure professionnelle.<\/p>\n<p class=\"elementor-heading-title elementor-size-default\">Qualit\u00e9 des produits Staleks<\/p>\n<\/div>\n<\/div>\n<div class=\"elementor-element elementor-element-145f648 u-links-anim-ul elementor-widget elementor-widget-text-editor\" data-id=\"145f648\" data-element_type=\"widget\" data-widget_type=\"text-editor.default\">\n<div class=\"elementor-widget-container\">\n<p>Staleks se consacre \u00e0 la qualit\u00e9 du produit. Le cycle de production comprend des processus d'assurance qualit\u00e9 \u00e0 l'entr\u00e9e et \u00e0 la sortie. La qualit\u00e9 des mati\u00e8res premi\u00e8res entrantes est v\u00e9rifi\u00e9e dans les laboratoires certifi\u00e9s o\u00f9 les aspects physiques et chimiques de l'acier sont analys\u00e9s. Un acier inoxydable de qualit\u00e9 m\u00e9dicale import\u00e9 d'Espagne est utilis\u00e9 pour la fabrication de tous les instruments. Ce type d'acier est exceptionnellement r\u00e9sistant \u00e0 la corrosion et poss\u00e8de une duret\u00e9 in\u00e9gal\u00e9e, garantissant un tranchant durable. L'acier est utilis\u00e9 pour les gammes d'instruments \u00e0 usage professionnel et domestique.<\/p>\n<p>L'assurance qualit\u00e9 de la production est assur\u00e9e par le d\u00e9partement CQ. Les sp\u00e9cialistes du CQ v\u00e9rifient la conformit\u00e9 de tous les produits aux r\u00e8glements et aux normes. Si des d\u00e9fauts sont constat\u00e9s, l'instrument est renvoy\u00e9 pour \u00eatre retravaill\u00e9. Cette approche m\u00e9ticuleuse garantit que seuls les produits de haute qualit\u00e9 r\u00e9pondant \u00e0 toutes les normes sont mis sur le march\u00e9.<\/p>\n<p>Staleks a mis en place la norme ISO 9001:2015, un syst\u00e8me de gestion de la qualit\u00e9 efficace et conforme aux normes internationales. Une gestion comp\u00e9tente du cycle de travail est le facteur cl\u00e9 de la fabrication de produits de premier ordre.<\/p>\n<p>Meilleure qualit\u00e9 Smart Manicure Best Cuticle Pusher.<\/p>\n<\/div>\n<\/div>","protected":false},"excerpt":{"rendered":"<p>Le meilleur pousse-cuticules de la manucure professionnelle.<\/p>\n<p>Staleks se consacre \u00e0 la qualit\u00e9 de ses produits. L'acier utilis\u00e9 pour la production des embouts est exceptionnellement r\u00e9sistant \u00e0 la corrosion et poss\u00e8de une duret\u00e9 in\u00e9gal\u00e9e, garantissant un tranchant durable.<\/p>\n<p>Nous nous sommes associ\u00e9s \u00e0 Staleks au Canada pour fournir un ensemble complet de produits professionnels destin\u00e9s \u00e0 rendre le travail du proth\u00e9siste ongulaire totalement id\u00e9al.<\/p>","protected":false},"featured_media":9725,"comment_status":"open","ping_status":"closed","template":"","meta":{"jetpack_post_was_ever_published":false,"jetpack_publicize_message":"","jetpack_publicize_feature_enabled":true,"jetpack_social_post_already_shared":false,"jetpack_social_options":{"image_generator_settings":{"template":"highway","default_image_id":0,"font":"","enabled":false},"version":2}},"product_brand":[935],"product_cat":[362],"product_tag":[606,368],"class_list":{"0":"post-9721","1":"product","2":"type-product","3":"status-publish","4":"has-post-thumbnail","6":"product_brand-staleks","7":"product_cat-staleks-cuticle-pushers","8":"product_tag-cuticle-pushers","9":"product_tag-staleks-smart-series","10":"product_shipping_class-cardboard-box","11":"pa_size-type-5","13":"first","14":"instock","15":"taxable","16":"shipping-taxable","17":"purchasable","18":"product-type-simple"},"jetpack_publicize_connections":[],"jetpack-related-posts":[{"id":10193,"url":"https:\/\/victoriavynn.ca\/fr\/product\/2in1-manicure-cuticle-pusher-smart-70-1\/","url_meta":{"origin":9721,"position":0},"title":"Staleks Smart 70 Type 1 Pince \u00e0 manucure droite et arrondie","author":"Serge Sahakian","date":"janvier 22, 2023","format":false,"excerpt":"Pince \u00e0 cuticules 2 en 1 pour manucure de haute qualit\u00e9. Staleks se consacre \u00e0 la qualit\u00e9 de ses produits. L'acier utilis\u00e9 pour la production des embouts est exceptionnellement r\u00e9sistant \u00e0 la corrosion et d'une duret\u00e9 in\u00e9gal\u00e9e, garantissant un tranchant durable. Nous nous sommes associ\u00e9s \u00e0 Staleks au Canada pour fournir un ensemble professionnel complet de...","rel":"","context":"Similar post","block_context":{"text":"Similar post","link":""},"img":{"alt_text":"Best 2in1 Manicure Cuticle Pusher Staleks Smart 70 Type 1 Straight and Rounded Pusher","src":"https:\/\/i0.wp.com\/victoriavynn.ca\/wp-content\/uploads\/2023\/01\/Best-2in1-Manicure-Cuticle-Pusher-Staleks-Smart-70-Type-1-Straight-and-Rounded-Pusher-.webp?fit=750%2C1000&ssl=1&resize=350%2C200","width":350,"height":200,"srcset":"https:\/\/i0.wp.com\/victoriavynn.ca\/wp-content\/uploads\/2023\/01\/Best-2in1-Manicure-Cuticle-Pusher-Staleks-Smart-70-Type-1-Straight-and-Rounded-Pusher-.webp?fit=750%2C1000&ssl=1&resize=350%2C200 1x, https:\/\/i0.wp.com\/victoriavynn.ca\/wp-content\/uploads\/2023\/01\/Best-2in1-Manicure-Cuticle-Pusher-Staleks-Smart-70-Type-1-Straight-and-Rounded-Pusher-.webp?fit=750%2C1000&ssl=1&resize=525%2C300 1.5x, https:\/\/i0.wp.com\/victoriavynn.ca\/wp-content\/uploads\/2023\/01\/Best-2in1-Manicure-Cuticle-Pusher-Staleks-Smart-70-Type-1-Straight-and-Rounded-Pusher-.webp?fit=750%2C1000&ssl=1&resize=700%2C400 2x"},"classes":[]},{"id":9659,"url":"https:\/\/victoriavynn.ca\/fr\/product\/staleks-pc-20-1-manicure-cuticle-pusher\/","url_meta":{"origin":9721,"position":1},"title":"Poussoir \u00e0 manucure Staleks Classic 20 Type 1","author":"Serge Sahakian","date":"janvier 7, 2023","format":false,"excerpt":"Professional Classic Manicure Cuticle Pusher. Staleks dedicates itself to the product quality. The Steel used for the production of the bits is exceptionally resistant to corrosion and has unmatched hardness, ensuring long-lasting sharpness. We have Partnered with Staleks in Canada to provide a Full Professional Package of Products to make\u2026","rel":"","context":"Similar post","block_context":{"text":"Similar post","link":""},"img":{"alt_text":"Staleks High Quality Manicure Cuticle Pusher Classic 20 Type 1","src":"https:\/\/i0.wp.com\/victoriavynn.ca\/wp-content\/uploads\/2023\/01\/CLASSIC-TYPE-20_.png?fit=750%2C1000&ssl=1&resize=350%2C200","width":350,"height":200,"srcset":"https:\/\/i0.wp.com\/victoriavynn.ca\/wp-content\/uploads\/2023\/01\/CLASSIC-TYPE-20_.png?fit=750%2C1000&ssl=1&resize=350%2C200 1x, https:\/\/i0.wp.com\/victoriavynn.ca\/wp-content\/uploads\/2023\/01\/CLASSIC-TYPE-20_.png?fit=750%2C1000&ssl=1&resize=525%2C300 1.5x, https:\/\/i0.wp.com\/victoriavynn.ca\/wp-content\/uploads\/2023\/01\/CLASSIC-TYPE-20_.png?fit=750%2C1000&ssl=1&resize=700%2C400 2x"},"classes":[]},{"id":10177,"url":"https:\/\/victoriavynn.ca\/fr\/product\/staleks-smart-512-best-cuticle-pusher-tool\/","url_meta":{"origin":9721,"position":2},"title":"Staleks Smart 51 Type 2 Pousseur arrondi \u00e0 bout droit et nettoyeur","author":"Serge Sahakian","date":"janvier 22, 2023","format":false,"excerpt":"Outil de repousse-cuticules de la meilleure qualit\u00e9 professionnelle et intelligente. Staleks se consacre \u00e0 la qualit\u00e9 de ses produits. L'acier utilis\u00e9 pour la production des embouts est exceptionnellement r\u00e9sistant \u00e0 la corrosion et d'une duret\u00e9 in\u00e9gal\u00e9e, garantissant un tranchant durable. Nous nous sommes associ\u00e9s \u00e0 Staleks au Canada pour fournir un ensemble professionnel complet de...","rel":"","context":"Similar post","block_context":{"text":"Similar post","link":""},"img":{"alt_text":"Best Cuticle Pusher Tool Staleks Smart 51 Type 2 Rounded Pusher with a straight end and cleaner","src":"https:\/\/i0.wp.com\/victoriavynn.ca\/wp-content\/uploads\/2023\/01\/Best-Cuticle-Pusher-Tool-Staleks-Smart-51-Type-2-Rounded-Pusher-with-a-straight-end-and-cleaner-.webp?fit=750%2C1000&ssl=1&resize=350%2C200","width":350,"height":200,"srcset":"https:\/\/i0.wp.com\/victoriavynn.ca\/wp-content\/uploads\/2023\/01\/Best-Cuticle-Pusher-Tool-Staleks-Smart-51-Type-2-Rounded-Pusher-with-a-straight-end-and-cleaner-.webp?fit=750%2C1000&ssl=1&resize=350%2C200 1x, https:\/\/i0.wp.com\/victoriavynn.ca\/wp-content\/uploads\/2023\/01\/Best-Cuticle-Pusher-Tool-Staleks-Smart-51-Type-2-Rounded-Pusher-with-a-straight-end-and-cleaner-.webp?fit=750%2C1000&ssl=1&resize=525%2C300 1.5x, https:\/\/i0.wp.com\/victoriavynn.ca\/wp-content\/uploads\/2023\/01\/Best-Cuticle-Pusher-Tool-Staleks-Smart-51-Type-2-Rounded-Pusher-with-a-straight-end-and-cleaner-.webp?fit=750%2C1000&ssl=1&resize=700%2C400 2x"},"classes":[]},{"id":9698,"url":"https:\/\/victoriavynn.ca\/fr\/product\/staleks-cuticle-pusher-and-cutter-30-1\/","url_meta":{"origin":9721,"position":3},"title":"Staleks Beauty &amp; Care 30 Type 1 Pusher","author":"Serge Sahakian","date":"janvier 7, 2023","format":false,"excerpt":"Pousse-cuticules et coupe-cuticules professionnels pour manucure classique. Staleks se consacre \u00e0 la qualit\u00e9 de ses produits. L'acier utilis\u00e9 pour la production des embouts est exceptionnellement r\u00e9sistant \u00e0 la corrosion et d'une duret\u00e9 in\u00e9gal\u00e9e, garantissant un tranchant durable. Nous nous sommes associ\u00e9s \u00e0 Staleks au Canada pour fournir un ensemble complet de produits professionnels...","rel":"","context":"Similar post","block_context":{"text":"Similar post","link":""},"img":{"alt_text":"Staleks Best Manicure Cuticle Pusher and Cutter Beauty and Care 30 Type 1","src":"https:\/\/i0.wp.com\/victoriavynn.ca\/wp-content\/uploads\/2023\/01\/STALEKS-BEAUTY-CARE-30-TYPE-1_.png?fit=750%2C1000&ssl=1&resize=350%2C200","width":350,"height":200,"srcset":"https:\/\/i0.wp.com\/victoriavynn.ca\/wp-content\/uploads\/2023\/01\/STALEKS-BEAUTY-CARE-30-TYPE-1_.png?fit=750%2C1000&ssl=1&resize=350%2C200 1x, https:\/\/i0.wp.com\/victoriavynn.ca\/wp-content\/uploads\/2023\/01\/STALEKS-BEAUTY-CARE-30-TYPE-1_.png?fit=750%2C1000&ssl=1&resize=525%2C300 1.5x, https:\/\/i0.wp.com\/victoriavynn.ca\/wp-content\/uploads\/2023\/01\/STALEKS-BEAUTY-CARE-30-TYPE-1_.png?fit=750%2C1000&ssl=1&resize=700%2C400 2x"},"classes":[]},{"id":10172,"url":"https:\/\/victoriavynn.ca\/fr\/product\/smart-50-6-professional-cuticle-pusher\/","url_meta":{"origin":9721,"position":4},"title":"Staleks Smart 50 Type 6 Poussoir arrondi et lame courb\u00e9e","author":"Serge Sahakian","date":"janvier 22, 2023","format":false,"excerpt":"Smart Professional Cuticle Pusher. Staleks dedicates itself to the product quality. The Steel used for the production of the bits is exceptionally resistant to corrosion and has unmatched hardness, ensuring long-lasting sharpness. We have Partnered with Staleks in Canada to provide a Full Professional Package of Products to make the\u2026","rel":"","context":"Similar post","block_context":{"text":"Similar post","link":""},"img":{"alt_text":"Professional Cuticle Pusher Staleks Smart 50 Type 6 Rounded Pusher and bent blade","src":"https:\/\/i0.wp.com\/victoriavynn.ca\/wp-content\/uploads\/2023\/01\/Professional-Cuticle-Pusher-Staleks-Smart-50-Type-6-Rounded-Pusher-and-bent-blade.webp?fit=750%2C1000&ssl=1&resize=350%2C200","width":350,"height":200,"srcset":"https:\/\/i0.wp.com\/victoriavynn.ca\/wp-content\/uploads\/2023\/01\/Professional-Cuticle-Pusher-Staleks-Smart-50-Type-6-Rounded-Pusher-and-bent-blade.webp?fit=750%2C1000&ssl=1&resize=350%2C200 1x, https:\/\/i0.wp.com\/victoriavynn.ca\/wp-content\/uploads\/2023\/01\/Professional-Cuticle-Pusher-Staleks-Smart-50-Type-6-Rounded-Pusher-and-bent-blade.webp?fit=750%2C1000&ssl=1&resize=525%2C300 1.5x, https:\/\/i0.wp.com\/victoriavynn.ca\/wp-content\/uploads\/2023\/01\/Professional-Cuticle-Pusher-Staleks-Smart-50-Type-6-Rounded-Pusher-and-bent-blade.webp?fit=750%2C1000&ssl=1&resize=700%2C400 2x"},"classes":[]},{"id":10182,"url":"https:\/\/victoriavynn.ca\/fr\/product\/smart-50-2-cuticle-pusher-and-cleaner\/","url_meta":{"origin":9721,"position":5},"title":"Staleks Smart 50 Type 2 Pousseur et nettoyeur arrondi","author":"Serge Sahakian","date":"janvier 22, 2023","format":false,"excerpt":"Pince \u00e0 cuticules et nettoyeur professionnel intelligent. Staleks se consacre \u00e0 la qualit\u00e9 de ses produits. L'acier utilis\u00e9 pour la production des embouts est exceptionnellement r\u00e9sistant \u00e0 la corrosion et d'une duret\u00e9 in\u00e9gal\u00e9e, garantissant un tranchant durable. Nous nous sommes associ\u00e9s \u00e0 Staleks au Canada pour fournir un ensemble complet de produits professionnels \u00e0...","rel":"","context":"Similar post","block_context":{"text":"Similar post","link":""},"img":{"alt_text":"Best Cuticle Pusher and cleaner Tool Staleks Smart 50 Type 2 Rounded Pusher and cleaner","src":"https:\/\/i0.wp.com\/victoriavynn.ca\/wp-content\/uploads\/2023\/01\/Best-Cuticle-Pusher-and-cleaner-Tool-Staleks-Smart-50-Type-2-Rounded-Pusher-and-cleaner-.webp?fit=750%2C1000&ssl=1&resize=350%2C200","width":350,"height":200,"srcset":"https:\/\/i0.wp.com\/victoriavynn.ca\/wp-content\/uploads\/2023\/01\/Best-Cuticle-Pusher-and-cleaner-Tool-Staleks-Smart-50-Type-2-Rounded-Pusher-and-cleaner-.webp?fit=750%2C1000&ssl=1&resize=350%2C200 1x, https:\/\/i0.wp.com\/victoriavynn.ca\/wp-content\/uploads\/2023\/01\/Best-Cuticle-Pusher-and-cleaner-Tool-Staleks-Smart-50-Type-2-Rounded-Pusher-and-cleaner-.webp?fit=750%2C1000&ssl=1&resize=525%2C300 1.5x, https:\/\/i0.wp.com\/victoriavynn.ca\/wp-content\/uploads\/2023\/01\/Best-Cuticle-Pusher-and-cleaner-Tool-Staleks-Smart-50-Type-2-Rounded-Pusher-and-cleaner-.webp?fit=750%2C1000&ssl=1&resize=700%2C400 2x"},"classes":[]}],"jetpack_sharing_enabled":true,"_links":{"self":[{"href":"https:\/\/victoriavynn.ca\/fr\/wp-json\/wp\/v2\/product\/9721","targetHints":{"allow":["GET"]}}],"collection":[{"href":"https:\/\/victoriavynn.ca\/fr\/wp-json\/wp\/v2\/product"}],"about":[{"href":"https:\/\/victoriavynn.ca\/fr\/wp-json\/wp\/v2\/types\/product"}],"replies":[{"embeddable":true,"href":"https:\/\/victoriavynn.ca\/fr\/wp-json\/wp\/v2\/comments?post=9721"}],"wp:featuredmedia":[{"embeddable":true,"href":"https:\/\/victoriavynn.ca\/fr\/wp-json\/wp\/v2\/media\/9725"}],"wp:attachment":[{"href":"https:\/\/victoriavynn.ca\/fr\/wp-json\/wp\/v2\/media?parent=9721"}],"wp:term":[{"taxonomy":"product_brand","embeddable":true,"href":"https:\/\/victoriavynn.ca\/fr\/wp-json\/wp\/v2\/product_brand?post=9721"},{"taxonomy":"product_cat","embeddable":true,"href":"https:\/\/victoriavynn.ca\/fr\/wp-json\/wp\/v2\/product_cat?post=9721"},{"taxonomy":"product_tag","embeddable":true,"href":"https:\/\/victoriavynn.ca\/fr\/wp-json\/wp\/v2\/product_tag?post=9721"}],"curies":[{"name":"wp","href":"https:\/\/api.w.org\/{rel}","templated":true}]}}